{"id":2181,"date":"2022-02-12T18:10:07","date_gmt":"2022-02-12T15:10:07","guid":{"rendered":"http:\/\/garantigeridonusum.com\/?page_id=2181"},"modified":"2022-03-07T21:29:44","modified_gmt":"2022-03-07T18:29:44","slug":"laboratuvar","status":"publish","type":"page","link":"https:\/\/garantigeridonusum.com\/en\/laboratuvar\/","title":{"rendered":"Laboratory"},"content":{"rendered":"<div data-elementor-type=\"wp-page\" data-elementor-id=\"2181\" class=\"elementor elementor-2181\" data-elementor-settings=\"[]\">\n\t\t\t\t\t\t\t<div class=\"elementor-section-wrap\">\n\t\t\t\t\t\t\t<section class=\"elementor-section elementor-top-section elementor-element elementor-element-1732edbd elementor-section-boxed elementor-section-height-default elementor-section-height-default row-top\" data-id=\"1732edbd\" data-element_type=\"section\">\n\t\t\t\t\t\t<div class=\"elementor-container elementor-column-gap-default\">\n\t\t\t\t\t<div class=\"elementor-column elementor-col-100 elementor-top-column elementor-element elementor-element-4161ebca column-style-top\" data-id=\"4161ebca\" data-element_type=\"column\">\n\t\t\t<div class=\"elementor-widget-wrap elementor-element-populated\">\n\t\t\t\t\t\t\t\t<div class=\"elementor-element elementor-element-6edba528 elementor-widget elementor-widget-text-editor\" data-id=\"6edba528\" data-element_type=\"widget\" data-widget_type=\"text-editor.default\">\n\t\t\t\t<div class=\"elementor-widget-container\">\n\t\t\t<style>\/*! elementor - v3.5.6 - 28-02-2022 *\/\n.elementor-widget-text-editor.elementor-drop-cap-view-stacked .elementor-drop-cap{background-color:#818a91;color:#fff}.elementor-widget-text-editor.elementor-drop-cap-view-framed .elementor-drop-cap{color:#818a91;border:3px solid;background-color:transparent}.elementor-widget-text-editor:not(.elementor-drop-cap-view-default) .elementor-drop-cap{margin-top:8px}.elementor-widget-text-editor:not(.elementor-drop-cap-view-default) .elementor-drop-cap-letter{width:1em;height:1em}.elementor-widget-text-editor .elementor-drop-cap{float:left;text-align:center;line-height:1;font-size:50px}.elementor-widget-text-editor .elementor-drop-cap-letter{display:inline-block}<\/style>\t\t\t\t<div style=\"text-align: justify;\"><h3 style=\"text-align: center;\">Laboratory<\/h3><hr \/><p><strong>1.Ash Determination<\/strong> According to TS EN ISO 3451-1 Standard, Polyethylene (PE) and Polypropylene (PP) granules are weighed according to the standard, the sample is burned in the muffle furnace at a certain temperature for a certain time, and the polymer in the sample is removed from the environment. By measuring the amount of ash remaining in the sample container, the amount of filler\/additive is found as a percentage. The filling\/reinforcement ratio of the material affects all its properties, especially the mechanical properties.<\/p><p>\u00a0<\/p><p><strong>2.Density Determination:<\/strong> According to TS EN ISO 1183-1 Standard (working with Archimedes' Principle), Density Determination is made to determine the mass of Polyethylene (PE) and Polypropylene (PP) material per unit volume. It is determined by the calculation specified in the standard by weighing the sample first in air and then in a liquid with known density (pure water) with the help of an analytical balance with a sensitivity of 0.001 g and a density kit<\/p><p>\u00a0<\/p><p><strong>3.Determination of MFI Mass Melt Flow Rate:<\/strong> According to TS EN ISO 1133 Standard, it is the flow rate of Granular Polyethylene (PE) and Polypropylene (PP) material in 10 minutes from an orifice under a certain load and at a temperature determined according to the standard. MFI mass melt flow rate determination is important in the customer's process (moulding, injection, extrusion, etc.). The MFI value of each of our produced Polyethylene (PE) and Polypropylene (PP) products is tested and its characteristics are determined.<\/p><p>\u00a0<\/p><p><strong>4.Determination of Volatile Matter Content:<\/strong> It is used to measure the volatile substance content of Polyethylene (PE) and Polypropylene materials at 105\u00b0C according to EN 12009b Standard. Determination of volatile matter content is important in the customer's process (molding, injection, extrusion, etc.). The test is based on the determination of the mass loss of a test piece at a temperature of 105\u00b0C according to the EN 12099b standard.<\/p><p>\u00a0<\/p><p><strong>5.Balance:<\/strong> Thanks to our analytical balance with a measurement capacity of up to 220 grams, precise measurements are taken up to 4 digits after the comma.<\/p><p>\u00a0<\/p><p><strong>6.Desiccator:<\/strong> It is the container that contains a desiccant material in order to protect the materials that are affected by moisture used in our laboratory from moisture.<\/p><\/div>\t\t\t\t\t\t<\/div>\n\t\t\t\t<\/div>\n\t\t\t\t<div class=\"elementor-element elementor-element-46a56043 elementor-widget elementor-widget-gva-gallery\" data-id=\"46a56043\" data-element_type=\"widget\" data-widget_type=\"gva-gallery.default\">\n\t\t\t\t<div class=\"elementor-widget-container\">\n\t\t\t<div class=\"gva-element-gva-gallery gva-element\">\r\n\t<div class=\"gva-gallery-carousel\">\r\n\t\t<div class=\"init-carousel-owl owl-carousel\" data-items=\"3\" data-items_lg=\"3\" data-items_md=\"3\" data-items_sm=\"2\" data-items_xs=\"1\" data-items_xx=\"1\" data-loop=\"1\" data-speed=\"800\" data-auto_play=\"1\" data-auto_play_speed=\"800\" data-auto_play_timeout=\"6000\" data-auto_play_hover=\"1\" data-navigation=\"1\" data-pagination=\"0\" data-mouse_drag=\"1\" data-touch_drag=\"1\" >\r\n\t\t\t<div class=\"item\">\r\n\r\n   <div class=\"gva-gallery gallery-style-2\">\r\n      <div class=\"gallery-item\">\r\n\r\n                     <div class=\"image\">\r\n               <img src=\"https:\/\/garantigeridonusum.com\/wp-content\/uploads\/2020\/12\/yog\u0306unluk_2-600x600.jpg\" alt=\"\" \/>  \r\n            <\/div>\r\n            <a class=\"photo-gallery\" href=\"http:\/\/garantigeridonusum.com\/wp-content\/uploads\/2020\/12\/yog\u0306unluk_2.jpg\" data-elementor-lightbox-slideshow=\"gallery-ggya\"><\/a>\r\n                        <\/div>\r\n   <\/div>\r\n<\/div><div class=\"item\">\r\n\r\n   <div class=\"gva-gallery gallery-style-2\">\r\n      <div class=\"gallery-item\">\r\n\r\n                     <div class=\"image\">\r\n               <img src=\"https:\/\/garantigeridonusum.com\/wp-content\/uploads\/2020\/12\/terazi_2-600x600.jpg\" alt=\"\" \/>  \r\n            <\/div>\r\n            <a class=\"photo-gallery\" href=\"http:\/\/garantigeridonusum.com\/wp-content\/uploads\/2020\/12\/terazi_2.jpg\" data-elementor-lightbox-slideshow=\"gallery-ggya\"><\/a>\r\n                        <\/div>\r\n   <\/div>\r\n<\/div><div class=\"item\">\r\n\r\n   <div class=\"gva-gallery gallery-style-2\">\r\n      <div class=\"gallery-item\">\r\n\r\n                     <div class=\"image\">\r\n               <img src=\"https:\/\/garantigeridonusum.com\/wp-content\/uploads\/2020\/12\/nem_2-600x600.jpg\" alt=\"\" \/>  \r\n            <\/div>\r\n            <a class=\"photo-gallery\" href=\"http:\/\/garantigeridonusum.com\/wp-content\/uploads\/2020\/12\/nem_2.jpg\" data-elementor-lightbox-slideshow=\"gallery-ggya\"><\/a>\r\n                        <\/div>\r\n   <\/div>\r\n<\/div><div class=\"item\">\r\n\r\n   <div class=\"gva-gallery gallery-style-2\">\r\n      <div class=\"gallery-item\">\r\n\r\n                     <div class=\"image\">\r\n               <img src=\"https:\/\/garantigeridonusum.com\/wp-content\/uploads\/2020\/12\/MFI_3-600x600.jpg\" alt=\"\" \/>  \r\n            <\/div>\r\n            <a class=\"photo-gallery\" href=\"http:\/\/garantigeridonusum.com\/wp-content\/uploads\/2020\/12\/MFI_3.jpg\" data-elementor-lightbox-slideshow=\"gallery-ggya\"><\/a>\r\n                        <\/div>\r\n   <\/div>\r\n<\/div><div class=\"item\">\r\n\r\n   <div class=\"gva-gallery gallery-style-2\">\r\n      <div class=\"gallery-item\">\r\n\r\n                     <div class=\"image\">\r\n               <img src=\"https:\/\/garantigeridonusum.com\/wp-content\/uploads\/2020\/12\/MFI_1-600x600.jpg\" alt=\"\" \/>  \r\n            <\/div>\r\n            <a class=\"photo-gallery\" href=\"http:\/\/garantigeridonusum.com\/wp-content\/uploads\/2020\/12\/MFI_1.jpg\" data-elementor-lightbox-slideshow=\"gallery-ggya\"><\/a>\r\n                        <\/div>\r\n   <\/div>\r\n<\/div><div class=\"item\">\r\n\r\n   <div class=\"gva-gallery gallery-style-2\">\r\n      <div class=\"gallery-item\">\r\n\r\n                     <div class=\"image\">\r\n               <img src=\"https:\/\/garantigeridonusum.com\/wp-content\/uploads\/2020\/12\/Ku\u0308l-Testi_2-600x600.jpg\" alt=\"\" \/>  \r\n            <\/div>\r\n            <a class=\"photo-gallery\" href=\"http:\/\/garantigeridonusum.com\/wp-content\/uploads\/2020\/12\/Ku\u0308l-Testi_2.jpg\" data-elementor-lightbox-slideshow=\"gallery-ggya\"><\/a>\r\n                        <\/div>\r\n   <\/div>\r\n<\/div><div class=\"item\">\r\n\r\n   <div class=\"gva-gallery gallery-style-2\">\r\n      <div class=\"gallery-item\">\r\n\r\n                     <div class=\"image\">\r\n               <img src=\"https:\/\/garantigeridonusum.com\/wp-content\/uploads\/2020\/12\/Ku\u0308l-firini_1-600x600.jpg\" alt=\"\" \/>  \r\n            <\/div>\r\n            <a class=\"photo-gallery\" href=\"http:\/\/garantigeridonusum.com\/wp-content\/uploads\/2020\/12\/Ku\u0308l-firini_1.jpg\" data-elementor-lightbox-slideshow=\"gallery-ggya\"><\/a>\r\n                        <\/div>\r\n   <\/div>\r\n<\/div><div class=\"item\">\r\n\r\n   <div class=\"gva-gallery gallery-style-2\">\r\n      <div class=\"gallery-item\">\r\n\r\n                     <div class=\"image\">\r\n               <img src=\"https:\/\/garantigeridonusum.com\/wp-content\/uploads\/2020\/12\/Desikato\u0308r-600x600.jpg\" alt=\"\" \/>  \r\n            <\/div>\r\n            <a class=\"photo-gallery\" href=\"http:\/\/garantigeridonusum.com\/wp-content\/uploads\/2020\/12\/Desikato\u0308r.jpg\" data-elementor-lightbox-slideshow=\"gallery-ggya\"><\/a>\r\n                        <\/div>\r\n   <\/div>\r\n<\/div>\t\t<\/div>\r\n\t<\/div>\r\n<\/div>\t\t<\/div>\n\t\t\t\t<\/div>\n\t\t\t\t\t<\/div>\n\t\t<\/div>\n\t\t\t\t\t\t\t<\/div>\n\t\t<\/section>\n\t\t\t\t\t\t<\/div>\n\t\t\t\t\t<\/div>","protected":false},"excerpt":{"rendered":"<p>Laboratuvar 1. K\u00fcl Tayini : TS EN ISO 3451-1 Standard\u0131na g\u00f6re Polietilen (PE) ve Polipropilen (PP) gran\u00fclleri standarda g\u00f6re tart\u0131l\u0131r, belli bir s\u00fcre belli s\u0131cakl\u0131ktaki k\u00fcl f\u0131r\u0131n\u0131nda numunenin yak\u0131larak, numunenin [&hellip;]<\/p>","protected":false},"author":1,"featured_media":0,"parent":0,"menu_order":0,"comment_status":"closed","ping_status":"closed","template":"","meta":{"inline_featured_image":false},"_links":{"self":[{"href":"https:\/\/garantigeridonusum.com\/en\/wp-json\/wp\/v2\/pages\/2181"}],"collection":[{"href":"https:\/\/garantigeridonusum.com\/en\/wp-json\/wp\/v2\/pages"}],"about":[{"href":"https:\/\/garantigeridonusum.com\/en\/wp-json\/wp\/v2\/types\/page"}],"author":[{"embeddable":true,"href":"https:\/\/garantigeridonusum.com\/en\/wp-json\/wp\/v2\/users\/1"}],"replies":[{"embeddable":true,"href":"https:\/\/garantigeridonusum.com\/en\/wp-json\/wp\/v2\/comments?post=2181"}],"version-history":[{"count":14,"href":"https:\/\/garantigeridonusum.com\/en\/wp-json\/wp\/v2\/pages\/2181\/revisions"}],"predecessor-version":[{"id":2348,"href":"https:\/\/garantigeridonusum.com\/en\/wp-json\/wp\/v2\/pages\/2181\/revisions\/2348"}],"wp:attachment":[{"href":"https:\/\/garantigeridonusum.com\/en\/wp-json\/wp\/v2\/media?parent=2181"}],"curies":[{"name":"wp","href":"https:\/\/api.w.org\/{rel}","templated":true}]}}