{"id":2174,"date":"2022-02-12T18:07:45","date_gmt":"2022-02-12T15:07:45","guid":{"rendered":"http:\/\/garantigeridonusum.com\/?page_id=2174"},"modified":"2023-04-06T12:03:22","modified_gmt":"2023-04-06T09:03:22","slug":"belgelerimiz","status":"publish","type":"page","link":"https:\/\/garantigeridonusum.com\/en\/belgelerimiz\/","title":{"rendered":"Our Documents"},"content":{"rendered":"<div data-elementor-type=\"wp-page\" data-elementor-id=\"2174\" class=\"elementor elementor-2174\" data-elementor-settings=\"[]\">\n\t\t\t\t\t\t\t<div class=\"elementor-section-wrap\">\n\t\t\t\t\t\t\t<section class=\"elementor-section elementor-top-section elementor-element elementor-element-3d164c18 elementor-section-boxed elementor-section-height-default elementor-section-height-default row-top\" data-id=\"3d164c18\" data-element_type=\"section\">\n\t\t\t\t\t\t<div class=\"elementor-container elementor-column-gap-default\">\n\t\t\t\t\t<div class=\"elementor-column elementor-col-100 elementor-top-column elementor-element elementor-element-7ff116f8 column-style-top\" data-id=\"7ff116f8\" data-element_type=\"column\">\n\t\t\t<div class=\"elementor-widget-wrap elementor-element-populated\">\n\t\t\t\t\t\t\t\t<div class=\"elementor-element elementor-element-48234792 elementor-widget elementor-widget-gva-services-group\" data-id=\"48234792\" data-element_type=\"widget\" data-widget_type=\"gva-services-group.default\">\n\t\t\t\t<div class=\"elementor-widget-container\">\n\t\t\t<div class=\"gva-element-gva-services-group gva-element\">\r\n<div class=\"gsc-services-group layout-grid\">\r\n   <div class=\"lg-block-grid-3 md-block-grid-3 sm-block-grid-2 xs-block-grid-2 xx-block-grid-1\">\r\n               <div class=\"item-columns\">\r\n            \r\n\t\r\n\r\n\r\n<!-- Style II -->\r\n   <div class=\"service-item style-2\">\r\n      <div class=\"service-item-content\">\r\n\t\t\t\t\t\t\t<div class=\"service-image\">\r\n\t\t\t\t<img src=\"http:\/\/garantigeridonusum.com\/wp-content\/uploads\/2022\/02\/belge-gorsel-v2.jpg\" alt=\"Gebze S\u0131f\u0131r At\u0131k (PDF)\" \/>\r\n\t\t\t\t<\/div>\r\n\t\t\t\t\r\n\t\t\t<div class=\"service-inner\">\t\r\n\t\t\t\t\t\t\t\t\t<div class=\"box-icon\">\r\n\t\t\t\t\t\t<span class=\"icon\">\r\n\t\t\t\t\t\t<i aria-hidden=\"true\" class=\"fas fa-file-pdf\"><\/i><\/span>\r\n\t\t\t\t\t<\/div>\r\n\t\t\t\t\r\n\t\t\t\t\t\t\t\t\t<h3 class=\"title\"><span>Gebze S\u0131f\u0131r At\u0131k (PDF)<\/span><\/h3>\r\n\t\t\t\t\r\n\t\t\t\t\t\t\t\t\t<div class=\"read-more\">\r\n\t\t\t\t\t\t\t\t  <a href=\"http:\/\/garantigeridonusum.com\/wp-content\/uploads\/2020\/12\/Sifir-Atik-BELGESI\u0307.pdf\" class=\"btn-white\" target=\"_blank\">\r\n\t\t\t Read more\t\t  <\/a>\r\n\t\t  \t\t\t\t\t<\/div>\r\n\t\t\t\t\t\t\t<\/div>\r\n\r\n\t\t<\/div>\r\n\r\n\t\t\t\t  <a href=\"http:\/\/garantigeridonusum.com\/wp-content\/uploads\/2020\/12\/Sifir-Atik-BELGESI\u0307.pdf\" class=\"link-overlay\" target=\"_blank\"><\/a>\r\n\t\t  \t<\/div>\r\n\t\r\n\r\n<!-- Style III & Style IV -->\r\n\t\r\n\r\n         <\/div>\r\n               <div class=\"item-columns\">\r\n            \r\n\t\r\n\r\n\r\n<!-- Style II -->\r\n   <div class=\"service-item style-2\">\r\n      <div class=\"service-item-content\">\r\n\t\t\t\t\t\t\t<div class=\"service-image\">\r\n\t\t\t\t<img src=\"http:\/\/garantigeridonusum.com\/wp-content\/uploads\/2022\/02\/belge-gorsel-v2.jpg\" alt=\"Kartepe S\u0131f\u0131r At\u0131k (PDF)\" \/>\r\n\t\t\t\t<\/div>\r\n\t\t\t\t\r\n\t\t\t<div class=\"service-inner\">\t\r\n\t\t\t\t\t\t\t\t\t<div class=\"box-icon\">\r\n\t\t\t\t\t\t<span class=\"icon\">\r\n\t\t\t\t\t\t<i aria-hidden=\"true\" class=\"fas fa-file-pdf\"><\/i><\/span>\r\n\t\t\t\t\t<\/div>\r\n\t\t\t\t\r\n\t\t\t\t\t\t\t\t\t<h3 class=\"title\"><span>Kartepe S\u0131f\u0131r At\u0131k (PDF)<\/span><\/h3>\r\n\t\t\t\t\r\n\t\t\t\t\t\t\t\t\t<div class=\"read-more\">\r\n\t\t\t\t\t\t\t\t  <a href=\"http:\/\/garantigeridonusum.com\/wp-content\/uploads\/2020\/12\/SifirAtikBelge-1.pdf\" class=\"btn-white\" target=\"_blank\">\r\n\t\t\t Read more\t\t  <\/a>\r\n\t\t  \t\t\t\t\t<\/div>\r\n\t\t\t\t\t\t\t<\/div>\r\n\r\n\t\t<\/div>\r\n\r\n\t\t\t\t  <a href=\"http:\/\/garantigeridonusum.com\/wp-content\/uploads\/2020\/12\/SifirAtikBelge-1.pdf\" class=\"link-overlay\" target=\"_blank\"><\/a>\r\n\t\t  \t<\/div>\r\n\t\r\n\r\n<!-- Style III & Style IV -->\r\n\t\r\n\r\n         <\/div>\r\n               <div class=\"item-columns\">\r\n            \r\n\t\r\n\r\n\r\n<!-- Style II -->\r\n   <div class=\"service-item style-2\">\r\n      <div class=\"service-item-content\">\r\n\t\t\t\t\t\t\t<div class=\"service-image\">\r\n\t\t\t\t<img src=\"http:\/\/garantigeridonusum.com\/wp-content\/uploads\/2022\/02\/belge-gorsel-v2.jpg\" alt=\"RCS Sertifikas\u0131 (PDF)\" \/>\r\n\t\t\t\t<\/div>\r\n\t\t\t\t\r\n\t\t\t<div class=\"service-inner\">\t\r\n\t\t\t\t\t\t\t\t\t<div class=\"box-icon\">\r\n\t\t\t\t\t\t<span class=\"icon\">\r\n\t\t\t\t\t\t<i aria-hidden=\"true\" class=\"fas fa-file-pdf\"><\/i><\/span>\r\n\t\t\t\t\t<\/div>\r\n\t\t\t\t\r\n\t\t\t\t\t\t\t\t\t<h3 class=\"title\"><span>RCS Sertifikas\u0131 (PDF)<\/span><\/h3>\r\n\t\t\t\t\r\n\t\t\t\t\t\t\t\t\t<div class=\"read-more\">\r\n\t\t\t\t\t\t\t\t  <a href=\"https:\/\/garantigeridonusum.com\/wp-content\/uploads\/2020\/12\/301417_RCS_CERTIFICATE_20230214071237-1.pdf\" class=\"btn-white\" target=\"_blank\">\r\n\t\t\t Read more\t\t  <\/a>\r\n\t\t  \t\t\t\t\t<\/div>\r\n\t\t\t\t\t\t\t<\/div>\r\n\r\n\t\t<\/div>\r\n\r\n\t\t\t\t  <a href=\"https:\/\/garantigeridonusum.com\/wp-content\/uploads\/2020\/12\/301417_RCS_CERTIFICATE_20230214071237-1.pdf\" class=\"link-overlay\" target=\"_blank\"><\/a>\r\n\t\t  \t<\/div>\r\n\t\r\n\r\n<!-- Style III & Style IV -->\r\n\t\r\n\r\n         <\/div>\r\n               <div class=\"item-columns\">\r\n            \r\n\t\r\n\r\n\r\n<!-- Style II -->\r\n   <div class=\"service-item style-2\">\r\n      <div class=\"service-item-content\">\r\n\t\t\t\t\t\t\t<div class=\"service-image\">\r\n\t\t\t\t<img src=\"http:\/\/garantigeridonusum.com\/wp-content\/uploads\/2022\/02\/belge-gorsel-v2.jpg\" alt=\"Gebze ISO 14001 (PDF)\" \/>\r\n\t\t\t\t<\/div>\r\n\t\t\t\t\r\n\t\t\t<div class=\"service-inner\">\t\r\n\t\t\t\t\t\t\t\t\t<div class=\"box-icon\">\r\n\t\t\t\t\t\t<span class=\"icon\">\r\n\t\t\t\t\t\t<i aria-hidden=\"true\" class=\"fas fa-file-pdf\"><\/i><\/span>\r\n\t\t\t\t\t<\/div>\r\n\t\t\t\t\r\n\t\t\t\t\t\t\t\t\t<h3 class=\"title\"><span>Gebze ISO 14001 (PDF)<\/span><\/h3>\r\n\t\t\t\t\r\n\t\t\t\t\t\t\t\t\t<div class=\"read-more\">\r\n\t\t\t\t\t\t\t\t  <a href=\"http:\/\/garantigeridonusum.com\/wp-content\/uploads\/2020\/12\/GEBZE-S\u0327UBE-I\u0307SO-14001.pdf\" class=\"btn-white\" target=\"_blank\">\r\n\t\t\t Read more\t\t  <\/a>\r\n\t\t  \t\t\t\t\t<\/div>\r\n\t\t\t\t\t\t\t<\/div>\r\n\r\n\t\t<\/div>\r\n\r\n\t\t\t\t  <a href=\"http:\/\/garantigeridonusum.com\/wp-content\/uploads\/2020\/12\/GEBZE-S\u0327UBE-I\u0307SO-14001.pdf\" class=\"link-overlay\" target=\"_blank\"><\/a>\r\n\t\t  \t<\/div>\r\n\t\r\n\r\n<!-- Style III & Style IV -->\r\n\t\r\n\r\n         <\/div>\r\n               <div class=\"item-columns\">\r\n            \r\n\t\r\n\r\n\r\n<!-- Style II -->\r\n   <div class=\"service-item style-2\">\r\n      <div class=\"service-item-content\">\r\n\t\t\t\t\t\t\t<div class=\"service-image\">\r\n\t\t\t\t<img src=\"http:\/\/garantigeridonusum.com\/wp-content\/uploads\/2022\/02\/belge-gorsel-v2.jpg\" alt=\"Gebze ISO 9001 (PDF)\" \/>\r\n\t\t\t\t<\/div>\r\n\t\t\t\t\r\n\t\t\t<div class=\"service-inner\">\t\r\n\t\t\t\t\t\t\t\t\t<div class=\"box-icon\">\r\n\t\t\t\t\t\t<span class=\"icon\">\r\n\t\t\t\t\t\t<i aria-hidden=\"true\" class=\"fas fa-file-pdf\"><\/i><\/span>\r\n\t\t\t\t\t<\/div>\r\n\t\t\t\t\r\n\t\t\t\t\t\t\t\t\t<h3 class=\"title\"><span>Gebze ISO 9001 (PDF)<\/span><\/h3>\r\n\t\t\t\t\r\n\t\t\t\t\t\t\t\t\t<div class=\"read-more\">\r\n\t\t\t\t\t\t\t\t  <a href=\"https:\/\/garantigeridonusum.com\/wp-content\/uploads\/2020\/12\/GEBZE-SUBE-ISO-9001.pdf\" class=\"btn-white\" target=\"_blank\">\r\n\t\t\t Read more\t\t  <\/a>\r\n\t\t  \t\t\t\t\t<\/div>\r\n\t\t\t\t\t\t\t<\/div>\r\n\r\n\t\t<\/div>\r\n\r\n\t\t\t\t  <a href=\"https:\/\/garantigeridonusum.com\/wp-content\/uploads\/2020\/12\/GEBZE-SUBE-ISO-9001.pdf\" class=\"link-overlay\" target=\"_blank\"><\/a>\r\n\t\t  \t<\/div>\r\n\t\r\n\r\n<!-- Style III & Style IV -->\r\n\t\r\n\r\n         <\/div>\r\n               <div class=\"item-columns\">\r\n            \r\n\t\r\n\r\n\r\n<!-- Style II -->\r\n   <div class=\"service-item style-2\">\r\n      <div class=\"service-item-content\">\r\n\t\t\t\t\t\t\t<div class=\"service-image\">\r\n\t\t\t\t<img src=\"http:\/\/garantigeridonusum.com\/wp-content\/uploads\/2022\/02\/belge-gorsel-v2.jpg\" alt=\"Kartepe ISO 9001 (PDF)\" \/>\r\n\t\t\t\t<\/div>\r\n\t\t\t\t\r\n\t\t\t<div class=\"service-inner\">\t\r\n\t\t\t\t\t\t\t\t\t<div class=\"box-icon\">\r\n\t\t\t\t\t\t<span class=\"icon\">\r\n\t\t\t\t\t\t<i aria-hidden=\"true\" class=\"fas fa-file-pdf\"><\/i><\/span>\r\n\t\t\t\t\t<\/div>\r\n\t\t\t\t\r\n\t\t\t\t\t\t\t\t\t<h3 class=\"title\"><span>Kartepe ISO 9001 (PDF)<\/span><\/h3>\r\n\t\t\t\t\r\n\t\t\t\t\t\t\t\t\t<div class=\"read-more\">\r\n\t\t\t\t\t\t\t\t  <a href=\"https:\/\/garantigeridonusum.com\/wp-content\/uploads\/2020\/12\/Garantiplast-9001-2023.pdf\" class=\"btn-white\" target=\"_blank\">\r\n\t\t\t Read more\t\t  <\/a>\r\n\t\t  \t\t\t\t\t<\/div>\r\n\t\t\t\t\t\t\t<\/div>\r\n\r\n\t\t<\/div>\r\n\r\n\t\t\t\t  <a href=\"https:\/\/garantigeridonusum.com\/wp-content\/uploads\/2020\/12\/Garantiplast-9001-2023.pdf\" class=\"link-overlay\" target=\"_blank\"><\/a>\r\n\t\t  \t<\/div>\r\n\t\r\n\r\n<!-- Style III & Style IV -->\r\n\t\r\n\r\n         <\/div>\r\n               <div class=\"item-columns\">\r\n            \r\n\t\r\n\r\n\r\n<!-- Style II -->\r\n   <div class=\"service-item style-2\">\r\n      <div class=\"service-item-content\">\r\n\t\t\t\t\t\t\t<div class=\"service-image\">\r\n\t\t\t\t<img src=\"http:\/\/garantigeridonusum.com\/wp-content\/uploads\/2022\/02\/belge-gorsel-v2.jpg\" alt=\"Kartepe ISO 14001 (PDF)\" \/>\r\n\t\t\t\t<\/div>\r\n\t\t\t\t\r\n\t\t\t<div class=\"service-inner\">\t\r\n\t\t\t\t\t\t\t\t\t<div class=\"box-icon\">\r\n\t\t\t\t\t\t<span class=\"icon\">\r\n\t\t\t\t\t\t<i aria-hidden=\"true\" class=\"fas fa-file-pdf\"><\/i><\/span>\r\n\t\t\t\t\t<\/div>\r\n\t\t\t\t\r\n\t\t\t\t\t\t\t\t\t<h3 class=\"title\"><span>Kartepe ISO 14001 (PDF)<\/span><\/h3>\r\n\t\t\t\t\r\n\t\t\t\t\t\t\t\t\t<div class=\"read-more\">\r\n\t\t\t\t\t\t\t\t  <a href=\"https:\/\/garantigeridonusum.com\/wp-content\/uploads\/2020\/12\/Garantiplast-14001-2023.pdf\" class=\"btn-white\" target=\"_blank\">\r\n\t\t\t Read more\t\t  <\/a>\r\n\t\t  \t\t\t\t\t<\/div>\r\n\t\t\t\t\t\t\t<\/div>\r\n\r\n\t\t<\/div>\r\n\r\n\t\t\t\t  <a href=\"https:\/\/garantigeridonusum.com\/wp-content\/uploads\/2020\/12\/Garantiplast-14001-2023.pdf\" class=\"link-overlay\" target=\"_blank\"><\/a>\r\n\t\t  \t<\/div>\r\n\t\r\n\r\n<!-- Style III & Style IV -->\r\n\t\r\n\r\n         <\/div>\r\n               <div class=\"item-columns\">\r\n            \r\n\t\r\n\r\n\r\n<!-- Style II -->\r\n   <div class=\"service-item style-2\">\r\n      <div class=\"service-item-content\">\r\n\t\t\t\t\t\t\t<div class=\"service-image\">\r\n\t\t\t\t<img src=\"http:\/\/garantigeridonusum.com\/wp-content\/uploads\/2022\/02\/belge-gorsel-v2.jpg\" alt=\"Kartepe ISO 45001 (PDF)\" \/>\r\n\t\t\t\t<\/div>\r\n\t\t\t\t\r\n\t\t\t<div class=\"service-inner\">\t\r\n\t\t\t\t\t\t\t\t\t<div class=\"box-icon\">\r\n\t\t\t\t\t\t<span class=\"icon\">\r\n\t\t\t\t\t\t<i aria-hidden=\"true\" class=\"fas fa-file-pdf\"><\/i><\/span>\r\n\t\t\t\t\t<\/div>\r\n\t\t\t\t\r\n\t\t\t\t\t\t\t\t\t<h3 class=\"title\"><span>Kartepe ISO 45001 (PDF)<\/span><\/h3>\r\n\t\t\t\t\r\n\t\t\t\t\t\t\t\t\t<div class=\"read-more\">\r\n\t\t\t\t\t\t\t\t  <a href=\"https:\/\/garantigeridonusum.com\/wp-content\/uploads\/2020\/12\/Garantiplast-45001-2023.pdf\" class=\"btn-white\" target=\"_blank\">\r\n\t\t\t Read more\t\t  <\/a>\r\n\t\t  \t\t\t\t\t<\/div>\r\n\t\t\t\t\t\t\t<\/div>\r\n\r\n\t\t<\/div>\r\n\r\n\t\t\t\t  <a href=\"https:\/\/garantigeridonusum.com\/wp-content\/uploads\/2020\/12\/Garantiplast-45001-2023.pdf\" class=\"link-overlay\" target=\"_blank\"><\/a>\r\n\t\t  \t<\/div>\r\n\t\r\n\r\n<!-- Style III & Style IV -->\r\n\t\r\n\r\n         <\/div>\r\n               <div class=\"item-columns\">\r\n            \r\n\t\r\n\r\n\r\n<!-- Style II -->\r\n   <div class=\"service-item style-2\">\r\n      <div class=\"service-item-content\">\r\n\t\t\t\t\t\t\t<div class=\"service-image\">\r\n\t\t\t\t<img src=\"http:\/\/garantigeridonusum.com\/wp-content\/uploads\/2022\/02\/belge-gorsel-v2.jpg\" alt=\"Gebze ISO 45001 (PDF)\" \/>\r\n\t\t\t\t<\/div>\r\n\t\t\t\t\r\n\t\t\t<div class=\"service-inner\">\t\r\n\t\t\t\t\t\t\t\t\t<div class=\"box-icon\">\r\n\t\t\t\t\t\t<span class=\"icon\">\r\n\t\t\t\t\t\t<i aria-hidden=\"true\" class=\"fas fa-file-pdf\"><\/i><\/span>\r\n\t\t\t\t\t<\/div>\r\n\t\t\t\t\r\n\t\t\t\t\t\t\t\t\t<h3 class=\"title\"><span>Gebze ISO 45001 (PDF)<\/span><\/h3>\r\n\t\t\t\t\r\n\t\t\t\t\t\t\t\t\t<div class=\"read-more\">\r\n\t\t\t\t\t\t\t\t  <a href=\"http:\/\/garantigeridonusum.com\/wp-content\/uploads\/2020\/12\/GEBZE-S\u0327UBE-I\u0307SO-45001.pdf\" class=\"btn-white\" target=\"_blank\">\r\n\t\t\t Read more\t\t  <\/a>\r\n\t\t  \t\t\t\t\t<\/div>\r\n\t\t\t\t\t\t\t<\/div>\r\n\r\n\t\t<\/div>\r\n\r\n\t\t\t\t  <a href=\"http:\/\/garantigeridonusum.com\/wp-content\/uploads\/2020\/12\/GEBZE-S\u0327UBE-I\u0307SO-45001.pdf\" class=\"link-overlay\" target=\"_blank\"><\/a>\r\n\t\t  \t<\/div>\r\n\t\r\n\r\n<!-- Style III & Style IV -->\r\n\t\r\n\r\n         <\/div>\r\n         <\/div>   \r\n<\/div>\r\n<\/div>\t\t<\/div>\n\t\t\t\t<\/div>\n\t\t\t\t\t<\/div>\n\t\t<\/div>\n\t\t\t\t\t\t\t<\/div>\n\t\t<\/section>\n\t\t\t\t\t\t<\/div>\n\t\t\t\t\t<\/div>","protected":false},"excerpt":{"rendered":"<p>Gebze S\u0131f\u0131r At\u0131k (PDF) Read more Kartepe S\u0131f\u0131r At\u0131k (PDF) Read more RCS Sertifikas\u0131 (PDF) Read more Gebze ISO 14001 (PDF) Read more Gebze ISO 9001 (PDF) Read more Kartepe [&hellip;]<\/p>","protected":false},"author":1,"featured_media":0,"parent":0,"menu_order":0,"comment_status":"closed","ping_status":"closed","template":"","meta":{"inline_featured_image":false},"_links":{"self":[{"href":"https:\/\/garantigeridonusum.com\/en\/wp-json\/wp\/v2\/pages\/2174"}],"collection":[{"href":"https:\/\/garantigeridonusum.com\/en\/wp-json\/wp\/v2\/pages"}],"about":[{"href":"https:\/\/garantigeridonusum.com\/en\/wp-json\/wp\/v2\/types\/page"}],"author":[{"embeddable":true,"href":"https:\/\/garantigeridonusum.com\/en\/wp-json\/wp\/v2\/users\/1"}],"replies":[{"embeddable":true,"href":"https:\/\/garantigeridonusum.com\/en\/wp-json\/wp\/v2\/comments?post=2174"}],"version-history":[{"count":64,"href":"https:\/\/garantigeridonusum.com\/en\/wp-json\/wp\/v2\/pages\/2174\/revisions"}],"predecessor-version":[{"id":2735,"href":"https:\/\/garantigeridonusum.com\/en\/wp-json\/wp\/v2\/pages\/2174\/revisions\/2735"}],"wp:attachment":[{"href":"https:\/\/garantigeridonusum.com\/en\/wp-json\/wp\/v2\/media?parent=2174"}],"curies":[{"name":"wp","href":"https:\/\/api.w.org\/{rel}","templated":true}]}}