{"id":2166,"date":"2022-02-12T18:04:41","date_gmt":"2022-02-12T15:04:41","guid":{"rendered":"http:\/\/garantigeridonusum.com\/?page_id=2166"},"modified":"2022-02-23T15:54:08","modified_gmt":"2022-02-23T12:54:08","slug":"lisans-ve-izinlerimiz","status":"publish","type":"page","link":"https:\/\/garantigeridonusum.com\/en\/lisans-ve-izinlerimiz\/","title":{"rendered":"License and Permissions"},"content":{"rendered":"<div data-elementor-type=\"wp-page\" data-elementor-id=\"2166\" class=\"elementor elementor-2166\" data-elementor-settings=\"[]\">\n\t\t\t\t\t\t\t<div class=\"elementor-section-wrap\">\n\t\t\t\t\t\t\t<section class=\"elementor-section elementor-top-section elementor-element elementor-element-691b4bc3 elementor-section-boxed elementor-section-height-default elementor-section-height-default row-top\" data-id=\"691b4bc3\" data-element_type=\"section\">\n\t\t\t\t\t\t<div class=\"elementor-container elementor-column-gap-default\">\n\t\t\t\t\t<div class=\"elementor-column elementor-col-100 elementor-top-column elementor-element elementor-element-36b8d5e3 column-style-top\" data-id=\"36b8d5e3\" data-element_type=\"column\">\n\t\t\t<div class=\"elementor-widget-wrap elementor-element-populated\">\n\t\t\t\t\t\t\t\t<div class=\"elementor-element elementor-element-6e5f4481 elementor-widget elementor-widget-gva-services-group\" data-id=\"6e5f4481\" data-element_type=\"widget\" data-widget_type=\"gva-services-group.default\">\n\t\t\t\t<div class=\"elementor-widget-container\">\n\t\t\t<div class=\"gva-element-gva-services-group gva-element\">\r\n<div class=\"gsc-services-group layout-grid\">\r\n   <div class=\"lg-block-grid-3 md-block-grid-3 sm-block-grid-2 xs-block-grid-2 xx-block-grid-1\">\r\n               <div class=\"item-columns\">\r\n            \r\n\t\r\n\r\n\r\n<!-- Style II -->\r\n   <div class=\"service-item style-2\">\r\n      <div class=\"service-item-content\">\r\n\t\t\t\t\t\t\t<div class=\"service-image\">\r\n\t\t\t\t<img src=\"http:\/\/garantigeridonusum.com\/wp-content\/uploads\/2022\/02\/belge-gorsel-v2.jpg\" alt=\"\u00c7evre \u0130zin Lisans\u0131 (PDF)\" \/>\r\n\t\t\t\t<\/div>\r\n\t\t\t\t\r\n\t\t\t<div class=\"service-inner\">\t\r\n\t\t\t\t\t\t\t\t\t<div class=\"box-icon\">\r\n\t\t\t\t\t\t<span class=\"icon\">\r\n\t\t\t\t\t\t<i aria-hidden=\"true\" class=\"fas fa-file-pdf\"><\/i><\/span>\r\n\t\t\t\t\t<\/div>\r\n\t\t\t\t\r\n\t\t\t\t\t\t\t\t\t<h3 class=\"title\"><span>\u00c7evre \u0130zin Lisans\u0131 (PDF)<\/span><\/h3>\r\n\t\t\t\t\r\n\t\t\t\t\t\t\t\t\t<div class=\"read-more\">\r\n\t\t\t\t\t\t\t\t  <a href=\"http:\/\/garantigeridonusum.com\/wp-content\/uploads\/2020\/12\/C\u0327EVRE-I\u0307ZI\u0307N-LI\u0307SANS-2021-2026.pdf\" class=\"btn-white\" target=\"_blank\">\r\n\t\t\t Read more\t\t  <\/a>\r\n\t\t  \t\t\t\t\t<\/div>\r\n\t\t\t\t\t\t\t<\/div>\r\n\r\n\t\t<\/div>\r\n\r\n\t\t\t\t  <a href=\"http:\/\/garantigeridonusum.com\/wp-content\/uploads\/2020\/12\/C\u0327EVRE-I\u0307ZI\u0307N-LI\u0307SANS-2021-2026.pdf\" class=\"link-overlay\" target=\"_blank\"><\/a>\r\n\t\t  \t<\/div>\r\n\t\r\n\r\n<!-- Style III & Style IV -->\r\n\t\r\n\r\n         <\/div>\r\n               <div class=\"item-columns\">\r\n            \r\n\t\r\n\r\n\r\n<!-- Style II -->\r\n   <div class=\"service-item style-2\">\r\n      <div class=\"service-item-content\">\r\n\t\t\t\t\t\t\t<div class=\"service-image\">\r\n\t\t\t\t<img src=\"http:\/\/garantigeridonusum.com\/wp-content\/uploads\/2022\/02\/belge-gorsel-v2.jpg\" alt=\"\u00c7evre \u0130zin Lisans\u0131 (PDF)\" \/>\r\n\t\t\t\t<\/div>\r\n\t\t\t\t\r\n\t\t\t<div class=\"service-inner\">\t\r\n\t\t\t\t\t\t\t\t\t<div class=\"box-icon\">\r\n\t\t\t\t\t\t<span class=\"icon\">\r\n\t\t\t\t\t\t<i aria-hidden=\"true\" class=\"fas fa-file-pdf\"><\/i><\/span>\r\n\t\t\t\t\t<\/div>\r\n\t\t\t\t\r\n\t\t\t\t\t\t\t\t\t<h3 class=\"title\"><span>\u00c7evre \u0130zin Lisans\u0131 (PDF)<\/span><\/h3>\r\n\t\t\t\t\r\n\t\t\t\t\t\t\t\t\t<div class=\"read-more\">\r\n\t\t\t\t\t\t\t\t  <a href=\"http:\/\/garantigeridonusum.com\/wp-content\/uploads\/2020\/12\/CevreIzinveLisansBelgesi-GebzeSube.pdf\" class=\"btn-white\" target=\"_blank\">\r\n\t\t\t Read more\t\t  <\/a>\r\n\t\t  \t\t\t\t\t<\/div>\r\n\t\t\t\t\t\t\t<\/div>\r\n\r\n\t\t<\/div>\r\n\r\n\t\t\t\t  <a href=\"http:\/\/garantigeridonusum.com\/wp-content\/uploads\/2020\/12\/CevreIzinveLisansBelgesi-GebzeSube.pdf\" class=\"link-overlay\" target=\"_blank\"><\/a>\r\n\t\t  \t<\/div>\r\n\t\r\n\r\n<!-- Style III & Style IV -->\r\n\t\r\n\r\n         <\/div>\r\n               <div class=\"item-columns\">\r\n            \r\n\t\r\n\r\n\r\n<!-- Style II -->\r\n   <div class=\"service-item style-2\">\r\n      <div class=\"service-item-content\">\r\n\t\t\t\t\t\t\t<div class=\"service-image\">\r\n\t\t\t\t<img src=\"http:\/\/garantigeridonusum.com\/wp-content\/uploads\/2022\/02\/belge-gorsel-v2.jpg\" alt=\"Gebze TAT (PDF)\" \/>\r\n\t\t\t\t<\/div>\r\n\t\t\t\t\r\n\t\t\t<div class=\"service-inner\">\t\r\n\t\t\t\t\t\t\t\t\t<div class=\"box-icon\">\r\n\t\t\t\t\t\t<span class=\"icon\">\r\n\t\t\t\t\t\t<i aria-hidden=\"true\" class=\"fas fa-file-pdf\"><\/i><\/span>\r\n\t\t\t\t\t<\/div>\r\n\t\t\t\t\r\n\t\t\t\t\t\t\t\t\t<h3 class=\"title\"><span>Gebze TAT (PDF)<\/span><\/h3>\r\n\t\t\t\t\r\n\t\t\t\t\t\t\t\t\t<div class=\"read-more\">\r\n\t\t\t\t\t\t\t\t  <a href=\"http:\/\/garantigeridonusum.com\/wp-content\/uploads\/2020\/12\/GEBZE-TAT.pdf\" class=\"btn-white\" target=\"_blank\">\r\n\t\t\t Read more\t\t  <\/a>\r\n\t\t  \t\t\t\t\t<\/div>\r\n\t\t\t\t\t\t\t<\/div>\r\n\r\n\t\t<\/div>\r\n\r\n\t\t\t\t  <a href=\"http:\/\/garantigeridonusum.com\/wp-content\/uploads\/2020\/12\/GEBZE-TAT.pdf\" class=\"link-overlay\" target=\"_blank\"><\/a>\r\n\t\t  \t<\/div>\r\n\t\r\n\r\n<!-- Style III & Style IV -->\r\n\t\r\n\r\n         <\/div>\r\n               <div class=\"item-columns\">\r\n            \r\n\t\r\n\r\n\r\n<!-- Style II -->\r\n   <div class=\"service-item style-2\">\r\n      <div class=\"service-item-content\">\r\n\t\t\t\t\t\t\t<div class=\"service-image\">\r\n\t\t\t\t<img src=\"http:\/\/garantigeridonusum.com\/wp-content\/uploads\/2022\/02\/belge-gorsel-v2.jpg\" alt=\"Kartepe TAT (PDF)\" \/>\r\n\t\t\t\t<\/div>\r\n\t\t\t\t\r\n\t\t\t<div class=\"service-inner\">\t\r\n\t\t\t\t\t\t\t\t\t<div class=\"box-icon\">\r\n\t\t\t\t\t\t<span class=\"icon\">\r\n\t\t\t\t\t\t<i aria-hidden=\"true\" class=\"fas fa-file-pdf\"><\/i><\/span>\r\n\t\t\t\t\t<\/div>\r\n\t\t\t\t\r\n\t\t\t\t\t\t\t\t\t<h3 class=\"title\"><span>Kartepe TAT (PDF)<\/span><\/h3>\r\n\t\t\t\t\r\n\t\t\t\t\t\t\t\t\t<div class=\"read-more\">\r\n\t\t\t\t\t\t\t\t  <a href=\"http:\/\/garantigeridonusum.com\/wp-content\/uploads\/2020\/12\/TAT-Belgesi-birles\u0327tirildi-1-4.pdf\" class=\"btn-white\" target=\"_blank\">\r\n\t\t\t Read more\t\t  <\/a>\r\n\t\t  \t\t\t\t\t<\/div>\r\n\t\t\t\t\t\t\t<\/div>\r\n\r\n\t\t<\/div>\r\n\r\n\t\t\t\t  <a href=\"http:\/\/garantigeridonusum.com\/wp-content\/uploads\/2020\/12\/TAT-Belgesi-birles\u0327tirildi-1-4.pdf\" class=\"link-overlay\" target=\"_blank\"><\/a>\r\n\t\t  \t<\/div>\r\n\t\r\n\r\n<!-- Style III & Style IV -->\r\n\t\r\n\r\n         <\/div>\r\n         <\/div>   \r\n<\/div>\r\n<\/div>\t\t<\/div>\n\t\t\t\t<\/div>\n\t\t\t\t\t<\/div>\n\t\t<\/div>\n\t\t\t\t\t\t\t<\/div>\n\t\t<\/section>\n\t\t\t\t\t\t<\/div>\n\t\t\t\t\t<\/div>","protected":false},"excerpt":{"rendered":"<p>\u00c7evre \u0130zin Lisans\u0131 (PDF) Read more \u00c7evre \u0130zin Lisans\u0131 (PDF) Read more Gebze TAT (PDF) Read more Kartepe TAT (PDF) Read more<\/p>","protected":false},"author":1,"featured_media":0,"parent":0,"menu_order":0,"comment_status":"closed","ping_status":"closed","template":"","meta":{"inline_featured_image":false},"_links":{"self":[{"href":"https:\/\/garantigeridonusum.com\/en\/wp-json\/wp\/v2\/pages\/2166"}],"collection":[{"href":"https:\/\/garantigeridonusum.com\/en\/wp-json\/wp\/v2\/pages"}],"about":[{"href":"https:\/\/garantigeridonusum.com\/en\/wp-json\/wp\/v2\/types\/page"}],"author":[{"embeddable":true,"href":"https:\/\/garantigeridonusum.com\/en\/wp-json\/wp\/v2\/users\/1"}],"replies":[{"embeddable":true,"href":"https:\/\/garantigeridonusum.com\/en\/wp-json\/wp\/v2\/comments?post=2166"}],"version-history":[{"count":10,"href":"https:\/\/garantigeridonusum.com\/en\/wp-json\/wp\/v2\/pages\/2166\/revisions"}],"predecessor-version":[{"id":2258,"href":"https:\/\/garantigeridonusum.com\/en\/wp-json\/wp\/v2\/pages\/2166\/revisions\/2258"}],"wp:attachment":[{"href":"https:\/\/garantigeridonusum.com\/en\/wp-json\/wp\/v2\/media?parent=2166"}],"curies":[{"name":"wp","href":"https:\/\/api.w.org\/{rel}","templated":true}]}}