{"id":2151,"date":"2022-02-12T17:32:07","date_gmt":"2022-02-12T14:32:07","guid":{"rendered":"http:\/\/garantigeridonusum.com\/?page_id=2151"},"modified":"2024-01-30T14:26:12","modified_gmt":"2024-01-30T11:26:12","slug":"teknoloji","status":"publish","type":"page","link":"https:\/\/garantigeridonusum.com\/en\/teknoloji\/","title":{"rendered":"Technology"},"content":{"rendered":"<div data-elementor-type=\"wp-page\" data-elementor-id=\"2151\" class=\"elementor elementor-2151\" data-elementor-settings=\"[]\">\n\t\t\t\t\t\t\t<div class=\"elementor-section-wrap\">\n\t\t\t\t\t\t\t<section class=\"elementor-section elementor-top-section elementor-element elementor-element-e334987 elementor-section-boxed elementor-section-height-default elementor-section-height-default row-top\" data-id=\"e334987\" data-element_type=\"section\">\n\t\t\t\t\t\t<div class=\"elementor-container elementor-column-gap-default\">\n\t\t\t\t\t<div class=\"elementor-column elementor-col-100 elementor-top-column elementor-element elementor-element-f386373 column-style-top\" data-id=\"f386373\" data-element_type=\"column\">\n\t\t\t<div class=\"elementor-widget-wrap elementor-element-populated\">\n\t\t\t\t\t\t\t\t<div class=\"elementor-element elementor-element-33aa8c4 elementor-widget elementor-widget-be-timeline\" data-id=\"33aa8c4\" data-element_type=\"widget\" data-widget_type=\"be-timeline.default\">\n\t\t\t\t<div class=\"elementor-widget-container\">\n\t\t\t<ul class=\"be-pack timeline\"><li class=\"timeline-inverted\"><div class=\"tl-circ\"><\/div>\n\t\t\t  <div class=\"timeline-panel\">\n\t\t\t\t<div class=\"tl-heading\">\n\t\t\t\t\t<div class=\"tl-content\">\n\t\t\t\t\t\t<div class=\"timeline_pic pull-left\"><img width=\"600\" height=\"600\" src=\"https:\/\/garantigeridonusum.com\/wp-content\/uploads\/2022\/02\/2-600x600.jpeg\" class=\"be-image\" alt=\"\" loading=\"lazy\" srcset=\"https:\/\/garantigeridonusum.com\/wp-content\/uploads\/2022\/02\/2-600x600.jpeg 600w, https:\/\/garantigeridonusum.com\/wp-content\/uploads\/2022\/02\/2-180x180.jpeg 180w, https:\/\/garantigeridonusum.com\/wp-content\/uploads\/2022\/02\/2-300x300.jpeg 300w\" sizes=\"(max-width: 600px) 100vw, 600px\" \/><\/div>\n\t\t\t\t\t\t<div class=\"be-desc\">\n\t\t\t\t\t\t<h4 class=\"be-title\">EXTRUDER MACHINE | 3 PCS<\/h4>\n\t\t\t\t\t\t<div class=\"be-content\">We provide superior performance, high capacity, ease of operation and continuity in the recycling extruders class compared to their competitors, thanks to their durable screw-barrel designs made of wear-resistant alloys and high-tech components, designed for the processing of all kinds of plastic materials.<\/div>\n\t\t\t\t\t\t<\/div>\n\t\t\t\t\t<\/div>\n\t\t\t\t<\/div>\n\t\t\t  <\/div>\n\t\t\t<\/li><li class=\"timeline-right\"><div class=\"tl-circ\"><\/div>\n\t\t\t  <div class=\"timeline-panel\">\n\t\t\t\t<div class=\"tl-heading\">\n\t\t\t\t\t<div class=\"tl-content\">\n\t\t\t\t\t\t<div class=\"timeline_pic pull-left\"><img width=\"600\" height=\"600\" src=\"https:\/\/garantigeridonusum.com\/wp-content\/uploads\/2022\/02\/IMG_24991-600x600.jpg\" class=\"be-image\" alt=\"\" loading=\"lazy\" srcset=\"https:\/\/garantigeridonusum.com\/wp-content\/uploads\/2022\/02\/IMG_24991-600x600.jpg 600w, https:\/\/garantigeridonusum.com\/wp-content\/uploads\/2022\/02\/IMG_24991-180x180.jpg 180w, https:\/\/garantigeridonusum.com\/wp-content\/uploads\/2022\/02\/IMG_24991-300x300.jpg 300w\" sizes=\"(max-width: 600px) 100vw, 600px\" \/><\/div>\n\t\t\t\t\t\t<div class=\"be-desc\">\n\t\t\t\t\t\t<h4 class=\"be-title\">RECYCLING LINE | 3 PCS<\/h4>\n\t\t\t\t\t\t<div class=\"be-content\">When it comes to recycling lines, our high-tech machinery and equipment, which offers extreme functionality, finds professional answers to your needs. With these systems, which we offer to your service at high quality standards, we carry out the recycling processes flawlessly.<\/div>\n\t\t\t\t\t\t<\/div>\n\t\t\t\t\t<\/div>\n\t\t\t\t<\/div>\n\t\t\t  <\/div>\n\t\t\t<\/li><\/ul>\t\t<\/div>\n\t\t\t\t<\/div>\n\t\t\t\t\t<\/div>\n\t\t<\/div>\n\t\t\t\t\t\t\t<\/div>\n\t\t<\/section>\n\t\t\t\t\t\t<\/div>\n\t\t\t\t\t<\/div>","protected":false},"excerpt":{"rendered":"<p>EXTRUDER MAK\u0130NASI | 3 ADET Her \u00e7e\u015fit plastik malzemenin i\u015flenilmesine uygun olarak dizayn edilen, y\u0131pranmaya diren\u00e7li ala\u015f\u0131mlardan imal dayan\u0131kl\u0131 vida-kovan tasar\u0131mlar\u0131 ve y\u00fcksek teknolojili bile\u015finleri sayesinde geri d\u00f6n\u00fc\u015f\u00fcm ekstr\u00fcderleri s\u0131n\u0131f\u0131nda [&hellip;]<\/p>","protected":false},"author":1,"featured_media":0,"parent":0,"menu_order":0,"comment_status":"closed","ping_status":"closed","template":"","meta":{"inline_featured_image":false},"_links":{"self":[{"href":"https:\/\/garantigeridonusum.com\/en\/wp-json\/wp\/v2\/pages\/2151"}],"collection":[{"href":"https:\/\/garantigeridonusum.com\/en\/wp-json\/wp\/v2\/pages"}],"about":[{"href":"https:\/\/garantigeridonusum.com\/en\/wp-json\/wp\/v2\/types\/page"}],"author":[{"embeddable":true,"href":"https:\/\/garantigeridonusum.com\/en\/wp-json\/wp\/v2\/users\/1"}],"replies":[{"embeddable":true,"href":"https:\/\/garantigeridonusum.com\/en\/wp-json\/wp\/v2\/comments?post=2151"}],"version-history":[{"count":40,"href":"https:\/\/garantigeridonusum.com\/en\/wp-json\/wp\/v2\/pages\/2151\/revisions"}],"predecessor-version":[{"id":2820,"href":"https:\/\/garantigeridonusum.com\/en\/wp-json\/wp\/v2\/pages\/2151\/revisions\/2820"}],"wp:attachment":[{"href":"https:\/\/garantigeridonusum.com\/en\/wp-json\/wp\/v2\/media?parent=2151"}],"curies":[{"name":"wp","href":"https:\/\/api.w.org\/{rel}","templated":true}]}}