{"id":1886,"date":"2022-02-02T17:05:21","date_gmt":"2022-02-02T14:05:21","guid":{"rendered":"http:\/\/garantigeridonusum.com\/?page_id=1886"},"modified":"2023-04-07T10:39:13","modified_gmt":"2023-04-07T07:39:13","slug":"kalite","status":"publish","type":"page","link":"https:\/\/garantigeridonusum.com\/en\/kalite\/","title":{"rendered":"Quality"},"content":{"rendered":"<div data-elementor-type=\"wp-page\" data-elementor-id=\"1886\" class=\"elementor elementor-1886\" data-elementor-settings=\"[]\">\n\t\t\t\t\t\t\t<div class=\"elementor-section-wrap\">\n\t\t\t\t\t\t\t<section class=\"elementor-section elementor-top-section elementor-element elementor-element-d48f9d4 elementor-section-boxed elementor-section-height-default elementor-section-height-default row-top\" data-id=\"d48f9d4\" data-element_type=\"section\">\n\t\t\t\t\t\t<div class=\"elementor-container elementor-column-gap-default\">\n\t\t\t\t\t<div class=\"elementor-column elementor-col-100 elementor-top-column elementor-element elementor-element-04431e0 column-style-top\" data-id=\"04431e0\" data-element_type=\"column\">\n\t\t\t<div class=\"elementor-widget-wrap elementor-element-populated\">\n\t\t\t\t\t\t\t\t<div class=\"elementor-element elementor-element-238a418 elementor-widget elementor-widget-text-editor\" data-id=\"238a418\" data-element_type=\"widget\" data-widget_type=\"text-editor.default\">\n\t\t\t\t<div class=\"elementor-widget-container\">\n\t\t\t<style>\/*! elementor - v3.5.6 - 28-02-2022 *\/\n.elementor-widget-text-editor.elementor-drop-cap-view-stacked .elementor-drop-cap{background-color:#818a91;color:#fff}.elementor-widget-text-editor.elementor-drop-cap-view-framed .elementor-drop-cap{color:#818a91;border:3px solid;background-color:transparent}.elementor-widget-text-editor:not(.elementor-drop-cap-view-default) .elementor-drop-cap{margin-top:8px}.elementor-widget-text-editor:not(.elementor-drop-cap-view-default) .elementor-drop-cap-letter{width:1em;height:1em}.elementor-widget-text-editor .elementor-drop-cap{float:left;text-align:center;line-height:1;font-size:50px}.elementor-widget-text-editor .elementor-drop-cap-letter{display:inline-block}<\/style>\t\t\t\t<h3 style=\"font-family: var(--qempo-heading-font-family); text-align: left;\">\u00a0 \u00a0 \u00a0 \u00a0 \u00a0 \u00a0 \u00a0 \u00a0 \u00a0 \u00a0 \u00a0 \u00a0 \u00a0 \u00a0 \u00a0 \u00a0 \u00a0 \u00a0 \u00a0 \u00a0 \u00a0 \u00a0 \u00a0 \u00a0 \u00a0 \u00a0 \u00a0 \u00a0 \u00a0 \u00a0 \u00a0 \u00a0 \u00a0 \u00a0 \u00a0 \u00a0 \u00a0 \u00a0 \u00a0 \u00a0 \u00a0\u00a0<\/h3><h3 style=\"font-family: var(--qempo-heading-font-family); text-align: center;\">Qualty Policies<\/h3><p class=\"MsoNormal\" style=\"margin: 0cm; line-height: normal; font-size: 11pt; font-family: Calibri, sans-serif; caret-color: #000000; color: #000000; font-weight: 400;\"><span style=\"font-size: 12pt; font-family: Arial, sans-serif;\">Modern \u00fcretim hatlar\u0131 ile \u00fcretim yapan Garanti Geri D\u00f6n\u00fc\u015f\u00fcm T\u00fcrk \u00c7evre, \u015eehircilik ve \u0130klim De\u011fi\u015fikli\u011fi Bakanl\u0131\u011f\u0131 taraf\u0131ndan verilen geri d\u00f6n\u00fc\u015f\u00fcm lisans\u0131n\u0131 almaya hak kazanm\u0131\u015ft\u0131r.<\/span><\/p><p class=\"MsoNormal\" style=\"margin: 0cm; line-height: normal; font-size: 11pt; font-family: Calibri, sans-serif; caret-color: #000000; color: #000000; font-weight: 400;\"><span style=\"font-size: 12pt; font-family: Arial, sans-serif;\">\u00a0<\/span><\/p><p class=\"MsoNormal\" style=\"margin: 0cm 0cm 8pt; line-height: normal; font-size: 11pt; font-family: Calibri, sans-serif; caret-color: #000000; color: #000000; font-weight: 400;\"><span style=\"font-size: 12pt; font-family: Arial, sans-serif;\">Garanti Geri D\u00f6n\u00fc\u015f\u00fcm \u00fcretiminde sal\u0131n\u0131m\u0131 olmayan ve hijyenik olma \u00f6zellikleri ile \u00e7evreye zarar vermeyen polimer hammaddelerini kullanmaktad\u0131r. Garanti Geri D\u00f6n\u00fc\u015f\u00fcm b\u00fct\u00fcn g\u00fcnl\u00fck i\u015flerinde daima \u00e7evreyi g\u00f6zeterek i\u015f yapmaktad\u0131r. Garanti Geri D\u00f6n\u00fc\u015f\u00fcm olarak t\u00fcm \u00e7al\u0131\u015fmalar\u0131m\u0131zda \u201cISO 9001 Kalite Y\u00f6netim Sistemi Standard\u0131\u201d temellerine g\u00f6re \u00e7al\u0131\u015fmalar\u0131m\u0131z\u0131 y\u00fcr\u00fctmeyi ve s\u00fcrd\u00fcr\u00fclebilir y\u00f6ntemlerle kaliteyi b\u00fct\u00fcn s\u00fcre\u00e7lerimizde olabilecek en y\u00fcksek standartlarda sa\u011flamay\u0131 hedeflemektedir.<\/span><\/p><p class=\"MsoNormal\" style=\"margin: 0cm 0cm 8pt; line-height: normal; font-size: 11pt; font-family: Calibri, sans-serif; caret-color: #000000; color: #000000; font-weight: 400;\"><span style=\"font-size: 12pt; font-family: Arial, sans-serif;\">Ayr\u0131ca Garanti Geri D\u00f6n\u00fc\u015f\u00fcm\u2019de kalite y\u00f6netim sistemi ile s\u00fcre\u00e7lerin b\u00fct\u00fcn\u00fc takip etmekte ve bu kalite standartlar\u0131n\u0131n artt\u0131r\u0131lmas\u0131 y\u00f6n\u00fcnde de AR-GE \u00e7al\u0131\u015fmalar\u0131 yapmaya devam etmektedir. 2021 y\u0131l\u0131nda Garanti Plastik Kartepe Plastik Geri D\u00f6n\u00fc\u015f\u00fcm Tesisleri\u2019mizde RCS (Recycled Claim Standard) denetim s\u00fcre\u00e7lerini ba\u015far\u0131yla atlatarak bu sertifikay\u0131 almaya kazanan sekt\u00f6r\u00fcm\u00fczdeki ilk \u015firketlerden biri olduk. Kalite y\u00f6netim standard\u0131m\u0131z\u0131 korumay\u0131, geli\u015ftirmeyi ve hep bir ad\u0131m ileri ta\u015f\u0131may\u0131 hedeflemekteyiz.<\/span><\/p><h3 style=\"font-family: var(--qempo-heading-font-family); text-align: left;\">\u00a0 \u00a0 \u00a0 \u00a0 \u00a0 \u00a0 \u00a0 \u00a0 \u00a0 \u00a0 \u00a0 \u00a0 \u00a0 \u00a0 \u00a0 \u00a0 \u00a0 \u00a0 \u00a0 \u00a0 \u00a0 \u00a0 \u00a0 \u00a0 \u00a0 \u00a0 \u00a0 \u00a0 \u00a0 \u00a0 \u00a0 \u00a0 \u00a0 \u00a0 \u00a0 \u00a0 \u00a0 \u00a0 \u00a0<span style=\"color: var(--qempo-body-color); font-family: var(--qempo-font-sans-serif); font-size: 16px; font-weight: 400; text-align: justify;\">\u00a0<\/span><\/h3>\t\t\t\t\t\t<\/div>\n\t\t\t\t<\/div>\n\t\t\t\t\t<\/div>\n\t\t<\/div>\n\t\t\t\t\t\t\t<\/div>\n\t\t<\/section>\n\t\t\t\t<section class=\"elementor-section elementor-top-section elementor-element elementor-element-25a6e731 elementor-section-boxed elementor-section-height-default elementor-section-height-default row-top\" data-id=\"25a6e731\" data-element_type=\"section\">\n\t\t\t\t\t\t<div class=\"elementor-container elementor-column-gap-default\">\n\t\t\t\t\t<div class=\"elementor-column elementor-col-100 elementor-top-column elementor-element elementor-element-4543b9e3 column-style-top\" data-id=\"4543b9e3\" data-element_type=\"column\">\n\t\t\t<div class=\"elementor-widget-wrap elementor-element-populated\">\n\t\t\t\t\t\t\t\t<div class=\"elementor-element elementor-element-2116c325 elementor-widget elementor-widget-text-editor\" data-id=\"2116c325\" data-element_type=\"widget\" data-widget_type=\"text-editor.default\">\n\t\t\t\t<div class=\"elementor-widget-container\">\n\t\t\t\t\t\t\t\t\t\t\t\t\t<\/div>\n\t\t\t\t<\/div>\n\t\t\t\t<div class=\"elementor-element elementor-element-65f833f elementor-widget elementor-widget-text-editor\" data-id=\"65f833f\" data-element_type=\"widget\" data-widget_type=\"text-editor.default\">\n\t\t\t\t<div class=\"elementor-widget-container\">\n\t\t\t\t\t\t\t<h3 style=\"font-family: var(--qempo-heading-font-family);\"><span style=\"color: var(--qempo-body-color); font-family: var(--qempo-font-sans-serif); font-size: 16px; font-weight: 400;\">&nbsp;<\/span><\/h3>\n<div>\n<p class=\"MsoNormal\" style=\"margin: 11.25pt 0cm 0.0001pt; line-height: normal; background-image: initial; background-position: initial; background-size: initial; background-repeat: initial; background-attachment: initial; background-origin: initial; background-clip: initial;\">\n<\/p><\/div>\n<h3 style=\"text-align: center;\">Environments and ISG Policy<\/h3>\n<p class=\"MsoNormal\" style=\"margin: 0cm; line-height: normal; font-size: 11pt; font-family: Calibri, sans-serif; caret-color: #000000; color: #000000; font-style: normal; font-variant-caps: normal; font-weight: 400; letter-spacing: normal; orphans: auto; text-align: start; text-indent: 0px; text-transform: none; white-space: normal; widows: auto; word-spacing: 0px; -webkit-text-size-adjust: auto; -webkit-text-stroke-width: 0px; text-decoration: none; background-color: white;\"><span style=\"font-size: 12pt; font-family: Arial, sans-serif; color: black;\">Garantiplast Geri D\u00f6n\u00fc\u015f\u00fcm Sanayi ve Ticaret Anonim \u015eirketi olarak;<\/span><\/p>\n<p class=\"MsoNormal\" style=\"margin: 0cm 0cm 8pt; line-height: normal; font-size: 11pt; font-family: Calibri, sans-serif; caret-color: #000000; color: #000000; font-style: normal; font-variant-caps: normal; font-weight: 400; letter-spacing: normal; orphans: auto; text-align: start; text-indent: 0px; text-transform: none; white-space: normal; widows: auto; word-spacing: 0px; -webkit-text-size-adjust: auto; -webkit-text-stroke-width: 0px; text-decoration: none; background-color: white;\"><span style=\"font-size: 12pt; font-family: Arial, sans-serif; color: black;\">T\u00fcm faaliyetlerimizde, s\u00fcrd\u00fcr\u00fclebilir ve geli\u015fmeye a\u00e7\u0131k bir gelecek misyonu paralelinde, s\u00fcrd\u00fcr\u00fclebilir bir ya\u015fam i\u00e7in \u00c7evre, \u0130\u015f Sa\u011fl\u0131\u011f\u0131 ve G\u00fcvenli\u011fi performans\u0131n\u0131 art\u0131r\u0131c\u0131 faaliyetlerde bulunuyor, ama\u00e7 ve hedeflerimizi belirlerken a\u015fa\u011f\u0131daki ilkeleri benimsiyoruz.<\/span><\/p>\n<p class=\"MsoNormal\" style=\"margin: 0cm 0cm 8pt; line-height: normal; font-size: 11pt; font-family: Calibri, sans-serif; caret-color: #000000; color: #000000; font-style: normal; font-variant-caps: normal; font-weight: 400; letter-spacing: normal; orphans: auto; text-align: start; text-indent: 0px; text-transform: none; white-space: normal; widows: auto; word-spacing: 0px; -webkit-text-size-adjust: auto; -webkit-text-stroke-width: 0px; text-decoration: none; background-color: white;\"><span style=\"font-size: 12pt; font-family: Arial, sans-serif; color: black;\">Bu ba\u011flamda;<\/span><\/p>\n<p class=\"MsoListParagraphCxSpFirst\" style=\"mso-margin-bottom-alt: auto; margin-left: 21.3pt; mso-add-space: auto; text-indent: -21.3pt; line-height: normal; mso-list: l0 level1 lfo2; background: white;\"><!-- [if !supportLists]--><span style=\"font-size: 12.0pt; font-family: Symbol; mso-fareast-font-family: Symbol; mso-bidi-font-family: Symbol; mso-fareast-language: TR;\"><span style=\"mso-list: Ignore;\">\u00b7<span style=\"font: 7.0pt 'Times New Roman';\">&nbsp;&nbsp;&nbsp;&nbsp;&nbsp;&nbsp;&nbsp;&nbsp;<\/span><\/span><\/span><!--[endif]--><span style=\"font-size: 12pt; font-family: Arial, sans-serif; color: black;\">\u00c7evre ile ilgili t\u00fcm yasal y\u00fck\u00fcml\u00fcl\u00fcklerimizi yerine getirmeyi,&nbsp;<\/span><\/p>\n<p class=\"MsoListParagraphCxSpMiddle\" style=\"mso-margin-bottom-alt: auto; margin-left: 21.3pt; mso-add-space: auto; text-indent: -21.3pt; line-height: normal; mso-list: l1 level1 lfo1; background: white;\"><!-- [if !supportLists]--><span style=\"font-size: 12.0pt; font-family: Symbol; mso-fareast-font-family: Symbol; mso-bidi-font-family: Symbol; mso-fareast-language: TR;\"><span style=\"mso-list: Ignore;\">\u00b7<span style=\"font: 7.0pt 'Times New Roman';\">&nbsp; &nbsp; <\/span><\/span><\/span><span style=\"font-size: 12pt; font-family: Arial, sans-serif; color: black;\">T\u00fcm \u00e7al\u0131\u015fmalar\u0131m\u0131zda \u201cISO 14001 \u00c7evre Y\u00f6netim Sistemi Standard\u0131\u201d ve \u201cISO 45001 \u0130SG Y\u00f6netim Sistemi Standard\u0131\u201d temellerine g\u00f6re \u00e7al\u0131\u015fmalar\u0131m\u0131z\u0131 y\u00fcr\u00fctmeyi,&nbsp;<\/span><\/p>\n<p class=\"MsoListParagraphCxSpMiddle\" style=\"mso-margin-bottom-alt: auto; margin-left: 21.3pt; mso-add-space: auto; text-indent: -21.3pt; line-height: normal; mso-list: l1 level1 lfo1; background: white;\"><!-- [if !supportLists]--><span style=\"font-size: 12.0pt; font-family: Symbol; mso-fareast-font-family: Symbol; mso-bidi-font-family: Symbol; mso-fareast-language: TR;\"><span style=\"mso-list: Ignore;\">\u00b7<span style=\"font: 7.0pt 'Times New Roman';\">&nbsp;&nbsp;<\/span><\/span><\/span><span style=\"font-size: 12pt; font-family: Arial, sans-serif; color: black;\">Faaliyetlerimizi ger\u00e7ekle\u015ftirirken kirlili\u011fin kayna\u011f\u0131nda \u00f6nlenmesi ilkesini benimseyerek, faaliyetlerimizden kaynaklanan hava emisyonlar\u0131m\u0131z\u0131 s\u00fcrekli izleyerek ve kontrol alt\u0131nda tutmay\u0131,&nbsp;<\/span><\/p>\n<p class=\"MsoListParagraphCxSpMiddle\" style=\"mso-margin-bottom-alt: auto; margin-left: 21.3pt; mso-add-space: auto; text-indent: -21.3pt; line-height: normal; mso-list: l1 level1 lfo1; background: white;\"><!-- [if !supportLists]--><span style=\"font-size: 12.0pt; font-family: Symbol; mso-fareast-font-family: Symbol; mso-bidi-font-family: Symbol; mso-fareast-language: TR;\"><span style=\"mso-list: Ignore;\">\u00b7<span style=\"font: 7.0pt 'Times New Roman';\">&nbsp; &nbsp;&nbsp;<\/span><\/span><\/span><!--[endif]--><span style=\"font-size: 12pt; font-family: Arial, sans-serif; color: black;\">\u00c7evre y\u00f6netim sistemimizi s\u00fcrekli iyile\u015ftirmeyi, ba\u015fta \u00e7al\u0131\u015fanlar\u0131m\u0131z olmak \u00fczere t\u00fcm i\u015f a\u011f\u0131m\u0131z\u0131 \u00e7evre alan\u0131nda sorumlu faaliyetler s\u00fcrd\u00fcrmeleri y\u00f6n\u00fcnde te\u015fvik ederek \u00e7evre bilincini geli\u015ftirmeyi,&nbsp;<\/span><\/p>\n<p class=\"MsoListParagraphCxSpMiddle\" style=\"mso-margin-bottom-alt: auto; margin-left: 21.3pt; mso-add-space: auto; text-indent: -21.3pt; line-height: normal; mso-list: l1 level1 lfo1; background: white;\"><!-- [if !supportLists]--><span style=\"font-size: 12.0pt; font-family: Symbol; mso-fareast-font-family: Symbol; mso-bidi-font-family: Symbol; mso-fareast-language: TR;\"><span style=\"mso-list: Ignore;\">\u00b7<span style=\"font: 7.0pt 'Times New Roman';\">&nbsp; &nbsp; &nbsp; &nbsp; &nbsp;<\/span><\/span><\/span><!--[endif]--><span style=\"font-size: 12pt; font-family: Arial, sans-serif; color: black;\">Gelecek i\u00e7in sorumluluk ta\u015f\u0131yarak do\u011fal kaynaklar\u0131 verimli kullanmay\u0131,&nbsp;<\/span><\/p>\n<p class=\"MsoListParagraphCxSpMiddle\" style=\"mso-margin-bottom-alt: auto; margin-left: 21.3pt; mso-add-space: auto; text-indent: -21.3pt; line-height: normal; mso-list: l1 level1 lfo1; background: white;\"><!-- [if !supportLists]--><span style=\"font-size: 12.0pt; font-family: Symbol; mso-fareast-font-family: Symbol; mso-bidi-font-family: Symbol; mso-fareast-language: TR;\"><span style=\"mso-list: Ignore;\">\u00b7<span style=\"font: 7.0pt 'Times New Roman';\">&nbsp;&nbsp;&nbsp;&nbsp;&nbsp;&nbsp;&nbsp;&nbsp;<\/span><\/span><\/span><!--[endif]--><span style=\"font-size: 12pt; font-family: Arial, sans-serif; color: black;\">Geri d\u00f6n\u00fc\u015f\u00fcm ve geri kazan\u0131m\u0131 artt\u0131rmay\u0131, t\u00fcm s\u00fcre\u00e7lerde \u00e7al\u0131\u015fanlar i\u00e7in g\u00fcvenli \u00e7al\u0131\u015fma ortam\u0131n\u0131 sa\u011flamay\u0131,<\/span><\/p>\n<p class=\"MsoListParagraphCxSpMiddle\" style=\"mso-margin-bottom-alt: auto; margin-left: 21.3pt; mso-add-space: auto; text-indent: -21.3pt; line-height: normal; mso-list: l1 level1 lfo1; background: white;\"><!-- [if !supportLists]--><span style=\"font-size: 12.0pt; font-family: Symbol; mso-fareast-font-family: Symbol; mso-bidi-font-family: Symbol; mso-fareast-language: TR;\"><span style=\"mso-list: Ignore;\">\u00b7<span style=\"font: 7.0pt 'Times New Roman';\">&nbsp;&nbsp;&nbsp;&nbsp;&nbsp;&nbsp;&nbsp;&nbsp;<\/span><\/span><\/span><!--[endif]--><span style=\"font-size: 12pt; font-family: Arial, sans-serif; color: black;\">E\u011fitim faaliyetleri ile \u0130\u015f Sa\u011fl\u0131\u011f\u0131 ve G\u00fcvenli\u011fi bilincini bir k\u00fclt\u00fcr haline getirmeyi,<\/span><\/p>\n<p class=\"MsoListParagraphCxSpMiddle\" style=\"mso-margin-bottom-alt: auto; margin-left: 21.3pt; mso-add-space: auto; text-indent: -21.3pt; line-height: normal; mso-list: l1 level1 lfo1; background: white;\"><!-- [if !supportLists]--><span style=\"font-size: 12.0pt; font-family: Symbol; mso-fareast-font-family: Symbol; mso-bidi-font-family: Symbol; mso-fareast-language: TR;\"><span style=\"mso-list: Ignore;\">\u00b7<span style=\"font: 7.0pt 'Times New Roman';\">&nbsp;&nbsp;&nbsp;&nbsp;&nbsp;&nbsp;&nbsp;&nbsp;<\/span><\/span><\/span><!--[endif]--><span style=\"font-size: 12pt; font-family: Arial, sans-serif; color: black;\">S\u0131f\u0131r kaza hedefiyle, ger\u00e7ekle\u015fen kaza ve olaylar\u0131n tekrarlamas\u0131n\u0131 \u00f6nlemeyi,<\/span><\/p>\n<p class=\"MsoListParagraphCxSpLast\" style=\"mso-margin-bottom-alt: auto; margin-left: 21.3pt; mso-add-space: auto; text-indent: -21.3pt; line-height: normal; mso-list: l1 level1 lfo1; background: white;\"><!-- [if !supportLists]--><span style=\"font-size: 12.0pt; font-family: Symbol; mso-fareast-font-family: Symbol; mso-bidi-font-family: Symbol; mso-fareast-language: TR;\"><span style=\"mso-list: Ignore;\">\u00b7<span style=\"font: 7.0pt 'Times New Roman';\">&nbsp;&nbsp;&nbsp;&nbsp;&nbsp;&nbsp;&nbsp;&nbsp;<\/span><\/span><\/span><!--[endif]--><span style=\"font-size: 12pt; font-family: Arial, sans-serif; color: black;\">\u0130\u015f sa\u011fl\u0131\u011f\u0131 ve g\u00fcvenli\u011fi kurallar\u0131 \u00e7er\u00e7evesinde olu\u015fabilecek acil durum risklerini azaltarak, sa\u011fl\u0131k g\u00fcvenlik ve \u00e7evre b\u00fct\u00fcnl\u00fc\u011f\u00fcn\u00fc korumay\u0131 hedefler.<\/span><\/p>\n<p><style class=\"WebKit-mso-list-quirks-style\">\n<!-- \/* Style Definitions *\/ p.MsoNormal, li.MsoNormal, div.MsoNormal {mso-style-unhide:no; mso-style-qformat:yes; mso-style-parent:\"\"; margin-top:0cm; margin-right:0cm; margin-bottom:8.0pt; margin-left:0cm; line-height:107%; mso-pagination:widow-orphan; font-size:11.0pt; font-family:\"Calibri\",sans-serif; mso-ascii-font-family:Calibri; mso-ascii-theme-font:minor-latin; mso-fareast-font-family:Calibri; mso-fareast-theme-font:minor-latin; mso-hansi-font-family:Calibri; mso-hansi-theme-font:minor-latin; mso-bidi-font-family:\"Times New Roman\"; mso-bidi-theme-font:minor-bidi; mso-fareast-language:EN-US;} p.MsoListParagraph, li.MsoListParagraph, div.MsoListParagraph {mso-style-priority:34; mso-style-unhide:no; mso-style-qformat:yes; margin-top:0cm; margin-right:0cm; margin-bottom:8.0pt; margin-left:36.0pt; mso-add-space:auto; line-height:107%; mso-pagination:widow-orphan; font-size:11.0pt; font-family:\"Calibri\",sans-serif; mso-ascii-font-family:Calibri; mso-ascii-theme-font:minor-latin; mso-fareast-font-family:Calibri; mso-fareast-theme-font:minor-latin; mso-hansi-font-family:Calibri; mso-hansi-theme-font:minor-latin; mso-bidi-font-family:\"Times New Roman\"; mso-bidi-theme-font:minor-bidi; mso-fareast-language:EN-US;} p.MsoListParagraphCxSpFirst, li.MsoListParagraphCxSpFirst, div.MsoListParagraphCxSpFirst {mso-style-priority:34; mso-style-unhide:no; mso-style-qformat:yes; mso-style-type:export-only; margin-top:0cm; margin-right:0cm; margin-bottom:0cm; margin-left:36.0pt; mso-add-space:auto; line-height:107%; mso-pagination:widow-orphan; font-size:11.0pt; font-family:\"Calibri\",sans-serif; mso-ascii-font-family:Calibri; mso-ascii-theme-font:minor-latin; mso-fareast-font-family:Calibri; mso-fareast-theme-font:minor-latin; mso-hansi-font-family:Calibri; mso-hansi-theme-font:minor-latin; mso-bidi-font-family:\"Times New Roman\"; mso-bidi-theme-font:minor-bidi; mso-fareast-language:EN-US;} p.MsoListParagraphCxSpMiddle, li.MsoListParagraphCxSpMiddle, div.MsoListParagraphCxSpMiddle {mso-style-priority:34; mso-style-unhide:no; mso-style-qformat:yes; mso-style-type:export-only; margin-top:0cm; margin-right:0cm; margin-bottom:0cm; margin-left:36.0pt; mso-add-space:auto; line-height:107%; mso-pagination:widow-orphan; font-size:11.0pt; font-family:\"Calibri\",sans-serif; mso-ascii-font-family:Calibri; mso-ascii-theme-font:minor-latin; mso-fareast-font-family:Calibri; mso-fareast-theme-font:minor-latin; mso-hansi-font-family:Calibri; mso-hansi-theme-font:minor-latin; mso-bidi-font-family:\"Times New Roman\"; mso-bidi-theme-font:minor-bidi; mso-fareast-language:EN-US;} p.MsoListParagraphCxSpLast, li.MsoListParagraphCxSpLast, div.MsoListParagraphCxSpLast {mso-style-priority:34; mso-style-unhide:no; mso-style-qformat:yes; mso-style-type:export-only; margin-top:0cm; margin-right:0cm; margin-bottom:8.0pt; margin-left:36.0pt; mso-add-space:auto; line-height:107%; mso-pagination:widow-orphan; font-size:11.0pt; font-family:\"Calibri\",sans-serif; mso-ascii-font-family:Calibri; mso-ascii-theme-font:minor-latin; mso-fareast-font-family:Calibri; mso-fareast-theme-font:minor-latin; mso-hansi-font-family:Calibri; mso-hansi-theme-font:minor-latin; mso-bidi-font-family:\"Times New Roman\"; mso-bidi-theme-font:minor-bidi; mso-fareast-language:EN-US;} .MsoChpDefault {mso-style-type:export-only; mso-default-props:yes; font-size:11.0pt; mso-ansi-font-size:11.0pt; mso-bidi-font-size:11.0pt; font-family:\"Calibri\",sans-serif; mso-ascii-font-family:Calibri; mso-ascii-theme-font:minor-latin; mso-fareast-font-family:Calibri; mso-fareast-theme-font:minor-latin; mso-hansi-font-family:Calibri; mso-hansi-theme-font:minor-latin; mso-bidi-font-family:\"Times New Roman\"; mso-bidi-theme-font:minor-bidi; mso-fareast-language:EN-US;} .MsoPapDefault {mso-style-type:export-only; margin-bottom:8.0pt; line-height:107%;} @page WordSection1 {size:595.3pt 841.9pt; margin:70.85pt 70.85pt 70.85pt 70.85pt; mso-header-margin:35.4pt; mso-footer-margin:35.4pt; mso-paper-source:0;} div.WordSection1 {page:WordSection1;} \/* List Definitions *\/ @list l0 {mso-list-id:9651148; mso-list-type:hybrid; mso-list-template-ids:1418615800 69140481 69140483 69140485 69140481 69140483 69140485 69140481 69140483 69140485;} @list l0:level1 {mso-level-number-format:bullet; mso-level-text:\uf0b7; mso-level-tab-stop:none; mso-level-number-position:left; margin-left:72.0pt; text-indent:-18.0pt; font-family:Symbol;} @list l0:level2 {mso-level-number-format:bullet; mso-level-text:o; mso-level-tab-stop:none; mso-level-number-position:left; margin-left:108.0pt; text-indent:-18.0pt; font-family:\"Courier New\";} @list l0:level3 {mso-level-number-format:bullet; mso-level-text:\uf0a7; mso-level-tab-stop:none; mso-level-number-position:left; margin-left:144.0pt; text-indent:-18.0pt; font-family:Wingdings;} @list l0:level4 {mso-level-number-format:bullet; mso-level-text:\uf0b7; mso-level-tab-stop:none; mso-level-number-position:left; margin-left:180.0pt; text-indent:-18.0pt; font-family:Symbol;} @list l0:level5 {mso-level-number-format:bullet; mso-level-text:o; mso-level-tab-stop:none; mso-level-number-position:left; margin-left:216.0pt; text-indent:-18.0pt; font-family:\"Courier New\";} @list l0:level6 {mso-level-number-format:bullet; mso-level-text:\uf0a7; mso-level-tab-stop:none; mso-level-number-position:left; margin-left:252.0pt; text-indent:-18.0pt; font-family:Wingdings;} @list l0:level7 {mso-level-number-format:bullet; mso-level-text:\uf0b7; mso-level-tab-stop:none; mso-level-number-position:left; margin-left:288.0pt; text-indent:-18.0pt; font-family:Symbol;} @list l0:level8 {mso-level-number-format:bullet; mso-level-text:o; mso-level-tab-stop:none; mso-level-number-position:left; margin-left:324.0pt; text-indent:-18.0pt; font-family:\"Courier New\";} @list l0:level9 {mso-level-number-format:bullet; mso-level-text:\uf0a7; mso-level-tab-stop:none; mso-level-number-position:left; margin-left:360.0pt; text-indent:-18.0pt; font-family:Wingdings;} @list l1 {mso-list-id:1149252758; mso-list-type:hybrid; mso-list-template-ids:1319537040 69140481 69140483 69140485 69140481 69140483 69140485 69140481 69140483 69140485;} @list l1:level1 {mso-level-number-format:bullet; mso-level-text:\uf0b7; mso-level-tab-stop:none; mso-level-number-position:left; text-indent:-18.0pt; font-family:Symbol;} @list l1:level2 {mso-level-number-format:bullet; mso-level-text:o; mso-level-tab-stop:none; mso-level-number-position:left; text-indent:-18.0pt; font-family:\"Courier New\";} @list l1:level3 {mso-level-number-format:bullet; mso-level-text:\uf0a7; mso-level-tab-stop:none; mso-level-number-position:left; text-indent:-18.0pt; font-family:Wingdings;} @list l1:level4 {mso-level-number-format:bullet; mso-level-text:\uf0b7; mso-level-tab-stop:none; mso-level-number-position:left; text-indent:-18.0pt; font-family:Symbol;} @list l1:level5 {mso-level-number-format:bullet; mso-level-text:o; mso-level-tab-stop:none; mso-level-number-position:left; text-indent:-18.0pt; font-family:\"Courier New\";} @list l1:level6 {mso-level-number-format:bullet; mso-level-text:\uf0a7; mso-level-tab-stop:none; mso-level-number-position:left; text-indent:-18.0pt; font-family:Wingdings;} @list l1:level7 {mso-level-number-format:bullet; mso-level-text:\uf0b7; mso-level-tab-stop:none; mso-level-number-position:left; text-indent:-18.0pt; font-family:Symbol;} @list l1:level8 {mso-level-number-format:bullet; mso-level-text:o; mso-level-tab-stop:none; mso-level-number-position:left; text-indent:-18.0pt; font-family:\"Courier New\";} @list l1:level9 {mso-level-number-format:bullet; mso-level-text:\uf0a7; mso-level-tab-stop:none; mso-level-number-position:left; text-indent:-18.0pt; font-family:Wingdings;} --><br \/>\n<\/style>\n<\/p>\n<p class=\"MsoNormal\" style=\"line-height: normal; caret-color: #000000; color: #000000; text-align: start;\"><span style=\"font-size: 12pt; font-family: Arial, sans-serif;\">In order to reach our goals, we include the best available production techniques and technologies together with our own activities, aiming to reduce the use of natural resources, saving energy and contributing to the country's economy, with a working understanding that adopts leaving a clean environment to future generations as a duty and responsibility. We ensure that the risks and opportunities of our internal and external issues that affect our OHS performance, our compliance obligations and our important Environmental and OHS dimensions are regularly audited, monitored and measured.<\/span><\/p>\n<p><\/p>\t\t\t\t\t\t<\/div>\n\t\t\t\t<\/div>\n\t\t\t\t\t<\/div>\n\t\t<\/div>\n\t\t\t\t\t\t\t<\/div>\n\t\t<\/section>\n\t\t\t\t\t\t<\/div>\n\t\t\t\t\t<\/div>","protected":false},"excerpt":{"rendered":"<p>\u00a0 \u00a0 \u00a0 \u00a0 \u00a0 \u00a0 \u00a0 \u00a0 \u00a0 \u00a0 \u00a0 \u00a0 \u00a0 \u00a0 \u00a0 \u00a0 \u00a0 \u00a0 \u00a0 \u00a0 \u00a0 \u00a0 \u00a0 \u00a0 \u00a0 \u00a0 \u00a0 \u00a0 \u00a0 \u00a0 [&hellip;]<\/p>","protected":false},"author":1,"featured_media":0,"parent":0,"menu_order":0,"comment_status":"closed","ping_status":"closed","template":"","meta":{"inline_featured_image":false},"_links":{"self":[{"href":"https:\/\/garantigeridonusum.com\/en\/wp-json\/wp\/v2\/pages\/1886"}],"collection":[{"href":"https:\/\/garantigeridonusum.com\/en\/wp-json\/wp\/v2\/pages"}],"about":[{"href":"https:\/\/garantigeridonusum.com\/en\/wp-json\/wp\/v2\/types\/page"}],"author":[{"embeddable":true,"href":"https:\/\/garantigeridonusum.com\/en\/wp-json\/wp\/v2\/users\/1"}],"replies":[{"embeddable":true,"href":"https:\/\/garantigeridonusum.com\/en\/wp-json\/wp\/v2\/comments?post=1886"}],"version-history":[{"count":124,"href":"https:\/\/garantigeridonusum.com\/en\/wp-json\/wp\/v2\/pages\/1886\/revisions"}],"predecessor-version":[{"id":2794,"href":"https:\/\/garantigeridonusum.com\/en\/wp-json\/wp\/v2\/pages\/1886\/revisions\/2794"}],"wp:attachment":[{"href":"https:\/\/garantigeridonusum.com\/en\/wp-json\/wp\/v2\/media?parent=1886"}],"curies":[{"name":"wp","href":"https:\/\/api.w.org\/{rel}","templated":true}]}}