{"id":1827,"date":"2022-01-31T12:29:22","date_gmt":"2022-01-31T09:29:22","guid":{"rendered":"http:\/\/garantigeridonusum.com\/?page_id=1827"},"modified":"2022-03-07T21:54:56","modified_gmt":"2022-03-07T18:54:56","slug":"insan-kaynaklari","status":"publish","type":"page","link":"https:\/\/garantigeridonusum.com\/en\/insan-kaynaklari\/","title":{"rendered":"Human Resources"},"content":{"rendered":"<div data-elementor-type=\"wp-page\" data-elementor-id=\"1827\" class=\"elementor elementor-1827\" data-elementor-settings=\"[]\">\n\t\t\t\t\t\t\t<div class=\"elementor-section-wrap\">\n\t\t\t\t\t\t\t<section class=\"elementor-section elementor-top-section elementor-element elementor-element-1b2520fe elementor-section-boxed elementor-section-height-default elementor-section-height-default row-top\" data-id=\"1b2520fe\" data-element_type=\"section\">\n\t\t\t\t\t\t<div class=\"elementor-container elementor-column-gap-no\">\n\t\t\t\t\t<div class=\"elementor-column elementor-col-50 elementor-top-column elementor-element elementor-element-2cf82de3 column-style-top\" data-id=\"2cf82de3\" data-element_type=\"column\">\n\t\t\t<div class=\"elementor-widget-wrap elementor-element-populated\">\n\t\t\t\t\t\t\t\t<div class=\"elementor-element elementor-element-3eb1a80b elementor-widget elementor-widget-gva-image-content\" data-id=\"3eb1a80b\" data-element_type=\"widget\" data-widget_type=\"gva-image-content.default\">\n\t\t\t\t<div class=\"elementor-widget-container\">\n\t\t\t<div class=\"gva-element-gva-image-content gva-element\">\t\t\r\n\t  \r\n\t \r\n\t \r\n\r\n\t\t\t<div class=\"gsc-image-content skin-v3\">\r\n\t\t\t\t\t\t\t<div class=\"image\">\r\n\t\t\t\t\t<img width=\"700\" height=\"840\" src=\"https:\/\/garantigeridonusum.com\/wp-content\/uploads\/2022\/01\/hr.jpg\" class=\"attachment-full size-full\" alt=\"\" loading=\"lazy\" srcset=\"https:\/\/garantigeridonusum.com\/wp-content\/uploads\/2022\/01\/hr.jpg 700w, https:\/\/garantigeridonusum.com\/wp-content\/uploads\/2022\/01\/hr-10x12.jpg 10w, https:\/\/garantigeridonusum.com\/wp-content\/uploads\/2022\/01\/hr-600x720.jpg 600w\" sizes=\"(max-width: 700px) 100vw, 700px\" \/>\t\t\t\t<\/div>\r\n\t\t\t\t\t\t<div class=\"shape-1\"><\/div>\r\n\t\t<\/div>\r\n\r\n <\/div>\t\t<\/div>\n\t\t\t\t<\/div>\n\t\t\t\t\t<\/div>\n\t\t<\/div>\n\t\t\t\t<div class=\"elementor-column elementor-col-50 elementor-top-column elementor-element elementor-element-136cfb33 column-style-top\" data-id=\"136cfb33\" data-element_type=\"column\">\n\t\t\t<div class=\"elementor-widget-wrap elementor-element-populated\">\n\t\t\t\t\t\t\t\t<div class=\"elementor-element elementor-element-1fac824a elementor-widget elementor-widget-gva-heading-block\" data-id=\"1fac824a\" data-element_type=\"widget\" data-widget_type=\"gva-heading-block.default\">\n\t\t\t\t<div class=\"elementor-widget-container\">\n\t\t\t<div class=\"gva-element-gva-heading-block gva-element\">      <div class=\"align-left style-1 widget gsc-heading box-align-left auto-responsive\">\r\n      <div class=\"content-inner\">\r\n         \r\n                  \r\n                     <div class=\"sub-title\"><span>Garanti Reycle<\/span><\/div>\r\n           \r\n         \r\n                     <h2 class=\"title\">\r\n               <span>Human Resources<\/span>\r\n            <\/h2>\r\n                              <div class=\"title-desc\"><div align=\"justify\">To recruit qualified labor force in line with our company's goals and strategies, to create an effective and motivated organization by ensuring employee satisfaction with proactive human resources practices, to support personal development with continuous training, and thus to ensure that our company is a leading company in the sector.<\/div>\n<br>\n<div align=\"justify\">Would you like to work with us? Send us your CVs!<\/div>  \n<a href=\"mailto:info@garantigeridonusum.com\"> info@garantigeridonusum.com<\/a> adresinden ula\u015fabilirsiniz\n<br><br>\nYa da <a href=\"https:\/\/www.kariyer.net\/firma-profil\/garanti-plastik-88408-158137\" target=\"_blank\">-<\/a> Or you can view our job advertisements on Kariyer.net<\/div>\r\n         \r\n         \r\n      <\/div>\r\n   <\/div>\r\n   \r\n    <\/div>\t\t<\/div>\n\t\t\t\t<\/div>\n\t\t\t\t\t<\/div>\n\t\t<\/div>\n\t\t\t\t\t\t\t<\/div>\n\t\t<\/section>\n\t\t\t\t\t\t<\/div>\n\t\t\t\t\t<\/div>","protected":false},"excerpt":{"rendered":"<p>Garanti Geri D\u00f6n\u00fc\u015f\u00fcm \u0130nsan Kaynaklar\u0131 \u015eirketimizin hedef ve stratejileri do\u011frultusunda nitelikli insan g\u00fcc\u00fc al\u0131m\u0131n\u0131 ger\u00e7ekle\u015ftirmek, \u00e7al\u0131\u015fan memnuniyetini proaktif insan kaynaklar\u0131 uygulamalar\u0131 ile sa\u011flayarak etkili ve motive edilmi\u015f bir organizasyon olu\u015fturmak, [&hellip;]<\/p>","protected":false},"author":1,"featured_media":0,"parent":0,"menu_order":0,"comment_status":"closed","ping_status":"closed","template":"","meta":{"inline_featured_image":false},"_links":{"self":[{"href":"https:\/\/garantigeridonusum.com\/en\/wp-json\/wp\/v2\/pages\/1827"}],"collection":[{"href":"https:\/\/garantigeridonusum.com\/en\/wp-json\/wp\/v2\/pages"}],"about":[{"href":"https:\/\/garantigeridonusum.com\/en\/wp-json\/wp\/v2\/types\/page"}],"author":[{"embeddable":true,"href":"https:\/\/garantigeridonusum.com\/en\/wp-json\/wp\/v2\/users\/1"}],"replies":[{"embeddable":true,"href":"https:\/\/garantigeridonusum.com\/en\/wp-json\/wp\/v2\/comments?post=1827"}],"version-history":[{"count":50,"href":"https:\/\/garantigeridonusum.com\/en\/wp-json\/wp\/v2\/pages\/1827\/revisions"}],"predecessor-version":[{"id":2858,"href":"https:\/\/garantigeridonusum.com\/en\/wp-json\/wp\/v2\/pages\/1827\/revisions\/2858"}],"wp:attachment":[{"href":"https:\/\/garantigeridonusum.com\/en\/wp-json\/wp\/v2\/media?parent=1827"}],"curies":[{"name":"wp","href":"https:\/\/api.w.org\/{rel}","templated":true}]}}