{"id":1379,"date":"2022-01-07T11:34:13","date_gmt":"2022-01-07T08:34:13","guid":{"rendered":"http:\/\/garantigeridonusum.com\/?page_id=1379"},"modified":"2022-02-23T16:02:45","modified_gmt":"2022-02-23T13:02:45","slug":"kilometre-taslari","status":"publish","type":"page","link":"https:\/\/garantigeridonusum.com\/en\/kilometre-taslari\/","title":{"rendered":"Milestones"},"content":{"rendered":"<div data-elementor-type=\"wp-page\" data-elementor-id=\"1379\" class=\"elementor elementor-1379\" data-elementor-settings=\"[]\">\n\t\t\t\t\t\t\t<div class=\"elementor-section-wrap\">\n\t\t\t\t\t\t\t<section class=\"elementor-section elementor-top-section elementor-element elementor-element-5cbc06ac elementor-section-boxed elementor-section-height-default elementor-section-height-default row-top\" data-id=\"5cbc06ac\" data-element_type=\"section\">\n\t\t\t\t\t\t<div class=\"elementor-container elementor-column-gap-no\">\n\t\t\t\t\t<div class=\"elementor-column elementor-col-50 elementor-top-column elementor-element elementor-element-36bb7624 column-style-top\" data-id=\"36bb7624\" data-element_type=\"column\">\n\t\t\t<div class=\"elementor-widget-wrap elementor-element-populated\">\n\t\t\t\t\t\t\t\t<div class=\"elementor-element elementor-element-512ec484 elementor-widget elementor-widget-gva-image-content\" data-id=\"512ec484\" data-element_type=\"widget\" data-widget_type=\"gva-image-content.default\">\n\t\t\t\t<div class=\"elementor-widget-container\">\n\t\t\t<div class=\"gva-element-gva-image-content gva-element\">\t\t\r\n\t  \r\n\t \r\n\t \r\n\r\n\t\t\t<div class=\"gsc-image-content skin-v3\">\r\n\t\t\t\t\t\t\t<div class=\"image\">\r\n\t\t\t\t\t<img width=\"1014\" height=\"767\" src=\"https:\/\/garantigeridonusum.com\/wp-content\/uploads\/2022\/02\/Fabrika.jpg\" class=\"attachment-full size-full\" alt=\"\" loading=\"lazy\" srcset=\"https:\/\/garantigeridonusum.com\/wp-content\/uploads\/2022\/02\/Fabrika.jpg 1014w, https:\/\/garantigeridonusum.com\/wp-content\/uploads\/2022\/02\/Fabrika-768x581.jpg 768w, https:\/\/garantigeridonusum.com\/wp-content\/uploads\/2022\/02\/Fabrika-16x12.jpg 16w, https:\/\/garantigeridonusum.com\/wp-content\/uploads\/2022\/02\/Fabrika-600x454.jpg 600w\" sizes=\"(max-width: 1014px) 100vw, 1014px\" \/>\t\t\t\t<\/div>\r\n\t\t\t\t\t\t<div class=\"shape-1\"><\/div>\r\n\t\t<\/div>\r\n\r\n <\/div>\t\t<\/div>\n\t\t\t\t<\/div>\n\t\t\t\t\t<\/div>\n\t\t<\/div>\n\t\t\t\t<div class=\"elementor-column elementor-col-50 elementor-top-column elementor-element elementor-element-100bd338 column-style-top\" data-id=\"100bd338\" data-element_type=\"column\">\n\t\t\t<div class=\"elementor-widget-wrap elementor-element-populated\">\n\t\t\t\t\t\t\t\t<div class=\"elementor-element elementor-element-64746a71 elementor-widget elementor-widget-gva-heading-block\" data-id=\"64746a71\" data-element_type=\"widget\" data-widget_type=\"gva-heading-block.default\">\n\t\t\t\t<div class=\"elementor-widget-container\">\n\t\t\t<div class=\"gva-element-gva-heading-block gva-element\">      <div class=\"align-left style-1 widget gsc-heading box-align-left auto-responsive\">\r\n      <div class=\"content-inner\">\r\n         \r\n                  \r\n                     <div class=\"sub-title\"><span>Garanti Reycle<\/span><\/div>\r\n           \r\n         \r\n                     <h2 class=\"title\">\r\n               <span>Milestones<\/span>\r\n            <\/h2>\r\n                              <div class=\"title-desc\"><ul>\n<li><span style=\"color:#40b7a4\">2005<\/span> Foundation Year<\/li>\n<li><span style=\"color:#40b7a4\">2011<\/span> Had\u0131mk\u00f6y Facility moved to Dilovas\u0131<\/li>\n<li><span style=\"color:#40b7a4\">2013<\/span> Accumulation and Fragmentation Facilty was founded in \u0130zmit<\/li>\n<li><span style=\"color:#40b7a4\">2015<\/span> It has shown itself in the domestic and foreign arena by enlarging its export department.<\/li>\n<li><span style=\"color:#40b7a4\">2016<\/span> Sales office and warehouse started to operate in \u0130pkas Industrial Estate<\/li>\n<li><span style=\"color:#40b7a4\">2019<\/span> Kocaeli\/Kartepe Plastic Recycling Facility was founded.<\/li>\n<li><span style=\"color:#40b7a4\">2020<\/span> 35% of granule production started to be sold to the export market<\/li>\n<li><span style=\"color:#40b7a4\">2021<\/span> Gebze Wood Recycling Facility was founded.<\/li>\n<\/ul><\/div>\r\n         \r\n         \r\n      <\/div>\r\n   <\/div>\r\n   \r\n    <\/div>\t\t<\/div>\n\t\t\t\t<\/div>\n\t\t\t\t\t<\/div>\n\t\t<\/div>\n\t\t\t\t\t\t\t<\/div>\n\t\t<\/section>\n\t\t\t\t\t\t<\/div>\n\t\t\t\t\t<\/div>","protected":false},"excerpt":{"rendered":"<p>Garanti Geri D\u00f6n\u00fc\u015f\u00fcm Kilometre Ta\u015flar\u0131 2005 Kurulu\u015f Y\u0131l\u0131 2011 Had\u0131mk\u00f6y Tesisi&#8217;nin Dilovas\u0131 lokasyonuna ta\u015f\u0131nmas\u0131 2013 Toplama ayr\u0131\u015ft\u0131rma tesisinin \u0130zmit lokasyonunda kurulmas\u0131 2015 \u0130hracat departman\u0131n\u0131 b\u00fcy\u00fcterek yerli ve yabanc\u0131 arenada kendisini [&hellip;]<\/p>","protected":false},"author":1,"featured_media":0,"parent":0,"menu_order":0,"comment_status":"closed","ping_status":"closed","template":"","meta":{"inline_featured_image":false},"_links":{"self":[{"href":"https:\/\/garantigeridonusum.com\/en\/wp-json\/wp\/v2\/pages\/1379"}],"collection":[{"href":"https:\/\/garantigeridonusum.com\/en\/wp-json\/wp\/v2\/pages"}],"about":[{"href":"https:\/\/garantigeridonusum.com\/en\/wp-json\/wp\/v2\/types\/page"}],"author":[{"embeddable":true,"href":"https:\/\/garantigeridonusum.com\/en\/wp-json\/wp\/v2\/users\/1"}],"replies":[{"embeddable":true,"href":"https:\/\/garantigeridonusum.com\/en\/wp-json\/wp\/v2\/comments?post=1379"}],"version-history":[{"count":43,"href":"https:\/\/garantigeridonusum.com\/en\/wp-json\/wp\/v2\/pages\/1379\/revisions"}],"predecessor-version":[{"id":2271,"href":"https:\/\/garantigeridonusum.com\/en\/wp-json\/wp\/v2\/pages\/1379\/revisions\/2271"}],"wp:attachment":[{"href":"https:\/\/garantigeridonusum.com\/en\/wp-json\/wp\/v2\/media?parent=1379"}],"curies":[{"name":"wp","href":"https:\/\/api.w.org\/{rel}","templated":true}]}}