{"id":1373,"date":"2022-01-07T10:35:04","date_gmt":"2022-01-07T07:35:04","guid":{"rendered":"http:\/\/garantigeridonusum.com\/?page_id=1373"},"modified":"2022-01-11T11:20:40","modified_gmt":"2022-01-11T08:20:40","slug":"tesisimiz","status":"publish","type":"page","link":"https:\/\/garantigeridonusum.com\/en\/tesisimiz\/","title":{"rendered":"Tesisimiz"},"content":{"rendered":"<div data-elementor-type=\"wp-page\" data-elementor-id=\"1373\" class=\"elementor elementor-1373\" data-elementor-settings=\"[]\">\n\t\t\t\t\t\t\t<div class=\"elementor-section-wrap\">\n\t\t\t\t\t\t\t<section class=\"elementor-section elementor-top-section elementor-element elementor-element-204b5bf1 elementor-section-boxed elementor-section-height-default elementor-section-height-default row-top\" data-id=\"204b5bf1\" data-element_type=\"section\">\n\t\t\t\t\t\t<div class=\"elementor-container elementor-column-gap-default\">\n\t\t\t\t\t<div class=\"elementor-column elementor-col-100 elementor-top-column elementor-element elementor-element-705d2db6 column-style-top\" data-id=\"705d2db6\" data-element_type=\"column\">\n\t\t\t<div class=\"elementor-widget-wrap elementor-element-populated\">\n\t\t\t\t\t\t\t\t<div class=\"elementor-element elementor-element-7f14b225 elementor-widget elementor-widget-gva-gallery\" data-id=\"7f14b225\" data-element_type=\"widget\" data-widget_type=\"gva-gallery.default\">\n\t\t\t\t<div class=\"elementor-widget-container\">\n\t\t\t<div class=\"gva-element-gva-gallery gva-element\">  \r\n  \t<div class=\"gva-gallery-grid clearfix\">\r\n\t\t<div class=\"gva-content-items\"> \r\n\t\t  \t<div class=\"lg-block-grid-4 md-block-grid-4 sm-block-grid-2 xs-block-grid-1 xx-block-grid-1\">\r\n\t\t\t \t<div class=\"item\">\r\n\r\n   <div class=\"gva-gallery gallery-style-1\">\r\n      <div class=\"gallery-item\">\r\n\r\n                     <div class=\"image\">\r\n               <img src=\"https:\/\/garantigeridonusum.com\/wp-content\/uploads\/2022\/01\/IMG_2487-600x533.jpg\" alt=\"Garanti\" \/>  \r\n            <\/div>\r\n            <a class=\"photo-gallery\" href=\"http:\/\/garantigeridonusum.com\/wp-content\/uploads\/2022\/01\/IMG_2487.jpg\" data-elementor-lightbox-slideshow=\"gallery-a7tp\"><\/a>\r\n                           <div class=\"image-content\">\r\n            <div class=\"content-inner\">\r\n                                 <h3 class=\"title\">Garanti<\/h3>\r\n                                                <div class=\"sub-title\">RECYCLE<\/div>\r\n                           <\/div>   \r\n         <\/div>\r\n               <\/div>\r\n   <\/div>\r\n<\/div><div class=\"item\">\r\n\r\n   <div class=\"gva-gallery gallery-style-1\">\r\n      <div class=\"gallery-item\">\r\n\r\n                     <div class=\"image\">\r\n               <img src=\"https:\/\/garantigeridonusum.com\/wp-content\/uploads\/2022\/01\/IMG_2493-600x533.jpg\" alt=\"Garanti\" \/>  \r\n            <\/div>\r\n            <a class=\"photo-gallery\" href=\"http:\/\/garantigeridonusum.com\/wp-content\/uploads\/2022\/01\/IMG_2493.jpg\" data-elementor-lightbox-slideshow=\"gallery-a7tp\"><\/a>\r\n                           <div class=\"image-content\">\r\n            <div class=\"content-inner\">\r\n                                 <h3 class=\"title\">Garanti<\/h3>\r\n                                                <div class=\"sub-title\">RECYCLE<\/div>\r\n                           <\/div>   \r\n         <\/div>\r\n               <\/div>\r\n   <\/div>\r\n<\/div><div class=\"item\">\r\n\r\n   <div class=\"gva-gallery gallery-style-1\">\r\n      <div class=\"gallery-item\">\r\n\r\n                     <div class=\"image\">\r\n               <img src=\"https:\/\/garantigeridonusum.com\/wp-content\/uploads\/2022\/01\/IMG_2499-kopyasi-600x533.jpg\" alt=\"Garanti\" \/>  \r\n            <\/div>\r\n            <a class=\"photo-gallery\" href=\"http:\/\/garantigeridonusum.com\/wp-content\/uploads\/2022\/01\/IMG_2499-kopyasi.jpg\" data-elementor-lightbox-slideshow=\"gallery-a7tp\"><\/a>\r\n                           <div class=\"image-content\">\r\n            <div class=\"content-inner\">\r\n                                 <h3 class=\"title\">Garanti<\/h3>\r\n                                                <div class=\"sub-title\">RECYCLE<\/div>\r\n                           <\/div>   \r\n         <\/div>\r\n               <\/div>\r\n   <\/div>\r\n<\/div><div class=\"item\">\r\n\r\n   <div class=\"gva-gallery gallery-style-1\">\r\n      <div class=\"gallery-item\">\r\n\r\n                     <div class=\"image\">\r\n               <img src=\"https:\/\/garantigeridonusum.com\/wp-content\/uploads\/2022\/01\/IMG_2503-kopyasi-600x533.jpg\" alt=\"Garanti\" \/>  \r\n            <\/div>\r\n            <a class=\"photo-gallery\" href=\"http:\/\/garantigeridonusum.com\/wp-content\/uploads\/2022\/01\/IMG_2503-kopyasi.jpg\" data-elementor-lightbox-slideshow=\"gallery-a7tp\"><\/a>\r\n                           <div class=\"image-content\">\r\n            <div class=\"content-inner\">\r\n                                 <h3 class=\"title\">Garanti<\/h3>\r\n                                                <div class=\"sub-title\">RECYCLE<\/div>\r\n                           <\/div>   \r\n         <\/div>\r\n               <\/div>\r\n   <\/div>\r\n<\/div><div class=\"item\">\r\n\r\n   <div class=\"gva-gallery gallery-style-1\">\r\n      <div class=\"gallery-item\">\r\n\r\n                     <div class=\"image\">\r\n               <img src=\"https:\/\/garantigeridonusum.com\/wp-content\/uploads\/2022\/01\/IMG_2527-600x533.jpg\" alt=\"Garanti\" \/>  \r\n            <\/div>\r\n            <a class=\"photo-gallery\" href=\"http:\/\/garantigeridonusum.com\/wp-content\/uploads\/2022\/01\/IMG_2527.jpg\" data-elementor-lightbox-slideshow=\"gallery-a7tp\"><\/a>\r\n                           <div class=\"image-content\">\r\n            <div class=\"content-inner\">\r\n                                 <h3 class=\"title\">Garanti<\/h3>\r\n                                                <div class=\"sub-title\">RECYCLE<\/div>\r\n                           <\/div>   \r\n         <\/div>\r\n               <\/div>\r\n   <\/div>\r\n<\/div><div class=\"item\">\r\n\r\n   <div class=\"gva-gallery gallery-style-1\">\r\n      <div class=\"gallery-item\">\r\n\r\n                     <div class=\"image\">\r\n               <img src=\"https:\/\/garantigeridonusum.com\/wp-content\/uploads\/2022\/01\/IMG_2534-600x533.jpg\" alt=\"Garanti\" \/>  \r\n            <\/div>\r\n            <a class=\"photo-gallery\" href=\"http:\/\/garantigeridonusum.com\/wp-content\/uploads\/2022\/01\/IMG_2534.jpg\" data-elementor-lightbox-slideshow=\"gallery-a7tp\"><\/a>\r\n                           <div class=\"image-content\">\r\n            <div class=\"content-inner\">\r\n                                 <h3 class=\"title\">Garanti<\/h3>\r\n                                                <div class=\"sub-title\">RECYCLE<\/div>\r\n                           <\/div>   \r\n         <\/div>\r\n               <\/div>\r\n   <\/div>\r\n<\/div><div class=\"item\">\r\n\r\n   <div class=\"gva-gallery gallery-style-1\">\r\n      <div class=\"gallery-item\">\r\n\r\n                     <div class=\"image\">\r\n               <img src=\"https:\/\/garantigeridonusum.com\/wp-content\/uploads\/2022\/01\/IMG_2546-600x533.jpg\" alt=\"Garanti\" \/>  \r\n            <\/div>\r\n            <a class=\"photo-gallery\" href=\"http:\/\/garantigeridonusum.com\/wp-content\/uploads\/2022\/01\/IMG_2546.jpg\" data-elementor-lightbox-slideshow=\"gallery-a7tp\"><\/a>\r\n                           <div class=\"image-content\">\r\n            <div class=\"content-inner\">\r\n                                 <h3 class=\"title\">Garanti<\/h3>\r\n                                                <div class=\"sub-title\">RECYCLE<\/div>\r\n                           <\/div>   \r\n         <\/div>\r\n               <\/div>\r\n   <\/div>\r\n<\/div><div class=\"item\">\r\n\r\n   <div class=\"gva-gallery gallery-style-1\">\r\n      <div class=\"gallery-item\">\r\n\r\n                     <div class=\"image\">\r\n               <img src=\"https:\/\/garantigeridonusum.com\/wp-content\/uploads\/2022\/01\/IMG_2552-600x533.jpg\" alt=\"Garanti\" \/>  \r\n            <\/div>\r\n            <a class=\"photo-gallery\" href=\"http:\/\/garantigeridonusum.com\/wp-content\/uploads\/2022\/01\/IMG_2552.jpg\" data-elementor-lightbox-slideshow=\"gallery-a7tp\"><\/a>\r\n                           <div class=\"image-content\">\r\n            <div class=\"content-inner\">\r\n                                 <h3 class=\"title\">Garanti<\/h3>\r\n                                                <div class=\"sub-title\">RECYCLE<\/div>\r\n                           <\/div>   \r\n         <\/div>\r\n               <\/div>\r\n   <\/div>\r\n<\/div><div class=\"item\">\r\n\r\n   <div class=\"gva-gallery gallery-style-1\">\r\n      <div class=\"gallery-item\">\r\n\r\n                     <div class=\"image\">\r\n               <img src=\"https:\/\/garantigeridonusum.com\/wp-content\/uploads\/2022\/01\/IMG_2595-kopyasi-600x533.jpg\" alt=\"Garanti\" \/>  \r\n            <\/div>\r\n            <a class=\"photo-gallery\" href=\"http:\/\/garantigeridonusum.com\/wp-content\/uploads\/2022\/01\/IMG_2595-kopyasi.jpg\" data-elementor-lightbox-slideshow=\"gallery-a7tp\"><\/a>\r\n                           <div class=\"image-content\">\r\n            <div class=\"content-inner\">\r\n                                 <h3 class=\"title\">Garanti<\/h3>\r\n                                                <div class=\"sub-title\">RECYCLE<\/div>\r\n                           <\/div>   \r\n         <\/div>\r\n               <\/div>\r\n   <\/div>\r\n<\/div><div class=\"item\">\r\n\r\n   <div class=\"gva-gallery gallery-style-1\">\r\n      <div class=\"gallery-item\">\r\n\r\n                     <div class=\"image\">\r\n               <img src=\"https:\/\/garantigeridonusum.com\/wp-content\/uploads\/2022\/01\/IMG_2602-kopyasi-600x533.jpg\" alt=\"Garanti\" \/>  \r\n            <\/div>\r\n            <a class=\"photo-gallery\" href=\"http:\/\/garantigeridonusum.com\/wp-content\/uploads\/2022\/01\/IMG_2602-kopyasi.jpg\" data-elementor-lightbox-slideshow=\"gallery-a7tp\"><\/a>\r\n                           <div class=\"image-content\">\r\n            <div class=\"content-inner\">\r\n                                 <h3 class=\"title\">Garanti<\/h3>\r\n                                                <div class=\"sub-title\">RECYCLE<\/div>\r\n                           <\/div>   \r\n         <\/div>\r\n               <\/div>\r\n   <\/div>\r\n<\/div><div class=\"item\">\r\n\r\n   <div class=\"gva-gallery gallery-style-1\">\r\n      <div class=\"gallery-item\">\r\n\r\n                     <div class=\"image\">\r\n               <img src=\"https:\/\/garantigeridonusum.com\/wp-content\/uploads\/2022\/01\/IMG_2606-600x533.jpg\" alt=\"Garanti\" \/>  \r\n            <\/div>\r\n            <a class=\"photo-gallery\" href=\"http:\/\/garantigeridonusum.com\/wp-content\/uploads\/2022\/01\/IMG_2606.jpg\" data-elementor-lightbox-slideshow=\"gallery-a7tp\"><\/a>\r\n                           <div class=\"image-content\">\r\n            <div class=\"content-inner\">\r\n                                 <h3 class=\"title\">Garanti<\/h3>\r\n                                                <div class=\"sub-title\">RECYCLE<\/div>\r\n                           <\/div>   \r\n         <\/div>\r\n               <\/div>\r\n   <\/div>\r\n<\/div><div class=\"item\">\r\n\r\n   <div class=\"gva-gallery gallery-style-1\">\r\n      <div class=\"gallery-item\">\r\n\r\n                     <div class=\"image\">\r\n               <img src=\"https:\/\/garantigeridonusum.com\/wp-content\/uploads\/2022\/01\/IMG_2616-600x533.jpg\" alt=\"Garanti\" \/>  \r\n            <\/div>\r\n            <a class=\"photo-gallery\" href=\"http:\/\/garantigeridonusum.com\/wp-content\/uploads\/2022\/01\/IMG_2616.jpg\" data-elementor-lightbox-slideshow=\"gallery-a7tp\"><\/a>\r\n                           <div class=\"image-content\">\r\n            <div class=\"content-inner\">\r\n                                 <h3 class=\"title\">Garanti<\/h3>\r\n                                                <div class=\"sub-title\">RECYCLE<\/div>\r\n                           <\/div>   \r\n         <\/div>\r\n               <\/div>\r\n   <\/div>\r\n<\/div><div class=\"item\">\r\n\r\n   <div class=\"gva-gallery gallery-style-1\">\r\n      <div class=\"gallery-item\">\r\n\r\n                     <div class=\"image\">\r\n               <img src=\"https:\/\/garantigeridonusum.com\/wp-content\/uploads\/2022\/01\/IMG_2619-600x533.jpg\" alt=\"Garanti\" \/>  \r\n            <\/div>\r\n            <a class=\"photo-gallery\" href=\"http:\/\/garantigeridonusum.com\/wp-content\/uploads\/2022\/01\/IMG_2619.jpg\" data-elementor-lightbox-slideshow=\"gallery-a7tp\"><\/a>\r\n                           <div class=\"image-content\">\r\n            <div class=\"content-inner\">\r\n                                 <h3 class=\"title\">Garanti<\/h3>\r\n                                                <div class=\"sub-title\">RECYCLE<\/div>\r\n                           <\/div>   \r\n         <\/div>\r\n               <\/div>\r\n   <\/div>\r\n<\/div><div class=\"item\">\r\n\r\n   <div class=\"gva-gallery gallery-style-1\">\r\n      <div class=\"gallery-item\">\r\n\r\n                     <div class=\"image\">\r\n               <img src=\"https:\/\/garantigeridonusum.com\/wp-content\/uploads\/2022\/01\/IMG_2631-600x533.jpg\" alt=\"Garanti\" \/>  \r\n            <\/div>\r\n            <a class=\"photo-gallery\" href=\"http:\/\/garantigeridonusum.com\/wp-content\/uploads\/2022\/01\/IMG_2631.jpg\" data-elementor-lightbox-slideshow=\"gallery-a7tp\"><\/a>\r\n                           <div class=\"image-content\">\r\n            <div class=\"content-inner\">\r\n                                 <h3 class=\"title\">Garanti<\/h3>\r\n                                                <div class=\"sub-title\">RECYCLE<\/div>\r\n                           <\/div>   \r\n         <\/div>\r\n               <\/div>\r\n   <\/div>\r\n<\/div><div class=\"item\">\r\n\r\n   <div class=\"gva-gallery gallery-style-1\">\r\n      <div class=\"gallery-item\">\r\n\r\n                     <div class=\"image\">\r\n               <img src=\"https:\/\/garantigeridonusum.com\/wp-content\/uploads\/2022\/01\/IMG_2901-kopyasi-600x533.jpg\" alt=\"Garanti\" \/>  \r\n            <\/div>\r\n            <a class=\"photo-gallery\" href=\"http:\/\/garantigeridonusum.com\/wp-content\/uploads\/2022\/01\/IMG_2901-kopyasi.jpg\" data-elementor-lightbox-slideshow=\"gallery-a7tp\"><\/a>\r\n                           <div class=\"image-content\">\r\n            <div class=\"content-inner\">\r\n                                 <h3 class=\"title\">Garanti<\/h3>\r\n                                                <div class=\"sub-title\">RECYCLE<\/div>\r\n                           <\/div>   \r\n         <\/div>\r\n               <\/div>\r\n   <\/div>\r\n<\/div><div class=\"item\">\r\n\r\n   <div class=\"gva-gallery gallery-style-1\">\r\n      <div class=\"gallery-item\">\r\n\r\n                     <div class=\"image\">\r\n               <img src=\"https:\/\/garantigeridonusum.com\/wp-content\/uploads\/2022\/01\/IMG_2973-600x533.jpg\" alt=\"Garanti\" \/>  \r\n            <\/div>\r\n            <a class=\"photo-gallery\" href=\"http:\/\/garantigeridonusum.com\/wp-content\/uploads\/2022\/01\/IMG_2973.jpg\" data-elementor-lightbox-slideshow=\"gallery-a7tp\"><\/a>\r\n                           <div class=\"image-content\">\r\n            <div class=\"content-inner\">\r\n                                 <h3 class=\"title\">Garanti<\/h3>\r\n                                                <div class=\"sub-title\">RECYCLE<\/div>\r\n                           <\/div>   \r\n         <\/div>\r\n               <\/div>\r\n   <\/div>\r\n<\/div>\t\t  \t<\/div>\r\n\t\t<\/div>\r\n  \t<\/div>\r\n<\/div>\t\t<\/div>\n\t\t\t\t<\/div>\n\t\t\t\t\t<\/div>\n\t\t<\/div>\n\t\t\t\t\t\t\t<\/div>\n\t\t<\/section>\n\t\t\t\t\t\t<\/div>\n\t\t\t\t\t<\/div>","protected":false},"excerpt":{"rendered":"<p>Garanti Geri D\u00f6n\u00fc\u015f\u00fcm Garanti Geri D\u00f6n\u00fc\u015f\u00fcm Garanti Geri D\u00f6n\u00fc\u015f\u00fcm Garanti Geri D\u00f6n\u00fc\u015f\u00fcm Garanti Geri D\u00f6n\u00fc\u015f\u00fcm Garanti Geri D\u00f6n\u00fc\u015f\u00fcm Garanti Geri D\u00f6n\u00fc\u015f\u00fcm Garanti Geri D\u00f6n\u00fc\u015f\u00fcm Garanti Geri D\u00f6n\u00fc\u015f\u00fcm Garanti Geri D\u00f6n\u00fc\u015f\u00fcm [&hellip;]<\/p>","protected":false},"author":1,"featured_media":0,"parent":0,"menu_order":0,"comment_status":"closed","ping_status":"closed","template":"","meta":{"inline_featured_image":false},"_links":{"self":[{"href":"https:\/\/garantigeridonusum.com\/en\/wp-json\/wp\/v2\/pages\/1373"}],"collection":[{"href":"https:\/\/garantigeridonusum.com\/en\/wp-json\/wp\/v2\/pages"}],"about":[{"href":"https:\/\/garantigeridonusum.com\/en\/wp-json\/wp\/v2\/types\/page"}],"author":[{"embeddable":true,"href":"https:\/\/garantigeridonusum.com\/en\/wp-json\/wp\/v2\/users\/1"}],"replies":[{"embeddable":true,"href":"https:\/\/garantigeridonusum.com\/en\/wp-json\/wp\/v2\/comments?post=1373"}],"version-history":[{"count":8,"href":"https:\/\/garantigeridonusum.com\/en\/wp-json\/wp\/v2\/pages\/1373\/revisions"}],"predecessor-version":[{"id":1658,"href":"https:\/\/garantigeridonusum.com\/en\/wp-json\/wp\/v2\/pages\/1373\/revisions\/1658"}],"wp:attachment":[{"href":"https:\/\/garantigeridonusum.com\/en\/wp-json\/wp\/v2\/media?parent=1373"}],"curies":[{"name":"wp","href":"https:\/\/api.w.org\/{rel}","templated":true}]}}