{"id":1367,"date":"2022-01-07T10:32:51","date_gmt":"2022-01-07T07:32:51","guid":{"rendered":"http:\/\/garantigeridonusum.com\/?page_id=1367"},"modified":"2025-01-30T13:18:36","modified_gmt":"2025-01-30T10:18:36","slug":"iletisim","status":"publish","type":"page","link":"https:\/\/garantigeridonusum.com\/en\/iletisim\/","title":{"rendered":"Contact"},"content":{"rendered":"<div data-elementor-type=\"wp-page\" data-elementor-id=\"1367\" class=\"elementor elementor-1367\" data-elementor-settings=\"[]\">\n\t\t\t\t\t\t\t<div class=\"elementor-section-wrap\">\n\t\t\t\t\t\t\t<section class=\"elementor-section elementor-top-section elementor-element elementor-element-f497f31 elementor-section-boxed elementor-section-height-default elementor-section-height-default row-top\" data-id=\"f497f31\" data-element_type=\"section\">\n\t\t\t\t\t\t<div class=\"elementor-container elementor-column-gap-default\">\n\t\t\t\t\t<div class=\"elementor-column elementor-col-50 elementor-top-column elementor-element elementor-element-101a572 column-style-top\" data-id=\"101a572\" data-element_type=\"column\">\n\t\t\t<div class=\"elementor-widget-wrap elementor-element-populated\">\n\t\t\t\t\t\t\t\t<div class=\"elementor-element elementor-element-495e89b elementor-widget elementor-widget-heading\" data-id=\"495e89b\" data-element_type=\"widget\" data-widget_type=\"heading.default\">\n\t\t\t\t<div class=\"elementor-widget-container\">\n\t\t\t<style>\/*! elementor - v3.5.6 - 28-02-2022 *\/\n.elementor-heading-title{padding:0;margin:0;line-height:1}.elementor-widget-heading .elementor-heading-title[class*=elementor-size-]>a{color:inherit;font-size:inherit;line-height:inherit}.elementor-widget-heading .elementor-heading-title.elementor-size-small{font-size:15px}.elementor-widget-heading .elementor-heading-title.elementor-size-medium{font-size:19px}.elementor-widget-heading .elementor-heading-title.elementor-size-large{font-size:29px}.elementor-widget-heading .elementor-heading-title.elementor-size-xl{font-size:39px}.elementor-widget-heading .elementor-heading-title.elementor-size-xxl{font-size:59px}<\/style><h2 class=\"elementor-heading-title elementor-size-default\">Head Office \u0130stanbul<\/h2>\t\t<\/div>\n\t\t\t\t<\/div>\n\t\t\t\t<div class=\"elementor-element elementor-element-617bd94 elementor-widget elementor-widget-google_maps\" data-id=\"617bd94\" data-element_type=\"widget\" data-widget_type=\"google_maps.default\">\n\t\t\t\t<div class=\"elementor-widget-container\">\n\t\t\t<style>\/*! elementor - v3.5.6 - 28-02-2022 *\/\n.elementor-widget-google_maps .elementor-widget-container{overflow:hidden}.elementor-widget-google_maps iframe{height:300px}<\/style>\t\t<div class=\"elementor-custom-embed\">\n\t\t\t<iframe frameborder=\"0\" scrolling=\"no\" marginheight=\"0\" marginwidth=\"0\"\n\t\t\t\t\tsrc=\"https:\/\/maps.google.com\/maps?q=Maslak%2C%20Giz%202000%20Plaza%2C%20Eski%20B%C3%BCy%C3%BCkdere%20Cad.%20No%3A7%20Sar%C4%B1yer%20%2F%20%C4%B0stanbul&#038;t=m&#038;z=15&#038;output=embed&#038;iwloc=near\"\n\t\t\t\t\ttitle=\"Maslak, Giz 2000 Plaza, Eski B\u00fcy\u00fckdere Cad. No:7 Sar\u0131yer \/ \u0130stanbul\"\n\t\t\t\t\taria-label=\"Maslak, Giz 2000 Plaza, Eski B\u00fcy\u00fckdere Cad. No:7 Sar\u0131yer \/ \u0130stanbul\"\n\t\t\t><\/iframe>\n\t\t<\/div>\n\t\t\t\t<\/div>\n\t\t\t\t<\/div>\n\t\t\t\t<div class=\"elementor-element elementor-element-6669d62 elementor-widget elementor-widget-text-editor\" data-id=\"6669d62\" data-element_type=\"widget\" data-widget_type=\"text-editor.default\">\n\t\t\t\t<div class=\"elementor-widget-container\">\n\t\t\t<style>\/*! elementor - v3.5.6 - 28-02-2022 *\/\n.elementor-widget-text-editor.elementor-drop-cap-view-stacked .elementor-drop-cap{background-color:#818a91;color:#fff}.elementor-widget-text-editor.elementor-drop-cap-view-framed .elementor-drop-cap{color:#818a91;border:3px solid;background-color:transparent}.elementor-widget-text-editor:not(.elementor-drop-cap-view-default) .elementor-drop-cap{margin-top:8px}.elementor-widget-text-editor:not(.elementor-drop-cap-view-default) .elementor-drop-cap-letter{width:1em;height:1em}.elementor-widget-text-editor .elementor-drop-cap{float:left;text-align:center;line-height:1;font-size:50px}.elementor-widget-text-editor .elementor-drop-cap-letter{display:inline-block}<\/style>\t\t\t\t<p>Maslak Mah. Eski B\u00fcy\u00fck Dere Cad. No:7, Kat:19 Sar\u0131yer \/ \u0130stanbul<\/p><p>+90 850 888 75 23<\/p>\t\t\t\t\t\t<\/div>\n\t\t\t\t<\/div>\n\t\t\t\t<div class=\"elementor-element elementor-element-faa473c elementor-widget elementor-widget-gva-gallery\" data-id=\"faa473c\" data-element_type=\"widget\" data-widget_type=\"gva-gallery.default\">\n\t\t\t\t<div class=\"elementor-widget-container\">\n\t\t\t<div class=\"gva-element-gva-gallery gva-element\">\r\n\t<div class=\"gva-gallery-carousel\">\r\n\t\t<div class=\"init-carousel-owl owl-carousel\" data-items=\"3\" data-items_lg=\"3\" data-items_md=\"3\" data-items_sm=\"2\" data-items_xs=\"1\" data-items_xx=\"1\" data-loop=\"1\" data-speed=\"800\" data-auto_play=\"1\" data-auto_play_speed=\"800\" data-auto_play_timeout=\"6000\" data-auto_play_hover=\"1\" data-navigation=\"1\" data-pagination=\"0\" data-mouse_drag=\"1\" data-touch_drag=\"1\" >\r\n\t\t\t<div class=\"item\">\r\n\r\n   <div class=\"gva-gallery gallery-style-1\">\r\n      <div class=\"gallery-item\">\r\n\r\n                     <div class=\"image\">\r\n               <img src=\"https:\/\/garantigeridonusum.com\/wp-content\/uploads\/2020\/12\/IMG_2774-600x600.jpg\" alt=\"\" \/>  \r\n            <\/div>\r\n            <a class=\"photo-gallery\" href=\"http:\/\/garantigeridonusum.com\/wp-content\/uploads\/2020\/12\/IMG_2774-scaled-e1643894954517.jpg\" data-elementor-lightbox-slideshow=\"gallery-eeqy\"><\/a>\r\n                        <\/div>\r\n   <\/div>\r\n<\/div><div class=\"item\">\r\n\r\n   <div class=\"gva-gallery gallery-style-1\">\r\n      <div class=\"gallery-item\">\r\n\r\n                     <div class=\"image\">\r\n               <img src=\"https:\/\/garantigeridonusum.com\/wp-content\/uploads\/2020\/12\/IMG_2784-600x600.jpg\" alt=\"\" \/>  \r\n            <\/div>\r\n            <a class=\"photo-gallery\" href=\"http:\/\/garantigeridonusum.com\/wp-content\/uploads\/2020\/12\/IMG_2784-scaled-e1643894976285.jpg\" data-elementor-lightbox-slideshow=\"gallery-eeqy\"><\/a>\r\n                        <\/div>\r\n   <\/div>\r\n<\/div><div class=\"item\">\r\n\r\n   <div class=\"gva-gallery gallery-style-1\">\r\n      <div class=\"gallery-item\">\r\n\r\n                     <div class=\"image\">\r\n               <img src=\"https:\/\/garantigeridonusum.com\/wp-content\/uploads\/2020\/12\/IMG_2826-600x600.jpg\" alt=\"\" \/>  \r\n            <\/div>\r\n            <a class=\"photo-gallery\" href=\"http:\/\/garantigeridonusum.com\/wp-content\/uploads\/2020\/12\/IMG_2826-scaled-e1643895002146.jpg\" data-elementor-lightbox-slideshow=\"gallery-eeqy\"><\/a>\r\n                        <\/div>\r\n   <\/div>\r\n<\/div><div class=\"item\">\r\n\r\n   <div class=\"gva-gallery gallery-style-1\">\r\n      <div class=\"gallery-item\">\r\n\r\n                     <div class=\"image\">\r\n               <img src=\"https:\/\/garantigeridonusum.com\/wp-content\/uploads\/2020\/12\/IMG_2832-600x600.jpg\" alt=\"\" \/>  \r\n            <\/div>\r\n            <a class=\"photo-gallery\" href=\"http:\/\/garantigeridonusum.com\/wp-content\/uploads\/2020\/12\/IMG_2832-scaled-e1643895024849.jpg\" data-elementor-lightbox-slideshow=\"gallery-eeqy\"><\/a>\r\n                        <\/div>\r\n   <\/div>\r\n<\/div>\t\t<\/div>\r\n\t<\/div>\r\n<\/div>\t\t<\/div>\n\t\t\t\t<\/div>\n\t\t\t\t\t<\/div>\n\t\t<\/div>\n\t\t\t\t<div class=\"elementor-column elementor-col-50 elementor-top-column elementor-element elementor-element-4ad50f5 column-style-top\" data-id=\"4ad50f5\" data-element_type=\"column\">\n\t\t\t<div class=\"elementor-widget-wrap elementor-element-populated\">\n\t\t\t\t\t\t\t\t<div class=\"elementor-element elementor-element-87f528e elementor-widget elementor-widget-heading\" data-id=\"87f528e\" data-element_type=\"widget\" data-widget_type=\"heading.default\">\n\t\t\t\t<div class=\"elementor-widget-container\">\n\t\t\t<h2 class=\"elementor-heading-title elementor-size-default\">Sales Office \u0130stanbul<br><\/h2>\t\t<\/div>\n\t\t\t\t<\/div>\n\t\t\t\t<div class=\"elementor-element elementor-element-cbf880d elementor-widget elementor-widget-google_maps\" data-id=\"cbf880d\" data-element_type=\"widget\" data-widget_type=\"google_maps.default\">\n\t\t\t\t<div class=\"elementor-widget-container\">\n\t\t\t\t\t<div class=\"elementor-custom-embed\">\n\t\t\t<iframe frameborder=\"0\" scrolling=\"no\" marginheight=\"0\" marginwidth=\"0\"\n\t\t\t\t\tsrc=\"https:\/\/maps.google.com\/maps?q=ipkas%20ikitelli&#038;t=m&#038;z=15&#038;output=embed&#038;iwloc=near\"\n\t\t\t\t\ttitle=\"ipkas ikitelli\"\n\t\t\t\t\taria-label=\"ipkas ikitelli\"\n\t\t\t><\/iframe>\n\t\t<\/div>\n\t\t\t\t<\/div>\n\t\t\t\t<\/div>\n\t\t\t\t<div class=\"elementor-element elementor-element-efc3f07 elementor-widget elementor-widget-text-editor\" data-id=\"efc3f07\" data-element_type=\"widget\" data-widget_type=\"text-editor.default\">\n\t\t\t\t<div class=\"elementor-widget-container\">\n\t\t\t\t\t\t\t<p>\u0130pkas Sanayi Sitesi 10\/A Blok No:24\/26 \u0130kitelli &#8211; Ba\u015fak\u015fehir \/ \u0130stanbul<\/p><p>+90 212 549 95 71<\/p>\t\t\t\t\t\t<\/div>\n\t\t\t\t<\/div>\n\t\t\t\t<div class=\"elementor-element elementor-element-3491253 elementor-widget elementor-widget-gva-gallery\" data-id=\"3491253\" data-element_type=\"widget\" data-widget_type=\"gva-gallery.default\">\n\t\t\t\t<div class=\"elementor-widget-container\">\n\t\t\t<div class=\"gva-element-gva-gallery gva-element\">\r\n\t<div class=\"gva-gallery-carousel\">\r\n\t\t<div class=\"init-carousel-owl owl-carousel\" data-items=\"3\" data-items_lg=\"3\" data-items_md=\"3\" data-items_sm=\"2\" data-items_xs=\"1\" data-items_xx=\"1\" data-loop=\"1\" data-speed=\"800\" data-auto_play=\"1\" data-auto_play_speed=\"800\" data-auto_play_timeout=\"6000\" data-auto_play_hover=\"1\" data-navigation=\"1\" data-pagination=\"0\" data-mouse_drag=\"1\" data-touch_drag=\"1\" >\r\n\t\t\t<div class=\"item\">\r\n\r\n   <div class=\"gva-gallery gallery-style-1\">\r\n      <div class=\"gallery-item\">\r\n\r\n                     <div class=\"image\">\r\n               <img src=\"https:\/\/garantigeridonusum.com\/wp-content\/uploads\/2022\/02\/PHOTO-2021-11-23-12-49-171-600x600.jpg\" alt=\"\" \/>  \r\n            <\/div>\r\n            <a class=\"photo-gallery\" href=\"http:\/\/garantigeridonusum.com\/wp-content\/uploads\/2022\/02\/PHOTO-2021-11-23-12-49-171-e1643894193333.jpg\" data-elementor-lightbox-slideshow=\"gallery-qgnv\"><\/a>\r\n                        <\/div>\r\n   <\/div>\r\n<\/div><div class=\"item\">\r\n\r\n   <div class=\"gva-gallery gallery-style-1\">\r\n      <div class=\"gallery-item\">\r\n\r\n                     <div class=\"image\">\r\n               <img src=\"https:\/\/garantigeridonusum.com\/wp-content\/uploads\/2022\/02\/PHOTO-2021-11-23-12-49-163-600x600.jpg\" alt=\"\" \/>  \r\n            <\/div>\r\n            <a class=\"photo-gallery\" href=\"http:\/\/garantigeridonusum.com\/wp-content\/uploads\/2022\/02\/PHOTO-2021-11-23-12-49-163-e1643894168308.jpg\" data-elementor-lightbox-slideshow=\"gallery-qgnv\"><\/a>\r\n                        <\/div>\r\n   <\/div>\r\n<\/div><div class=\"item\">\r\n\r\n   <div class=\"gva-gallery gallery-style-1\">\r\n      <div class=\"gallery-item\">\r\n\r\n                     <div class=\"image\">\r\n               <img src=\"https:\/\/garantigeridonusum.com\/wp-content\/uploads\/2022\/02\/PHOTO-2021-11-23-12-49-162-600x600.jpg\" alt=\"\" \/>  \r\n            <\/div>\r\n            <a class=\"photo-gallery\" href=\"http:\/\/garantigeridonusum.com\/wp-content\/uploads\/2022\/02\/PHOTO-2021-11-23-12-49-162-e1643894147839.jpg\" data-elementor-lightbox-slideshow=\"gallery-qgnv\"><\/a>\r\n                        <\/div>\r\n   <\/div>\r\n<\/div><div class=\"item\">\r\n\r\n   <div class=\"gva-gallery gallery-style-1\">\r\n      <div class=\"gallery-item\">\r\n\r\n                     <div class=\"image\">\r\n               <img src=\"https:\/\/garantigeridonusum.com\/wp-content\/uploads\/2022\/02\/PHOTO-2021-11-23-12-49-17-600x600.jpg\" alt=\"\" \/>  \r\n            <\/div>\r\n            <a class=\"photo-gallery\" href=\"http:\/\/garantigeridonusum.com\/wp-content\/uploads\/2022\/02\/PHOTO-2021-11-23-12-49-17-e1643894128716.jpg\" data-elementor-lightbox-slideshow=\"gallery-qgnv\"><\/a>\r\n                        <\/div>\r\n   <\/div>\r\n<\/div><div class=\"item\">\r\n\r\n   <div class=\"gva-gallery gallery-style-1\">\r\n      <div class=\"gallery-item\">\r\n\r\n                     <div class=\"image\">\r\n               <img src=\"https:\/\/garantigeridonusum.com\/wp-content\/uploads\/2022\/02\/PHOTO-2021-11-23-12-49-16-600x600.jpg\" alt=\"\" \/>  \r\n            <\/div>\r\n            <a class=\"photo-gallery\" href=\"http:\/\/garantigeridonusum.com\/wp-content\/uploads\/2022\/02\/PHOTO-2021-11-23-12-49-16-e1643894107902.jpg\" data-elementor-lightbox-slideshow=\"gallery-qgnv\"><\/a>\r\n                        <\/div>\r\n   <\/div>\r\n<\/div><div class=\"item\">\r\n\r\n   <div class=\"gva-gallery gallery-style-1\">\r\n      <div class=\"gallery-item\">\r\n\r\n                     <div class=\"image\">\r\n               <img src=\"https:\/\/garantigeridonusum.com\/wp-content\/uploads\/2022\/02\/IMG_2845-600x600.jpg\" alt=\"\" \/>  \r\n            <\/div>\r\n            <a class=\"photo-gallery\" href=\"http:\/\/garantigeridonusum.com\/wp-content\/uploads\/2022\/02\/IMG_2845-scaled-e1643894082606.jpg\" data-elementor-lightbox-slideshow=\"gallery-qgnv\"><\/a>\r\n                        <\/div>\r\n   <\/div>\r\n<\/div>\t\t<\/div>\r\n\t<\/div>\r\n<\/div>\t\t<\/div>\n\t\t\t\t<\/div>\n\t\t\t\t\t<\/div>\n\t\t<\/div>\n\t\t\t\t\t\t\t<\/div>\n\t\t<\/section>\n\t\t\t\t<section class=\"elementor-section elementor-top-section elementor-element elementor-element-051d586 elementor-section-boxed elementor-section-height-default elementor-section-height-default row-top\" data-id=\"051d586\" data-element_type=\"section\">\n\t\t\t\t\t\t<div class=\"elementor-container elementor-column-gap-default\">\n\t\t\t\t\t<div class=\"elementor-column elementor-col-100 elementor-top-column elementor-element elementor-element-b06c9f5 column-style-top\" data-id=\"b06c9f5\" data-element_type=\"column\">\n\t\t\t<div class=\"elementor-widget-wrap elementor-element-populated\">\n\t\t\t\t\t\t\t\t<div class=\"elementor-element elementor-element-c4a53ce elementor-widget elementor-widget-heading\" data-id=\"c4a53ce\" data-element_type=\"widget\" data-widget_type=\"heading.default\">\n\t\t\t\t<div class=\"elementor-widget-container\">\n\t\t\t<h2 class=\"elementor-heading-title elementor-size-default\">Akyaz\u0131 Plastik G.D.Tesisi | Sakarya<\/h2>\t\t<\/div>\n\t\t\t\t<\/div>\n\t\t\t\t<div class=\"elementor-element elementor-element-cf3aa17 elementor-widget elementor-widget-google_maps\" data-id=\"cf3aa17\" data-element_type=\"widget\" data-widget_type=\"google_maps.default\">\n\t\t\t\t<div class=\"elementor-widget-container\">\n\t\t\t\t\t<div class=\"elementor-custom-embed\">\n\t\t\t<iframe frameborder=\"0\" scrolling=\"no\" marginheight=\"0\" marginwidth=\"0\"\n\t\t\t\t\tsrc=\"https:\/\/maps.google.com\/maps?q=Salihiye%2C%20JJQ8%2BMC%2C%2054405%20Akyaz%C4%B1%2FSakarya&#038;t=m&#038;z=13&#038;output=embed&#038;iwloc=near\"\n\t\t\t\t\ttitle=\"Salihiye, JJQ8+MC, 54405 Akyaz\u0131\/Sakarya\"\n\t\t\t\t\taria-label=\"Salihiye, JJQ8+MC, 54405 Akyaz\u0131\/Sakarya\"\n\t\t\t><\/iframe>\n\t\t<\/div>\n\t\t\t\t<\/div>\n\t\t\t\t<\/div>\n\t\t\t\t<div class=\"elementor-element elementor-element-6f0ed75 elementor-widget elementor-widget-text-editor\" data-id=\"6f0ed75\" data-element_type=\"widget\" data-widget_type=\"text-editor.default\">\n\t\t\t\t<div class=\"elementor-widget-container\">\n\t\t\t\t\t\t\t<p>Salihiye Mh. Salihiye Sk. No:162 Akyaz\u0131\/SAKARYA<\/p><p>+90 262 335 33 45<\/p>\t\t\t\t\t\t<\/div>\n\t\t\t\t<\/div>\n\t\t\t\t<div class=\"elementor-element elementor-element-1ee15a8 elementor-widget elementor-widget-gva-gallery\" data-id=\"1ee15a8\" data-element_type=\"widget\" data-widget_type=\"gva-gallery.default\">\n\t\t\t\t<div class=\"elementor-widget-container\">\n\t\t\t<div class=\"gva-element-gva-gallery gva-element\">\r\n\t<div class=\"gva-gallery-carousel\">\r\n\t\t<div class=\"init-carousel-owl owl-carousel\" data-items=\"3\" data-items_lg=\"3\" data-items_md=\"3\" data-items_sm=\"2\" data-items_xs=\"1\" data-items_xx=\"1\" data-loop=\"1\" data-speed=\"800\" data-auto_play=\"1\" data-auto_play_speed=\"800\" data-auto_play_timeout=\"6000\" data-auto_play_hover=\"1\" data-navigation=\"1\" data-pagination=\"0\" data-mouse_drag=\"1\" data-touch_drag=\"1\" >\r\n\t\t\t<div class=\"item\">\r\n\r\n   <div class=\"gva-gallery gallery-style-1\">\r\n      <div class=\"gallery-item\">\r\n\r\n                     <div class=\"image\">\r\n               <img src=\"https:\/\/garantigeridonusum.com\/wp-content\/uploads\/2020\/12\/IMG_2523-600x600.jpg\" alt=\"\" \/>  \r\n            <\/div>\r\n            <a class=\"photo-gallery\" href=\"http:\/\/garantigeridonusum.com\/wp-content\/uploads\/2020\/12\/IMG_2523-scaled.jpg\" data-elementor-lightbox-slideshow=\"gallery-q0mu\"><\/a>\r\n                        <\/div>\r\n   <\/div>\r\n<\/div><div class=\"item\">\r\n\r\n   <div class=\"gva-gallery gallery-style-1\">\r\n      <div class=\"gallery-item\">\r\n\r\n                     <div class=\"image\">\r\n               <img src=\"https:\/\/garantigeridonusum.com\/wp-content\/uploads\/2020\/12\/IMG_2538-600x600.jpg\" alt=\"\" \/>  \r\n            <\/div>\r\n            <a class=\"photo-gallery\" href=\"http:\/\/garantigeridonusum.com\/wp-content\/uploads\/2020\/12\/IMG_2538-scaled-e1643895374744.jpg\" data-elementor-lightbox-slideshow=\"gallery-q0mu\"><\/a>\r\n                        <\/div>\r\n   <\/div>\r\n<\/div><div class=\"item\">\r\n\r\n   <div class=\"gva-gallery gallery-style-1\">\r\n      <div class=\"gallery-item\">\r\n\r\n                     <div class=\"image\">\r\n               <img src=\"https:\/\/garantigeridonusum.com\/wp-content\/uploads\/2020\/12\/IMG_2550-600x600.jpg\" alt=\"\" \/>  \r\n            <\/div>\r\n            <a class=\"photo-gallery\" href=\"http:\/\/garantigeridonusum.com\/wp-content\/uploads\/2020\/12\/IMG_2550-scaled.jpg\" data-elementor-lightbox-slideshow=\"gallery-q0mu\"><\/a>\r\n                        <\/div>\r\n   <\/div>\r\n<\/div><div class=\"item\">\r\n\r\n   <div class=\"gva-gallery gallery-style-1\">\r\n      <div class=\"gallery-item\">\r\n\r\n                     <div class=\"image\">\r\n               <img src=\"https:\/\/garantigeridonusum.com\/wp-content\/uploads\/2020\/12\/IMG_2567-600x600.jpg\" alt=\"\" \/>  \r\n            <\/div>\r\n            <a class=\"photo-gallery\" href=\"http:\/\/garantigeridonusum.com\/wp-content\/uploads\/2020\/12\/IMG_2567-scaled-e1643895446793.jpg\" data-elementor-lightbox-slideshow=\"gallery-q0mu\"><\/a>\r\n                        <\/div>\r\n   <\/div>\r\n<\/div>\t\t<\/div>\r\n\t<\/div>\r\n<\/div>\t\t<\/div>\n\t\t\t\t<\/div>\n\t\t\t\t\t<\/div>\n\t\t<\/div>\n\t\t\t\t\t\t\t<\/div>\n\t\t<\/section>\n\t\t\t\t<section class=\"elementor-section elementor-top-section elementor-element elementor-element-23a0131 elementor-section-boxed elementor-section-height-default elementor-section-height-default row-top\" data-id=\"23a0131\" data-element_type=\"section\">\n\t\t\t\t\t\t<div class=\"elementor-container elementor-column-gap-default\">\n\t\t\t\t\t<div class=\"elementor-column elementor-col-100 elementor-top-column elementor-element elementor-element-8f5ee4e column-style-top\" data-id=\"8f5ee4e\" data-element_type=\"column\">\n\t\t\t<div class=\"elementor-widget-wrap elementor-element-populated\">\n\t\t\t\t\t\t\t\t<div class=\"elementor-element elementor-element-0d068e2 elementor-widget elementor-widget-shortcode\" data-id=\"0d068e2\" data-element_type=\"widget\" data-widget_type=\"shortcode.default\">\n\t\t\t\t<div class=\"elementor-widget-container\">\n\t\t\t\t\t<div class=\"elementor-shortcode\"><div role=\"form\" class=\"wpcf7\" id=\"wpcf7-f1178-o1\" lang=\"en-US\" dir=\"ltr\">\n<div class=\"screen-reader-response\"><p role=\"status\" aria-live=\"polite\" aria-atomic=\"true\"><\/p> <ul><\/ul><\/div>\n<form action=\"\/en\/wp-json\/wp\/v2\/pages\/1367#wpcf7-f1178-o1\" method=\"post\" class=\"wpcf7-form init\" novalidate=\"novalidate\" data-status=\"init\" data-trp-original-action=\"\/en\/wp-json\/wp\/v2\/pages\/1367#wpcf7-f1178-o1\">\n<div style=\"display: none;\">\n<input type=\"hidden\" name=\"_wpcf7\" value=\"1178\" \/>\n<input type=\"hidden\" name=\"_wpcf7_version\" value=\"5.5.6\" \/>\n<input type=\"hidden\" name=\"_wpcf7_locale\" value=\"en_US\" \/>\n<input type=\"hidden\" name=\"_wpcf7_unit_tag\" value=\"wpcf7-f1178-o1\" \/>\n<input type=\"hidden\" name=\"_wpcf7_container_post\" value=\"0\" \/>\n<input type=\"hidden\" name=\"_wpcf7_posted_data_hash\" value=\"\" \/>\n<\/div>\n<div class=\"row\">\n<div class=\"col-sm-6 col-xs-12\"><span class=\"wpcf7-form-control-wrap your-name\"><input type=\"text\" name=\"your-name\" value=\"\" size=\"40\" class=\"wpcf7-form-control wpcf7-text wpcf7-validates-as-required\" aria-required=\"true\" aria-invalid=\"false\" placeholder=\"Ad\" \/><\/span><\/div>\n<div class=\"col-sm-6 col-xs-12\"><span class=\"wpcf7-form-control-wrap your-surname\"><input type=\"text\" name=\"your-surname\" value=\"\" size=\"40\" class=\"wpcf7-form-control wpcf7-text wpcf7-validates-as-required\" aria-required=\"true\" aria-invalid=\"false\" placeholder=\"Soyad\" \/><\/span><\/div>\n<\/div>\n<div class=\"row\">\n<div class=\"col-sm-6 col-xs-12\"><span class=\"wpcf7-form-control-wrap your-email\"><input type=\"email\" name=\"your-email\" value=\"\" size=\"40\" class=\"wpcf7-form-control wpcf7-text wpcf7-email wpcf7-validates-as-required wpcf7-validates-as-email\" aria-required=\"true\" aria-invalid=\"false\" placeholder=\"e-Mail\" \/><\/span><\/div>\n<div class=\"col-sm-6 col-xs-12\"><span class=\"wpcf7-form-control-wrap your-phone\"><input type=\"tel\" name=\"your-phone\" value=\"\" size=\"40\" class=\"wpcf7-form-control wpcf7-text wpcf7-tel wpcf7-validates-as-required wpcf7-validates-as-tel\" aria-required=\"true\" aria-invalid=\"false\" placeholder=\"Telefon\" \/><\/span><\/div>\n<\/div>\n<div class=\"row\">\n<div class=\"col-sm-12 col-xs-12\"><span class=\"wpcf7-form-control-wrap your-message\"><textarea name=\"your-message\" cols=\"40\" rows=\"10\" class=\"wpcf7-form-control wpcf7-textarea\" aria-invalid=\"false\" placeholder=\"Mesaj\u0131n\u0131z\"><\/textarea><\/span> <\/div>\n<div class=\"col-sm-12 col-xs-12 action\"><span class=\"form-action\"><input type=\"submit\" value=\"G\u00f6nder\" class=\"wpcf7-form-control has-spinner wpcf7-submit\" \/><\/span><\/div>\n<\/div>\n<div class=\"wpcf7-response-output\" aria-hidden=\"true\"><\/div><input type=\"hidden\" name=\"trp-form-language\" value=\"en\"\/><\/form><\/div><\/div>\n\t\t\t\t<\/div>\n\t\t\t\t<\/div>\n\t\t\t\t\t<\/div>\n\t\t<\/div>\n\t\t\t\t\t\t\t<\/div>\n\t\t<\/section>\n\t\t\t\t\t\t<\/div>\n\t\t\t\t\t<\/div>","protected":false},"excerpt":{"rendered":"<p>Merkez Ofis |&nbsp;\u0130stanbul Maslak Mah. Eski B\u00fcy\u00fck Dere Cad. No:7, Kat:19 Sar\u0131yer \/ \u0130stanbul +90 850 888 75 23 Sat\u0131\u015f Ofisi |&nbsp;\u0130stanbul \u0130pkas Sanayi Sitesi 10\/A Blok No:24\/26 \u0130kitelli &#8211; [&hellip;]<\/p>","protected":false},"author":1,"featured_media":0,"parent":0,"menu_order":0,"comment_status":"closed","ping_status":"closed","template":"","meta":{"inline_featured_image":false},"_links":{"self":[{"href":"https:\/\/garantigeridonusum.com\/en\/wp-json\/wp\/v2\/pages\/1367"}],"collection":[{"href":"https:\/\/garantigeridonusum.com\/en\/wp-json\/wp\/v2\/pages"}],"about":[{"href":"https:\/\/garantigeridonusum.com\/en\/wp-json\/wp\/v2\/types\/page"}],"author":[{"embeddable":true,"href":"https:\/\/garantigeridonusum.com\/en\/wp-json\/wp\/v2\/users\/1"}],"replies":[{"embeddable":true,"href":"https:\/\/garantigeridonusum.com\/en\/wp-json\/wp\/v2\/comments?post=1367"}],"version-history":[{"count":71,"href":"https:\/\/garantigeridonusum.com\/en\/wp-json\/wp\/v2\/pages\/1367\/revisions"}],"predecessor-version":[{"id":2835,"href":"https:\/\/garantigeridonusum.com\/en\/wp-json\/wp\/v2\/pages\/1367\/revisions\/2835"}],"wp:attachment":[{"href":"https:\/\/garantigeridonusum.com\/en\/wp-json\/wp\/v2\/media?parent=1367"}],"curies":[{"name":"wp","href":"https:\/\/api.w.org\/{rel}","templated":true}]}}