{"id":1357,"date":"2022-01-07T10:23:10","date_gmt":"2022-01-07T07:23:10","guid":{"rendered":"http:\/\/garantigeridonusum.com\/?page_id=1357"},"modified":"2022-04-21T12:42:27","modified_gmt":"2022-04-21T09:42:27","slug":"garanti-geri-donusum","status":"publish","type":"page","link":"https:\/\/garantigeridonusum.com\/en\/garanti-geri-donusum\/","title":{"rendered":"Plastic Recycling"},"content":{"rendered":"<div data-elementor-type=\"wp-page\" data-elementor-id=\"1357\" class=\"elementor elementor-1357\" data-elementor-settings=\"[]\">\n\t\t\t\t\t\t\t<div class=\"elementor-section-wrap\">\n\t\t\t\t\t\t\t<section class=\"elementor-section elementor-top-section elementor-element elementor-element-7eae10c elementor-section-boxed elementor-section-height-default elementor-section-height-default row-top\" data-id=\"7eae10c\" data-element_type=\"section\">\n\t\t\t\t\t\t<div class=\"elementor-container elementor-column-gap-default\">\n\t\t\t\t\t<div class=\"elementor-column elementor-col-100 elementor-top-column elementor-element elementor-element-d6df187 column-style-top\" data-id=\"d6df187\" data-element_type=\"column\">\n\t\t\t<div class=\"elementor-widget-wrap elementor-element-populated\">\n\t\t\t\t\t\t\t\t<div class=\"elementor-element elementor-element-82183d2 elementor-widget elementor-widget-text-editor\" data-id=\"82183d2\" data-element_type=\"widget\" data-widget_type=\"text-editor.default\">\n\t\t\t\t<div class=\"elementor-widget-container\">\n\t\t\t<style>\/*! elementor - v3.5.6 - 28-02-2022 *\/\n.elementor-widget-text-editor.elementor-drop-cap-view-stacked .elementor-drop-cap{background-color:#818a91;color:#fff}.elementor-widget-text-editor.elementor-drop-cap-view-framed .elementor-drop-cap{color:#818a91;border:3px solid;background-color:transparent}.elementor-widget-text-editor:not(.elementor-drop-cap-view-default) .elementor-drop-cap{margin-top:8px}.elementor-widget-text-editor:not(.elementor-drop-cap-view-default) .elementor-drop-cap-letter{width:1em;height:1em}.elementor-widget-text-editor .elementor-drop-cap{float:left;text-align:center;line-height:1;font-size:50px}.elementor-widget-text-editor .elementor-drop-cap-letter{display:inline-block}<\/style>\t\t\t\t<p>Garanti Recycling, which produces and converts plastic raw materials, meets the need for raw materials in plastic production. It produces POLYETHYLENE(PE) and POLYPROPYLEN (PP), which are the most widely used in the world plastic market, and presents them to the world market. You can contact our customer representatives for reasonable price and raw material requirement.<\/p><p><strong>LDPE<\/strong> (Low Density Polyethylene) D\u00fc\u015f\u00fck Yo\u011funluklu Polietilen, petrolden meydana gelen bir termoplastiktir. Al\u0131\u015fveri\u015f torbalar\u0131 ve di\u011fer plastik film uygulamalar\u0131 i\u00e7in \u00f6zellikle uygun hale getiren benzersiz ak\u0131\u015f \u00f6zelliklerine sahip \u00e7ok esnek bir malzemedir.<\/p><p><strong>LLDPE<\/strong> (Linear Low Density Polyethylene) LLDPE is distinguished from LDPE by the absence of long chain branching. LLDPE is used in various fields such as thin bags and thin films, stretch films, lids, buckets, cable coatings.<\/p><p><strong>HDPE<\/strong> (High Density Polyethylene) is a high-density polyethylene material obtained from petroleum. It is a solid and moderately hard plastic with a fairly crystalline structure. It is usually used for milk cartoons, laundry detergent, garbage cans and cutting boards.<\/p><p><strong>PP<\/strong> (Polypropylene) is a thermoplastic polymer with a very wide range of applications, from parts used in the automotive industry to textile and food packaging. Polypropylene obtained by making a monomer polymer is extremely resistant to chemical solvents (acids and bases).<\/p><p>Polipropilen yorulmaya kar\u015f\u0131 \u00e7ok iyi diren\u00e7 g\u00f6sterir. D\u00fc\u015f\u00fck maliyetlidir, iyi bir darbe dayan\u0131m\u0131 vard\u0131r. S\u00fcrt\u00fcnme katsay\u0131s\u0131 d\u00fc\u015f\u00fck olup \u00e7ok iyi elektrik yal\u0131t\u0131m\u0131 sa\u011flar, kimyasal direnci iyidir. T\u00fcm termoplastik i\u015fleme proseslerine uygundur. Polipropilenin erime s\u0131cakl\u0131\u011f\u0131 130\u00b0 ile 171\u00b0 aras\u0131ndad\u0131r.<\/p><p><strong>OPP<\/strong> (Oriented Polypropylene) is a product whose mechanical properties are intended to be changed by stretching the plastic raw material in one direction during the production of polypropylene film.<\/p>\t\t\t\t\t\t<\/div>\n\t\t\t\t<\/div>\n\t\t\t\t\t<\/div>\n\t\t<\/div>\n\t\t\t\t\t\t\t<\/div>\n\t\t<\/section>\n\t\t\t\t<section class=\"elementor-section elementor-top-section elementor-element elementor-element-6bbb05b elementor-section-boxed elementor-section-height-default elementor-section-height-default row-top\" data-id=\"6bbb05b\" data-element_type=\"section\">\n\t\t\t\t\t\t<div class=\"elementor-container elementor-column-gap-default\">\n\t\t\t\t\t<div class=\"elementor-column elementor-col-100 elementor-top-column elementor-element elementor-element-b3aa39d column-style-top\" data-id=\"b3aa39d\" data-element_type=\"column\">\n\t\t\t<div class=\"elementor-widget-wrap elementor-element-populated\">\n\t\t\t\t\t\t\t\t<div class=\"elementor-element elementor-element-90eda49 elementor-widget elementor-widget-gva-services-group\" data-id=\"90eda49\" data-element_type=\"widget\" data-widget_type=\"gva-services-group.default\">\n\t\t\t\t<div class=\"elementor-widget-container\">\n\t\t\t<div class=\"gva-element-gva-services-group gva-element\">\r\n<div class=\"gsc-services-group layout-grid\">\r\n   <div class=\"lg-block-grid-4 md-block-grid-4 sm-block-grid-2 xs-block-grid-2 xx-block-grid-1\">\r\n               <div class=\"item-columns\">\r\n            \r\n\t\r\n\r\n\r\n<!-- Style II -->\r\n   <div class=\"service-item style-2\">\r\n      <div class=\"service-item-content\">\r\n\t\t\t\t\t\t\t<div class=\"service-image\">\r\n\t\t\t\t<img src=\"http:\/\/garantigeridonusum.com\/wp-content\/uploads\/2022\/02\/LDPE-S\u0327effaf.jpg\" alt=\"LDPE \u015eeffaf\" \/>\r\n\t\t\t\t<\/div>\r\n\t\t\t\t\r\n\t\t\t<div class=\"service-inner\">\t\r\n\t\t\t\t\t\t\t\t\t<div class=\"box-icon\">\r\n\t\t\t\t\t\t<span class=\"icon\">\r\n\t\t\t\t\t\t<i aria-hidden=\"true\" class=\"fas fa-dice-d20\"><\/i><\/span>\r\n\t\t\t\t\t<\/div>\r\n\t\t\t\t\r\n\t\t\t\t\t\t\t\t\t<h3 class=\"title\"><span>LDPE \u015eeffaf<\/span><\/h3>\r\n\t\t\t\t\r\n\t\t\t\t\t\t\t\t\t<div class=\"read-more\">\r\n\t\t\t\t\t\t\t\t  <a href=\"http:\/\/garantigeridonusum.com\/wp-content\/uploads\/2020\/12\/TDS-01-LDPE-S\u0327EFFAF.pdf\" class=\"btn-white\">\r\n\t\t\t Read more\t\t  <\/a>\r\n\t\t  \t\t\t\t\t<\/div>\r\n\t\t\t\t\t\t\t<\/div>\r\n\r\n\t\t<\/div>\r\n\r\n\t\t\t\t  <a href=\"http:\/\/garantigeridonusum.com\/wp-content\/uploads\/2020\/12\/TDS-01-LDPE-S\u0327EFFAF.pdf\" class=\"link-overlay\"><\/a>\r\n\t\t  \t<\/div>\r\n\t\r\n\r\n<!-- Style III & Style IV -->\r\n\t\r\n\r\n         <\/div>\r\n               <div class=\"item-columns\">\r\n            \r\n\t\r\n\r\n\r\n<!-- Style II -->\r\n   <div class=\"service-item style-2\">\r\n      <div class=\"service-item-content\">\r\n\t\t\t\t\t\t\t<div class=\"service-image\">\r\n\t\t\t\t<img src=\"http:\/\/garantigeridonusum.com\/wp-content\/uploads\/2022\/02\/LDPE-Ara-S\u0327effaf.jpg\" alt=\"LDPE Ara \u015eeffaf\" \/>\r\n\t\t\t\t<\/div>\r\n\t\t\t\t\r\n\t\t\t<div class=\"service-inner\">\t\r\n\t\t\t\t\t\t\t\t\t<div class=\"box-icon\">\r\n\t\t\t\t\t\t<span class=\"icon\">\r\n\t\t\t\t\t\t<i aria-hidden=\"true\" class=\"fas fa-dice-d20\"><\/i><\/span>\r\n\t\t\t\t\t<\/div>\r\n\t\t\t\t\r\n\t\t\t\t\t\t\t\t\t<h3 class=\"title\"><span>LDPE Ara \u015eeffaf<\/span><\/h3>\r\n\t\t\t\t\r\n\t\t\t\t\t\t\t\t\t<div class=\"read-more\">\r\n\t\t\t\t\t\t\t\t  <a href=\"http:\/\/garantigeridonusum.com\/wp-content\/uploads\/2020\/12\/TDS-02-LDPE-ARA-S\u0327EFFAF-1.pdf\" class=\"btn-white\">\r\n\t\t\t Read more\t\t  <\/a>\r\n\t\t  \t\t\t\t\t<\/div>\r\n\t\t\t\t\t\t\t<\/div>\r\n\r\n\t\t<\/div>\r\n\r\n\t\t\t\t  <a href=\"http:\/\/garantigeridonusum.com\/wp-content\/uploads\/2020\/12\/TDS-02-LDPE-ARA-S\u0327EFFAF-1.pdf\" class=\"link-overlay\"><\/a>\r\n\t\t  \t<\/div>\r\n\t\r\n\r\n<!-- Style III & Style IV -->\r\n\t\r\n\r\n         <\/div>\r\n               <div class=\"item-columns\">\r\n            \r\n\t\r\n\r\n\r\n<!-- Style II -->\r\n   <div class=\"service-item style-2\">\r\n      <div class=\"service-item-content\">\r\n\t\t\t\t\t\t\t<div class=\"service-image\">\r\n\t\t\t\t<img src=\"http:\/\/garantigeridonusum.com\/wp-content\/uploads\/2022\/02\/LLDPE-Balko\u0308pu\u0308g\u0306u\u0308.jpg\" alt=\"LDPE Balk\u00f6p\u00fc\u011f\u00fc\" \/>\r\n\t\t\t\t<\/div>\r\n\t\t\t\t\r\n\t\t\t<div class=\"service-inner\">\t\r\n\t\t\t\t\t\t\t\t\t<div class=\"box-icon\">\r\n\t\t\t\t\t\t<span class=\"icon\">\r\n\t\t\t\t\t\t<i aria-hidden=\"true\" class=\"fas fa-dice-d20\"><\/i><\/span>\r\n\t\t\t\t\t<\/div>\r\n\t\t\t\t\r\n\t\t\t\t\t\t\t\t\t<h3 class=\"title\"><span>LDPE Balk\u00f6p\u00fc\u011f\u00fc<\/span><\/h3>\r\n\t\t\t\t\r\n\t\t\t\t\t\t\t\t\t<div class=\"read-more\">\r\n\t\t\t\t\t\t\t\t  <a href=\"http:\/\/garantigeridonusum.com\/wp-content\/uploads\/2020\/12\/TDS-03-LDPE-BAL-KO\u0308PU\u0308G\u0306U\u0308-1.pdf\" class=\"btn-white\">\r\n\t\t\t Read more\t\t  <\/a>\r\n\t\t  \t\t\t\t\t<\/div>\r\n\t\t\t\t\t\t\t<\/div>\r\n\r\n\t\t<\/div>\r\n\r\n\t\t\t\t  <a href=\"http:\/\/garantigeridonusum.com\/wp-content\/uploads\/2020\/12\/TDS-03-LDPE-BAL-KO\u0308PU\u0308G\u0306U\u0308-1.pdf\" class=\"link-overlay\"><\/a>\r\n\t\t  \t<\/div>\r\n\t\r\n\r\n<!-- Style III & Style IV -->\r\n\t\r\n\r\n         <\/div>\r\n               <div class=\"item-columns\">\r\n            \r\n\t\r\n\r\n\r\n<!-- Style II -->\r\n   <div class=\"service-item style-2\">\r\n      <div class=\"service-item-content\">\r\n\t\t\t\t\t\t\t<div class=\"service-image\">\r\n\t\t\t\t<img src=\"http:\/\/garantigeridonusum.com\/wp-content\/uploads\/2022\/02\/LLDPE-Renkli.jpg\" alt=\"LDPE Renkli\" \/>\r\n\t\t\t\t<\/div>\r\n\t\t\t\t\r\n\t\t\t<div class=\"service-inner\">\t\r\n\t\t\t\t\t\t\t\t\t<div class=\"box-icon\">\r\n\t\t\t\t\t\t<span class=\"icon\">\r\n\t\t\t\t\t\t<i aria-hidden=\"true\" class=\"fas fa-dice-d20\"><\/i><\/span>\r\n\t\t\t\t\t<\/div>\r\n\t\t\t\t\r\n\t\t\t\t\t\t\t\t\t<h3 class=\"title\"><span>LDPE Renkli<\/span><\/h3>\r\n\t\t\t\t\r\n\t\t\t\t\t\t\t\t\t<div class=\"read-more\">\r\n\t\t\t\t\t\t\t\t  <a href=\"http:\/\/garantigeridonusum.com\/wp-content\/uploads\/2020\/12\/TDS-04-LDPE-RENKLI\u0307-1.pdf\" class=\"btn-white\">\r\n\t\t\t Read more\t\t  <\/a>\r\n\t\t  \t\t\t\t\t<\/div>\r\n\t\t\t\t\t\t\t<\/div>\r\n\r\n\t\t<\/div>\r\n\r\n\t\t\t\t  <a href=\"http:\/\/garantigeridonusum.com\/wp-content\/uploads\/2020\/12\/TDS-04-LDPE-RENKLI\u0307-1.pdf\" class=\"link-overlay\"><\/a>\r\n\t\t  \t<\/div>\r\n\t\r\n\r\n<!-- Style III & Style IV -->\r\n\t\r\n\r\n         <\/div>\r\n         <\/div>   \r\n<\/div>\r\n<\/div>\t\t<\/div>\n\t\t\t\t<\/div>\n\t\t\t\t\t<\/div>\n\t\t<\/div>\n\t\t\t\t\t\t\t<\/div>\n\t\t<\/section>\n\t\t\t\t<section class=\"elementor-section elementor-top-section elementor-element elementor-element-2595586 elementor-section-boxed elementor-section-height-default elementor-section-height-default row-top\" data-id=\"2595586\" data-element_type=\"section\">\n\t\t\t\t\t\t<div class=\"elementor-container elementor-column-gap-default\">\n\t\t\t\t\t<div class=\"elementor-column elementor-col-100 elementor-top-column elementor-element elementor-element-33b1408 column-style-top\" data-id=\"33b1408\" data-element_type=\"column\">\n\t\t\t<div class=\"elementor-widget-wrap elementor-element-populated\">\n\t\t\t\t\t\t\t\t<div class=\"elementor-element elementor-element-d71a3d8 elementor-widget elementor-widget-gva-services-group\" data-id=\"d71a3d8\" data-element_type=\"widget\" data-widget_type=\"gva-services-group.default\">\n\t\t\t\t<div class=\"elementor-widget-container\">\n\t\t\t<div class=\"gva-element-gva-services-group gva-element\">\r\n<div class=\"gsc-services-group layout-grid\">\r\n   <div class=\"lg-block-grid-4 md-block-grid-4 sm-block-grid-2 xs-block-grid-2 xx-block-grid-1\">\r\n               <div class=\"item-columns\">\r\n            \r\n\t\r\n\r\n\r\n<!-- Style II -->\r\n   <div class=\"service-item style-2\">\r\n      <div class=\"service-item-content\">\r\n\t\t\t\t\t\t\t<div class=\"service-image\">\r\n\t\t\t\t<img src=\"http:\/\/garantigeridonusum.com\/wp-content\/uploads\/2022\/02\/LLDPE-S\u0327effaf.jpg\" alt=\"LLDPE \u015eeffaf\" \/>\r\n\t\t\t\t<\/div>\r\n\t\t\t\t\r\n\t\t\t<div class=\"service-inner\">\t\r\n\t\t\t\t\t\t\t\t\t<div class=\"box-icon\">\r\n\t\t\t\t\t\t<span class=\"icon\">\r\n\t\t\t\t\t\t<i aria-hidden=\"true\" class=\"fas fa-dice-d20\"><\/i><\/span>\r\n\t\t\t\t\t<\/div>\r\n\t\t\t\t\r\n\t\t\t\t\t\t\t\t\t<h3 class=\"title\"><span>LLDPE \u015eeffaf<\/span><\/h3>\r\n\t\t\t\t\r\n\t\t\t\t\t\t\t\t\t<div class=\"read-more\">\r\n\t\t\t\t\t\t\t\t  <a href=\"http:\/\/garantigeridonusum.com\/wp-content\/uploads\/2020\/12\/TDS-05-LLDPE-S\u0327EFFAF.pdf\" class=\"btn-white\">\r\n\t\t\t Read more\t\t  <\/a>\r\n\t\t  \t\t\t\t\t<\/div>\r\n\t\t\t\t\t\t\t<\/div>\r\n\r\n\t\t<\/div>\r\n\r\n\t\t\t\t  <a href=\"http:\/\/garantigeridonusum.com\/wp-content\/uploads\/2020\/12\/TDS-05-LLDPE-S\u0327EFFAF.pdf\" class=\"link-overlay\"><\/a>\r\n\t\t  \t<\/div>\r\n\t\r\n\r\n<!-- Style III & Style IV -->\r\n\t\r\n\r\n         <\/div>\r\n               <div class=\"item-columns\">\r\n            \r\n\t\r\n\r\n\r\n<!-- Style II -->\r\n   <div class=\"service-item style-2\">\r\n      <div class=\"service-item-content\">\r\n\t\t\t\t\t\t\t<div class=\"service-image\">\r\n\t\t\t\t<img src=\"http:\/\/garantigeridonusum.com\/wp-content\/uploads\/2022\/02\/LLDPE-S\u0327effaf.jpg\" alt=\"HDPE Siyah\" \/>\r\n\t\t\t\t<\/div>\r\n\t\t\t\t\r\n\t\t\t<div class=\"service-inner\">\t\r\n\t\t\t\t\t\t\t\t\t<div class=\"box-icon\">\r\n\t\t\t\t\t\t<span class=\"icon\">\r\n\t\t\t\t\t\t<i aria-hidden=\"true\" class=\"fas fa-dice-d20\"><\/i><\/span>\r\n\t\t\t\t\t<\/div>\r\n\t\t\t\t\r\n\t\t\t\t\t\t\t\t\t<h3 class=\"title\"><span>HDPE Siyah<\/span><\/h3>\r\n\t\t\t\t\r\n\t\t\t\t\t\t\t\t\t<div class=\"read-more\">\r\n\t\t\t\t\t\t\t\t  <a href=\"http:\/\/garantigeridonusum.com\/wp-content\/uploads\/2020\/12\/TDS-06-HDPE-SI\u0307YAH.pdf\" class=\"btn-white\">\r\n\t\t\t Read more\t\t  <\/a>\r\n\t\t  \t\t\t\t\t<\/div>\r\n\t\t\t\t\t\t\t<\/div>\r\n\r\n\t\t<\/div>\r\n\r\n\t\t\t\t  <a href=\"http:\/\/garantigeridonusum.com\/wp-content\/uploads\/2020\/12\/TDS-06-HDPE-SI\u0307YAH.pdf\" class=\"link-overlay\"><\/a>\r\n\t\t  \t<\/div>\r\n\t\r\n\r\n<!-- Style III & Style IV -->\r\n\t\r\n\r\n         <\/div>\r\n               <div class=\"item-columns\">\r\n            \r\n\t\r\n\r\n\r\n<!-- Style II -->\r\n   <div class=\"service-item style-2\">\r\n      <div class=\"service-item-content\">\r\n\t\t\t\t\t\t\t<div class=\"service-image\">\r\n\t\t\t\t<img src=\"http:\/\/garantigeridonusum.com\/wp-content\/uploads\/2022\/02\/LLDPE-S\u0327effaf.jpg\" alt=\"PP Siyah\" \/>\r\n\t\t\t\t<\/div>\r\n\t\t\t\t\r\n\t\t\t<div class=\"service-inner\">\t\r\n\t\t\t\t\t\t\t\t\t<div class=\"box-icon\">\r\n\t\t\t\t\t\t<span class=\"icon\">\r\n\t\t\t\t\t\t<i aria-hidden=\"true\" class=\"fas fa-dice-d20\"><\/i><\/span>\r\n\t\t\t\t\t<\/div>\r\n\t\t\t\t\r\n\t\t\t\t\t\t\t\t\t<h3 class=\"title\"><span>PP Siyah<\/span><\/h3>\r\n\t\t\t\t\r\n\t\t\t\t\t\t\t\t\t<div class=\"read-more\">\r\n\t\t\t\t\t\t\t\t  <a href=\"http:\/\/garantigeridonusum.com\/wp-content\/uploads\/2020\/12\/TDS-11-PP-SI\u0307YAH.pdf\" class=\"btn-white\">\r\n\t\t\t Read more\t\t  <\/a>\r\n\t\t  \t\t\t\t\t<\/div>\r\n\t\t\t\t\t\t\t<\/div>\r\n\r\n\t\t<\/div>\r\n\r\n\t\t\t\t  <a href=\"http:\/\/garantigeridonusum.com\/wp-content\/uploads\/2020\/12\/TDS-11-PP-SI\u0307YAH.pdf\" class=\"link-overlay\"><\/a>\r\n\t\t  \t<\/div>\r\n\t\r\n\r\n<!-- Style III & Style IV -->\r\n\t\r\n\r\n         <\/div>\r\n               <div class=\"item-columns\">\r\n            \r\n\t\r\n\r\n\r\n<!-- Style II -->\r\n   <div class=\"service-item style-2\">\r\n      <div class=\"service-item-content\">\r\n\t\t\t\t\t\t\t<div class=\"service-image\">\r\n\t\t\t\t<img src=\"http:\/\/garantigeridonusum.com\/wp-content\/uploads\/2022\/02\/LLDPE-S\u0327effaf.jpg\" alt=\"OPP Beyaz\" \/>\r\n\t\t\t\t<\/div>\r\n\t\t\t\t\r\n\t\t\t<div class=\"service-inner\">\t\r\n\t\t\t\t\t\t\t\t\t<div class=\"box-icon\">\r\n\t\t\t\t\t\t<span class=\"icon\">\r\n\t\t\t\t\t\t<i aria-hidden=\"true\" class=\"fas fa-dice-d20\"><\/i><\/span>\r\n\t\t\t\t\t<\/div>\r\n\t\t\t\t\r\n\t\t\t\t\t\t\t\t\t<h3 class=\"title\"><span>OPP Beyaz<\/span><\/h3>\r\n\t\t\t\t\r\n\t\t\t\t\t\t\t\t\t<div class=\"read-more\">\r\n\t\t\t\t\t\t\t\t  <a href=\"http:\/\/garantigeridonusum.com\/wp-content\/uploads\/2020\/12\/TDS-12-OPP-BEYAZ.pdf\" class=\"btn-white\">\r\n\t\t\t Read more\t\t  <\/a>\r\n\t\t  \t\t\t\t\t<\/div>\r\n\t\t\t\t\t\t\t<\/div>\r\n\r\n\t\t<\/div>\r\n\r\n\t\t\t\t  <a href=\"http:\/\/garantigeridonusum.com\/wp-content\/uploads\/2020\/12\/TDS-12-OPP-BEYAZ.pdf\" class=\"link-overlay\"><\/a>\r\n\t\t  \t<\/div>\r\n\t\r\n\r\n<!-- Style III & Style IV -->\r\n\t\r\n\r\n         <\/div>\r\n         <\/div>   \r\n<\/div>\r\n<\/div>\t\t<\/div>\n\t\t\t\t<\/div>\n\t\t\t\t\t<\/div>\n\t\t<\/div>\n\t\t\t\t\t\t\t<\/div>\n\t\t<\/section>\n\t\t\t\t<section class=\"elementor-section elementor-top-section elementor-element elementor-element-6a363590 elementor-section-boxed elementor-section-height-default elementor-section-height-default row-top\" data-id=\"6a363590\" data-element_type=\"section\">\n\t\t\t\t\t\t<div class=\"elementor-container elementor-column-gap-default\">\n\t\t\t\t\t<div class=\"elementor-column elementor-col-100 elementor-top-column elementor-element elementor-element-7482e37b column-style-top\" data-id=\"7482e37b\" data-element_type=\"column\">\n\t\t\t<div class=\"elementor-widget-wrap elementor-element-populated\">\n\t\t\t\t\t\t\t\t<div class=\"elementor-element elementor-element-452d9254 elementor-widget elementor-widget-gva-services-group\" data-id=\"452d9254\" data-element_type=\"widget\" data-widget_type=\"gva-services-group.default\">\n\t\t\t\t<div class=\"elementor-widget-container\">\n\t\t\t<div class=\"gva-element-gva-services-group gva-element\">\r\n<div class=\"gsc-services-group layout-grid\">\r\n   <div class=\"lg-block-grid-4 md-block-grid-4 sm-block-grid-2 xs-block-grid-2 xx-block-grid-1\">\r\n               <div class=\"item-columns\">\r\n            \r\n\t\r\n\r\n\r\n<!-- Style II -->\r\n   <div class=\"service-item style-2\">\r\n      <div class=\"service-item-content\">\r\n\t\t\t\t\t\t\t<div class=\"service-image\">\r\n\t\t\t\t<img src=\"http:\/\/garantigeridonusum.com\/wp-content\/uploads\/2022\/02\/PP-S\u0327effaf-Phobic.jpg\" alt=\"PP \u015eeffaf\" \/>\r\n\t\t\t\t<\/div>\r\n\t\t\t\t\r\n\t\t\t<div class=\"service-inner\">\t\r\n\t\t\t\t\t\t\t\t\t<div class=\"box-icon\">\r\n\t\t\t\t\t\t<span class=\"icon\">\r\n\t\t\t\t\t\t<i aria-hidden=\"true\" class=\"fas fa-dice-d20\"><\/i><\/span>\r\n\t\t\t\t\t<\/div>\r\n\t\t\t\t\r\n\t\t\t\t\t\t\t\t\t<h3 class=\"title\"><span>PP \u015eeffaf<\/span><\/h3>\r\n\t\t\t\t\r\n\t\t\t\t\t\t\t\t\t<div class=\"read-more\">\r\n\t\t\t\t\t\t\t\t  <a href=\"http:\/\/garantigeridonusum.com\/wp-content\/uploads\/2020\/12\/TDS-07-PP-S\u0327EFFAF.pdf\" class=\"btn-white\">\r\n\t\t\t Read more\t\t  <\/a>\r\n\t\t  \t\t\t\t\t<\/div>\r\n\t\t\t\t\t\t\t<\/div>\r\n\r\n\t\t<\/div>\r\n\r\n\t\t\t\t  <a href=\"http:\/\/garantigeridonusum.com\/wp-content\/uploads\/2020\/12\/TDS-07-PP-S\u0327EFFAF.pdf\" class=\"link-overlay\"><\/a>\r\n\t\t  \t<\/div>\r\n\t\r\n\r\n<!-- Style III & Style IV -->\r\n\t\r\n\r\n         <\/div>\r\n               <div class=\"item-columns\">\r\n            \r\n\t\r\n\r\n\r\n<!-- Style II -->\r\n   <div class=\"service-item style-2\">\r\n      <div class=\"service-item-content\">\r\n\t\t\t\t\t\t\t<div class=\"service-image\">\r\n\t\t\t\t<img src=\"http:\/\/garantigeridonusum.com\/wp-content\/uploads\/2022\/02\/PP-beyaz-Philic.jpg\" alt=\"PP Beyaz\" \/>\r\n\t\t\t\t<\/div>\r\n\t\t\t\t\r\n\t\t\t<div class=\"service-inner\">\t\r\n\t\t\t\t\t\t\t\t\t<div class=\"box-icon\">\r\n\t\t\t\t\t\t<span class=\"icon\">\r\n\t\t\t\t\t\t<i aria-hidden=\"true\" class=\"fas fa-dice-d20\"><\/i><\/span>\r\n\t\t\t\t\t<\/div>\r\n\t\t\t\t\r\n\t\t\t\t\t\t\t\t\t<h3 class=\"title\"><span>PP Beyaz<\/span><\/h3>\r\n\t\t\t\t\r\n\t\t\t\t\t\t\t\t\t<div class=\"read-more\">\r\n\t\t\t\t\t\t\t\t  <a href=\"http:\/\/garantigeridonusum.com\/wp-content\/uploads\/2020\/12\/TDS-08-PP-BEYAZ.pdf\" class=\"btn-white\">\r\n\t\t\t Read more\t\t  <\/a>\r\n\t\t  \t\t\t\t\t<\/div>\r\n\t\t\t\t\t\t\t<\/div>\r\n\r\n\t\t<\/div>\r\n\r\n\t\t\t\t  <a href=\"http:\/\/garantigeridonusum.com\/wp-content\/uploads\/2020\/12\/TDS-08-PP-BEYAZ.pdf\" class=\"link-overlay\"><\/a>\r\n\t\t  \t<\/div>\r\n\t\r\n\r\n<!-- Style III & Style IV -->\r\n\t\r\n\r\n         <\/div>\r\n               <div class=\"item-columns\">\r\n            \r\n\t\r\n\r\n\r\n<!-- Style II -->\r\n   <div class=\"service-item style-2\">\r\n      <div class=\"service-item-content\">\r\n\t\t\t\t\t\t\t<div class=\"service-image\">\r\n\t\t\t\t<img src=\"http:\/\/garantigeridonusum.com\/wp-content\/uploads\/2022\/02\/PP-Mavi.jpg\" alt=\"PP Mavi\" \/>\r\n\t\t\t\t<\/div>\r\n\t\t\t\t\r\n\t\t\t<div class=\"service-inner\">\t\r\n\t\t\t\t\t\t\t\t\t<div class=\"box-icon\">\r\n\t\t\t\t\t\t<span class=\"icon\">\r\n\t\t\t\t\t\t<i aria-hidden=\"true\" class=\"fas fa-dice-d20\"><\/i><\/span>\r\n\t\t\t\t\t<\/div>\r\n\t\t\t\t\r\n\t\t\t\t\t\t\t\t\t<h3 class=\"title\"><span>PP Mavi<\/span><\/h3>\r\n\t\t\t\t\r\n\t\t\t\t\t\t\t\t\t<div class=\"read-more\">\r\n\t\t\t\t\t\t\t\t  <a href=\"http:\/\/garantigeridonusum.com\/wp-content\/uploads\/2020\/12\/TDS-09-PP-MAVI\u0307.pdf\" class=\"btn-white\">\r\n\t\t\t Read more\t\t  <\/a>\r\n\t\t  \t\t\t\t\t<\/div>\r\n\t\t\t\t\t\t\t<\/div>\r\n\r\n\t\t<\/div>\r\n\r\n\t\t\t\t  <a href=\"http:\/\/garantigeridonusum.com\/wp-content\/uploads\/2020\/12\/TDS-09-PP-MAVI\u0307.pdf\" class=\"link-overlay\"><\/a>\r\n\t\t  \t<\/div>\r\n\t\r\n\r\n<!-- Style III & Style IV -->\r\n\t\r\n\r\n         <\/div>\r\n               <div class=\"item-columns\">\r\n            \r\n\t\r\n\r\n\r\n<!-- Style II -->\r\n   <div class=\"service-item style-2\">\r\n      <div class=\"service-item-content\">\r\n\t\t\t\t\t\t\t<div class=\"service-image\">\r\n\t\t\t\t<img src=\"http:\/\/garantigeridonusum.com\/wp-content\/uploads\/2022\/02\/PP-Yes\u0327il-Phobic.jpg\" alt=\"PP Ye\u015fil&lt;br&gt;Phobic\" \/>\r\n\t\t\t\t<\/div>\r\n\t\t\t\t\r\n\t\t\t<div class=\"service-inner\">\t\r\n\t\t\t\t\t\t\t\t\t<div class=\"box-icon\">\r\n\t\t\t\t\t\t<span class=\"icon\">\r\n\t\t\t\t\t\t<i aria-hidden=\"true\" class=\"fas fa-dice-d20\"><\/i><\/span>\r\n\t\t\t\t\t<\/div>\r\n\t\t\t\t\r\n\t\t\t\t\t\t\t\t\t<h3 class=\"title\"><span>PP Ye\u015fil<br>Phobic<\/span><\/h3>\r\n\t\t\t\t\r\n\t\t\t\t\t\t\t\t\t<div class=\"read-more\">\r\n\t\t\t\t\t\t\t\t  <a href=\"http:\/\/garantigeridonusum.com\/wp-content\/uploads\/2020\/12\/TDS-10-PP-YES\u0327I\u0307L-PHOBIC.pdf\" class=\"btn-white\">\r\n\t\t\t Read more\t\t  <\/a>\r\n\t\t  \t\t\t\t\t<\/div>\r\n\t\t\t\t\t\t\t<\/div>\r\n\r\n\t\t<\/div>\r\n\r\n\t\t\t\t  <a href=\"http:\/\/garantigeridonusum.com\/wp-content\/uploads\/2020\/12\/TDS-10-PP-YES\u0327I\u0307L-PHOBIC.pdf\" class=\"link-overlay\"><\/a>\r\n\t\t  \t<\/div>\r\n\t\r\n\r\n<!-- Style III & Style IV -->\r\n\t\r\n\r\n         <\/div>\r\n         <\/div>   \r\n<\/div>\r\n<\/div>\t\t<\/div>\n\t\t\t\t<\/div>\n\t\t\t\t\t<\/div>\n\t\t<\/div>\n\t\t\t\t\t\t\t<\/div>\n\t\t<\/section>\n\t\t\t\t\t\t<\/div>\n\t\t\t\t\t<\/div>","protected":false},"excerpt":{"rendered":"<p>Plastik hammadde \u00fcretimi ve d\u00f6n\u00fc\u015f\u00fcm\u00fc yapan Garanti Geri D\u00f6n\u00fc\u015f\u00fcm, plastik \u00fcretimindeki hammadde ihtiyac\u0131n\u0131 kar\u015f\u0131lamaktad\u0131r. D\u00fcnya plastik pazar\u0131nda en \u00e7ok kullan\u0131lan POLIETILEN (PE) ve POLIPROPILEN (PP) \u00fcretimi yaparak d\u00fcnya pazar\u0131na sunmaktad\u0131r. [&hellip;]<\/p>","protected":false},"author":1,"featured_media":0,"parent":0,"menu_order":0,"comment_status":"closed","ping_status":"closed","template":"","meta":{"inline_featured_image":false},"_links":{"self":[{"href":"https:\/\/garantigeridonusum.com\/en\/wp-json\/wp\/v2\/pages\/1357"}],"collection":[{"href":"https:\/\/garantigeridonusum.com\/en\/wp-json\/wp\/v2\/pages"}],"about":[{"href":"https:\/\/garantigeridonusum.com\/en\/wp-json\/wp\/v2\/types\/page"}],"author":[{"embeddable":true,"href":"https:\/\/garantigeridonusum.com\/en\/wp-json\/wp\/v2\/users\/1"}],"replies":[{"embeddable":true,"href":"https:\/\/garantigeridonusum.com\/en\/wp-json\/wp\/v2\/comments?post=1357"}],"version-history":[{"count":90,"href":"https:\/\/garantigeridonusum.com\/en\/wp-json\/wp\/v2\/pages\/1357\/revisions"}],"predecessor-version":[{"id":2636,"href":"https:\/\/garantigeridonusum.com\/en\/wp-json\/wp\/v2\/pages\/1357\/revisions\/2636"}],"wp:attachment":[{"href":"https:\/\/garantigeridonusum.com\/en\/wp-json\/wp\/v2\/media?parent=1357"}],"curies":[{"name":"wp","href":"https:\/\/api.w.org\/{rel}","templated":true}]}}