{"id":1239,"date":"2022-01-07T09:32:59","date_gmt":"2022-01-07T06:32:59","guid":{"rendered":"http:\/\/garantigeridonusum.com\/?page_id=1239"},"modified":"2022-04-21T11:30:36","modified_gmt":"2022-04-21T08:30:36","slug":"hakkimizda","status":"publish","type":"page","link":"https:\/\/garantigeridonusum.com\/en\/hakkimizda\/","title":{"rendered":"About Us"},"content":{"rendered":"<div data-elementor-type=\"wp-page\" data-elementor-id=\"1239\" class=\"elementor elementor-1239\" data-elementor-settings=\"[]\">\n\t\t\t\t\t\t\t<div class=\"elementor-section-wrap\">\n\t\t\t\t\t\t\t<section class=\"elementor-section elementor-top-section elementor-element elementor-element-4de8220b elementor-section-boxed elementor-section-height-default elementor-section-height-default row-top\" data-id=\"4de8220b\" data-element_type=\"section\">\n\t\t\t\t\t\t<div class=\"elementor-container elementor-column-gap-no\">\n\t\t\t\t\t<div class=\"elementor-column elementor-col-50 elementor-top-column elementor-element elementor-element-66047440 column-style-top\" data-id=\"66047440\" data-element_type=\"column\">\n\t\t\t<div class=\"elementor-widget-wrap elementor-element-populated\">\n\t\t\t\t\t\t\t\t<div class=\"elementor-element elementor-element-29e418a5 elementor-widget elementor-widget-gva-image-content\" data-id=\"29e418a5\" data-element_type=\"widget\" data-widget_type=\"gva-image-content.default\">\n\t\t\t\t<div class=\"elementor-widget-container\">\n\t\t\t<div class=\"gva-element-gva-image-content gva-element\">\t\t\r\n\t  \r\n\t \r\n\t \r\n\r\n\t\t\t<div class=\"gsc-image-content skin-v3\">\r\n\t\t\t\t\t\t\t<div class=\"image\">\r\n\t\t\t\t\t<img width=\"700\" height=\"840\" src=\"https:\/\/garantigeridonusum.com\/wp-content\/uploads\/2022\/01\/bizkimiz.jpg\" class=\"attachment-full size-full\" alt=\"\" loading=\"lazy\" srcset=\"https:\/\/garantigeridonusum.com\/wp-content\/uploads\/2022\/01\/bizkimiz.jpg 700w, https:\/\/garantigeridonusum.com\/wp-content\/uploads\/2022\/01\/bizkimiz-10x12.jpg 10w, https:\/\/garantigeridonusum.com\/wp-content\/uploads\/2022\/01\/bizkimiz-600x720.jpg 600w\" sizes=\"(max-width: 700px) 100vw, 700px\" \/>\t\t\t\t<\/div>\r\n\t\t\t\t\t\t<div class=\"shape-1\"><\/div>\r\n\t\t<\/div>\r\n\r\n <\/div>\t\t<\/div>\n\t\t\t\t<\/div>\n\t\t\t\t\t<\/div>\n\t\t<\/div>\n\t\t\t\t<div class=\"elementor-column elementor-col-50 elementor-top-column elementor-element elementor-element-7931c472 column-style-top\" data-id=\"7931c472\" data-element_type=\"column\">\n\t\t\t<div class=\"elementor-widget-wrap elementor-element-populated\">\n\t\t\t\t\t\t\t\t<div class=\"elementor-element elementor-element-5a1c26d elementor-widget elementor-widget-text-editor\" data-id=\"5a1c26d\" data-element_type=\"widget\" data-widget_type=\"text-editor.default\">\n\t\t\t\t<div class=\"elementor-widget-container\">\n\t\t\t<style>\/*! elementor - v3.5.6 - 28-02-2022 *\/\n.elementor-widget-text-editor.elementor-drop-cap-view-stacked .elementor-drop-cap{background-color:#818a91;color:#fff}.elementor-widget-text-editor.elementor-drop-cap-view-framed .elementor-drop-cap{color:#818a91;border:3px solid;background-color:transparent}.elementor-widget-text-editor:not(.elementor-drop-cap-view-default) .elementor-drop-cap{margin-top:8px}.elementor-widget-text-editor:not(.elementor-drop-cap-view-default) .elementor-drop-cap-letter{width:1em;height:1em}.elementor-widget-text-editor .elementor-drop-cap{float:left;text-align:center;line-height:1;font-size:50px}.elementor-widget-text-editor .elementor-drop-cap-letter{display:inline-block}<\/style>\t\t\t\t<h2 style=\"font-size: 16px; line-height: 26px; font-weight: bold; display: inline-block; margin-bottom: 10px; color: #40b7a4;\">Garanti Reycle<\/h2><h3 style=\"font-size: 60px; line-height: 70px; letter-spacing: -1.8px;\">About Us<\/h3><p>Garanti Recycling was established in 2005. Despite its young age, our company, which is moving towards becoming an international \u201cpreferred\u201d brand with experienced managers and employees who do not compromise on teamwork, has managed to become the supplier of many organizations leading different sectors.<\/p><p>Garanti Recycling has decided to take part in the global market thanks to its rapid financial growth and commercial connections and established Garanti Recycling Collection and Separation plant in 2013 on an area of 5.000 m2 in \u0130zmit and decided to maintain the existing recycling plant in Had\u0131mk\u00f6y on an area of 10.000 m2 in K\u00f6seler Village in Dilovas\u0131.<\/p><p>In 2016, in order to maintain the dynamics in the market, in order to be close to its customers, it started operating as a sales office and also a warehouse (2,000 m2) in the IPKAS Industrial Estate in the \u0130kitelli district of Istanbul.<\/p>\t\t\t\t\t\t<\/div>\n\t\t\t\t<\/div>\n\t\t\t\t\t<\/div>\n\t\t<\/div>\n\t\t\t\t\t\t\t<\/div>\n\t\t<\/section>\n\t\t\t\t<section class=\"elementor-section elementor-top-section elementor-element elementor-element-989c881 elementor-section-boxed elementor-section-height-default elementor-section-height-default row-top\" data-id=\"989c881\" data-element_type=\"section\">\n\t\t\t\t\t\t<div class=\"elementor-container elementor-column-gap-default\">\n\t\t\t\t\t<div class=\"elementor-column elementor-col-100 elementor-top-column elementor-element elementor-element-7f92bd5 column-style-top\" data-id=\"7f92bd5\" data-element_type=\"column\">\n\t\t\t<div class=\"elementor-widget-wrap elementor-element-populated\">\n\t\t\t\t\t\t\t\t<section class=\"elementor-section elementor-inner-section elementor-element elementor-element-ae77e0d elementor-section-boxed elementor-section-height-default elementor-section-height-default row-top\" data-id=\"ae77e0d\" data-element_type=\"section\">\n\t\t\t\t\t\t<div class=\"elementor-container elementor-column-gap-default\">\n\t\t\t\t\t<div class=\"elementor-column elementor-col-100 elementor-inner-column elementor-element elementor-element-943a040 column-style-top\" data-id=\"943a040\" data-element_type=\"column\">\n\t\t\t<div class=\"elementor-widget-wrap elementor-element-populated\">\n\t\t\t\t\t\t\t\t<div class=\"elementor-element elementor-element-ecff7d1 elementor-widget elementor-widget-text-editor\" data-id=\"ecff7d1\" data-element_type=\"widget\" data-widget_type=\"text-editor.default\">\n\t\t\t\t<div class=\"elementor-widget-container\">\n\t\t\t\t\t\t\t<div style=\"text-align: justify;\"><p>\u201cGarantiplast Recycling Industry and Trade Inc, which has a total size of 15,000 m2, including a closed area of 10,000 m2 in the Izmit Kartepe region, decided to merge its growing structure in the 6th month of 2019 and it has started to carry out its activities under its roof.<sup>2<\/sup> kapal\u0131 alan olmak \u00fczere toplam 15.000 m<sup>2<\/sup> b\u00fcy\u00fckl\u00fc\u011f\u00fcndeki Garantiplast Geri D\u00f6n\u00fc\u015f\u00fcm Sanayi ve Ticaret A. \u015e. \u00e7at\u0131s\u0131 alt\u0131nda faaliyetlerini y\u00fcr\u00fctmeye ba\u015flam\u0131\u015ft\u0131r.<\/p><p>Garanti Recycling, which is the first in the recycling sector, has carried out laser filter supplements on production lines in order to make quality production by increasing its granule production capacity to 24,000 tons per year and allocating a large part of its production for export. It has integrated underwater cutting lines into its system by bringing its technology to be used in recycling lines for the first time in Turkey.<\/p><p>Many varieties that have not been presented to the market of today's Turkey in sectoral terms; quality, high technology, and self-confident functional design since 2015, the company has been growing its export department and continues to take part in domestic and international fair organizations. It contributes to the national economy by devoting 35% of its production to exports.<\/p><p>At the beginning of 2021, the investment of the wood recycling plant in Gebze was completed, and the products obtained from wood recycling are supplied to biomass power plants and integrated facilities.<\/p><p>Garanti Recycling, which produces with the goal of competitive cost structure, ideal investment strategy and perspective, has become the solution partner of many manufacturers in the corporate and institutionalization process in Turkey and around the world in a short time in the field of packaging and production waste.<\/p><p>Thanks to its wide product range, dynamic and high-performing structure in the national and international market, Garanti Recycling contributes to the brand value of the institutions it serves thanks to its \u201cProduct-Specific Design\u201d approach.<\/p><p>Garanti Recycling, which provides product systems and solutions for \u201cGranular Raw Materials\u201d required in many sectors such as film, injection molding and packaging, has determined quality and customer satisfaction as an indispensable basic principle. Within this scope; It has an RCS certificate that is used for recycled raw materials and addresses the social and environmental aspects of production, inputs, processes and quality compliance with legal regulations.<\/p><p>Garanti Recycling, which respects not only its customers but also its employees, suppliers and the social environment in which it is located, continues to develop its pioneering company identity in the national market in order to make its claim to reach the international dimension a reality thanks to the work discipline that it does not compromise.<\/p><\/div>\t\t\t\t\t\t<\/div>\n\t\t\t\t<\/div>\n\t\t\t\t\t<\/div>\n\t\t<\/div>\n\t\t\t\t\t\t\t<\/div>\n\t\t<\/section>\n\t\t\t\t\t<\/div>\n\t\t<\/div>\n\t\t\t\t\t\t\t<\/div>\n\t\t<\/section>\n\t\t\t\t\t\t<\/div>\n\t\t\t\t\t<\/div>","protected":false},"excerpt":{"rendered":"<p>Garanti Geri D\u00f6n\u00fc\u015f\u00fcm Hakk\u0131m\u0131zda Garanti Geri D\u00f6n\u00fc\u015f\u00fcm 2005 y\u0131l\u0131nda kurulmu\u015ftur. Gen\u00e7 ya\u015f\u0131na kar\u015f\u0131n deneyimli y\u00f6neticiler ve ekip \u00e7al\u0131\u015fmas\u0131ndan \u00f6d\u00fcn vermeyen \u00e7al\u0131\u015fanlar\u0131yla uluslararas\u0131 \u201ctercih edilir\u201d bir marka olma yolunda ilerleyen firmam\u0131z, [&hellip;]<\/p>","protected":false},"author":1,"featured_media":0,"parent":0,"menu_order":0,"comment_status":"closed","ping_status":"closed","template":"","meta":{"inline_featured_image":false},"_links":{"self":[{"href":"https:\/\/garantigeridonusum.com\/en\/wp-json\/wp\/v2\/pages\/1239"}],"collection":[{"href":"https:\/\/garantigeridonusum.com\/en\/wp-json\/wp\/v2\/pages"}],"about":[{"href":"https:\/\/garantigeridonusum.com\/en\/wp-json\/wp\/v2\/types\/page"}],"author":[{"embeddable":true,"href":"https:\/\/garantigeridonusum.com\/en\/wp-json\/wp\/v2\/users\/1"}],"replies":[{"embeddable":true,"href":"https:\/\/garantigeridonusum.com\/en\/wp-json\/wp\/v2\/comments?post=1239"}],"version-history":[{"count":60,"href":"https:\/\/garantigeridonusum.com\/en\/wp-json\/wp\/v2\/pages\/1239\/revisions"}],"predecessor-version":[{"id":2633,"href":"https:\/\/garantigeridonusum.com\/en\/wp-json\/wp\/v2\/pages\/1239\/revisions\/2633"}],"wp:attachment":[{"href":"https:\/\/garantigeridonusum.com\/en\/wp-json\/wp\/v2\/media?parent=1239"}],"curies":[{"name":"wp","href":"https:\/\/api.w.org\/{rel}","templated":true}]}}